{"id":94,"date":"2025-03-05T09:47:26","date_gmt":"2025-03-05T08:47:26","guid":{"rendered":"https:\/\/strateg-it.fr\/?page_id=94"},"modified":"2025-03-05T09:47:26","modified_gmt":"2025-03-05T08:47:26","slug":"diu-de-myologie","status":"publish","type":"page","link":"https:\/\/strateg-it.fr\/index.php\/diu-de-myologie\/","title":{"rendered":"DIU de Myologie"},"content":{"rendered":"<div class=\"wp-block-image\">\n<figure class=\"aligncenter size-full\"><img loading=\"lazy\" decoding=\"async\" width=\"670\" height=\"200\" src=\"https:\/\/strateg-it.fr\/wp-content\/uploads\/2025\/03\/Banniere-formation-DIU-de-Myologie-Institut-de-Myologie-2023-670x200-1.jpg\" alt=\"\" class=\"wp-image-97\" srcset=\"https:\/\/strateg-it.fr\/wp-content\/uploads\/2025\/03\/Banniere-formation-DIU-de-Myologie-Institut-de-Myologie-2023-670x200-1.jpg 670w, https:\/\/strateg-it.fr\/wp-content\/uploads\/2025\/03\/Banniere-formation-DIU-de-Myologie-Institut-de-Myologie-2023-670x200-1-300x90.jpg 300w\" sizes=\"auto, (max-width: 670px) 100vw, 670px\" \/><figcaption class=\"wp-element-caption\">Cours magistral dispens\u00e9 dans le cadre du DIU de Myologie, sous la responsabilit\u00e9 du Dr Guillaume Bassez<\/figcaption><\/figure>\n<\/div>\n\n\n<p><strong>Dans le cadre d\u2019un partenariat, Sorbonne Universit\u00e9 (anciennement UPMC) et l\u2019AFM-T\u00e9l\u00e9thon ont cr\u00e9\u00e9 une formation universitaire dont les enseignements ont d\u00e9but\u00e9 lors de l\u2019ouverture de l\u2019Institut de Myologie en 1996. Son recrutement a \u00e9t\u00e9 national d\u00e8s le d\u00e9but, aussi en juin 2000, ce DU a \u00e9t\u00e9 transform\u00e9 en dipl\u00f4me inter-universitaire (DIU), associant actuellement Sorbonne Universit\u00e9 et l\u2019universit\u00e9 d\u2019Aix-Marseille-II.<br>Les responsables de cet enseignement sont le Dr Guillaume Bassez, Gis\u00e8le Bonne, PhD, et le Pr Shahram Attarian.<\/strong><\/p>\n\n\n\n<p>Les progr\u00e8s rapides de la recherche, le renouveau des concepts, l\u2019\u00e9volution de la prise en charge des malades font d\u00e9sormais de la Myologie un champ bien diff\u00e9renci\u00e9 de la m\u00e9decine. Le Dipl\u00f4me Inter-Universitaire de Myologie est unique en France.<\/p>\n\n\n\n<h1 class=\"wp-block-heading\">Objectifs<\/h1>\n\n\n\n<p>L\u2019objectif de l\u2019enseignement est d\u2019apporter aux \u00e9tudiants une vision coh\u00e9rente, structur\u00e9e et moderne de la Myologie dans ses bases anatomo-physiologiques, sa pratique clinique, ses explorations compl\u00e9mentaires et ses d\u00e9veloppements en termes de recherche.<\/p>\n\n\n\n<h1 class=\"wp-block-heading\">Programme<\/h1>\n\n\n\n<ul class=\"wp-block-list\">\n<li><strong>Modules d\u2019enseignements comprenant<br><\/strong>. Cours magistraux<br>. Sessions interactives bas\u00e9es sur la p\u00e9dagogie invers\u00e9e : Mise \u00e0 disposition des cours (diaporamas et enregistrements) en amont pour pr\u00e9parer les sessions. \/ Lors de la session : observations cliniques, actualit\u00e9s scientifiques, \u00e9valuation des connaissances, s\u00e9minaires \u00e9tudiants. \/ Atelier pratique organis\u00e9 \u00e0 l\u2019Institut de Myologie \u00e0 Paris (facultatif)<\/li>\n\n\n\n<li><strong>Un m\u00e9moire<\/strong>\u00a0au sein d\u2019une \u00e9quipe clinique ou d\u2019un laboratoire de biologie fondamentale. Diff\u00e9rentes possibilit\u00e9s sont envisageables, les modalit\u00e9s seront \u00e0 pr\u00e9ciser pour chaque \u00e9tudiant avec les coordinateurs du DIU. Une session scientifique de soutenance des m\u00e9moires est organis\u00e9e au mois d\u2019octobre.<\/li>\n<\/ul>\n\n\n\n<h1 class=\"wp-block-heading\">Modalit\u00e9s de formation<\/h1>\n\n\n\n<ul class=\"wp-block-list\">\n<li><strong>D\u00e9but des enseignements : jeudi 5 d\u00e9cembre 2024<\/strong><\/li>\n\n\n\n<li><strong>Dur\u00e9e de l\u2019enseignement : 96 h,\u00a012 modules<\/strong>, les jeudi et vendredi de d\u00e9cembre \u00e0 mai \u2013 assiduit\u00e9 obligatoire en distanciel et\/ou en pr\u00e9sentiel<\/li>\n\n\n\n<li><strong>Formation pratique<\/strong>\u00a0: m\u00e9moire dans un d\u00e9partement de clinique, de biologie ou de pathologie neuromusculaire<\/li>\n\n\n\n<li><strong>Lieux :\u00a0les cours auront lieu<\/strong>\u00a0<strong>en format hybride (Visio-conf\u00e9rence et pr\u00e9sentiel).<br>Concernant le pr\u00e9sentiel<\/strong>, les cours se tiendront \u00e0 l\u2019Institut de Myologie de Paris ou \u00e0 l\u2019h\u00f4pital de la Timone \u00e0 Marseille.<\/li>\n\n\n\n<li><strong>Acc\u00e8s aux cours :<\/strong>\u00a0apr\u00e8s confirmation de votre inscription \u00e0 Sorbonne Universit\u00e9 ou \u00e0 l\u2019Universit\u00e9 Aix-Marseille, vous recevrez un\u00a0<strong>code qui vous donnera acc\u00e8s \u00e0 une plateforme en ligne comprenant les ressources p\u00e9dagogiques et les vid\u00e9os des cours<\/strong>\u00a0(acc\u00e8s s\u00e9curis\u00e9)<\/li>\n<\/ul>\n\n\n\n<h1 class=\"wp-block-heading\">Modalit\u00e9s d\u2019\u00e9valuation<\/h1>\n\n\n\n<p><strong>Validation des acquis au terme de l\u2019ann\u00e9e universitaire<\/strong><\/p>\n\n\n\n<ul class=\"wp-block-list\">\n<li>Examen \u00e9crit en juin, obligatoire<\/li>\n\n\n\n<li>Soutenance des m\u00e9moires, si admissible, en octobre<\/li>\n<\/ul>\n\n\n\n<h1 class=\"wp-block-heading\">Candidatures<\/h1>\n\n\n\n<p>Cette formation dispens\u00e9e en fran\u00e7ais est ouverte aux m\u00e9decins, chercheurs, \u00e9tudiants en m\u00e9decine ou en biologie ayant valid\u00e9 le 2\u00e8me cycle d\u2019\u00e9tudes sup\u00e9rieures (Master 2, Doctorants, Post-doc, Internes), fran\u00e7ais et \u00e9trangers. Tout autre candidat int\u00e9ress\u00e9 par cette formation pourra contacter les responsables de l\u2019enseignement.<\/p>\n\n\n\n<p>Pour candidater, envoyez un&nbsp;<strong>CV<\/strong>&nbsp;et une&nbsp;<strong>lettre de motivation<\/strong>&nbsp;\u00e0&nbsp;<a href=\"mailto:diumyologie@institut-myologie.org\">diumyologie@institut-myologie.org<\/a><\/p>\n\n\n\n<p>Votre candidature sera alors \u00e9tudi\u00e9e par les responsables de la formation et la d\u00e9cision concernant votre candidature vous sera communiqu\u00e9e par mail. Si besoin, afin de v\u00e9rifier l\u2019ad\u00e9quation de votre profil avec la formation, un entretien avec les responsables pourra vous \u00eatre propos\u00e9. Si votre candidature est retenue, les informations permettant votre inscription \u00e0 la facult\u00e9 vous seront transmises.<\/p>\n\n\n\n<h1 class=\"wp-block-heading\">Inscriptions<\/h1>\n\n\n\n<ul class=\"wp-block-list\">\n<li><strong>Cl\u00f4ture des candidatures le 31 octobre 2024<\/strong><\/li>\n\n\n\n<li>Inscription aupr\u00e8s de Sorbonne Universit\u00e9 ou de l\u2019Universit\u00e9 Aix-Marseille (modalit\u00e9s communiqu\u00e9es si candidature retenue)<\/li>\n\n\n\n<li>Pour information, montant des droits :<br>. Formation Universitaire Junior : 530 \u20ac<br><em>\u00c9tudiants en formation initiale sans interruption d\u2019\u00e9tudes, inscrits en DN ou DE (hors DU-DIU) pour l\u2019ann\u00e9e en cours ou dipl\u00f4m\u00e9s de moins de 2 ans<\/em><br>. Formation Continue Individuelle (FCI) : 1 300 \u20ac<br><em>Lib\u00e9raux, salari\u00e9s et individuels non pris en charge<\/em><br>. Formation Continue Employeur (FCE) : 1 620 \u20ac<br><em>Demandeurs d\u2019emploi et salari\u00e9s avec prise en charge financi\u00e8re<\/em><\/li>\n<\/ul>\n\n\n\n<h1 class=\"wp-block-heading\">Renseignements<\/h1>\n\n\n\n<p>Institut de Myologie AIM<br>Groupe Hospitalier Piti\u00e9-Salp\u00eatri\u00e8re<br>B\u00e2timent Babinski<br>47 \u2013 83 bd de l\u2019H\u00f4pital \u2013 75013 Paris<\/p>\n\n\n\n<p>T\u00e9l\u00e9phone : 01 42 16 37 91 \u2013&nbsp;01 42 16 57 32<br>Contacts e-mail :&nbsp;<a href=\"mailto:diumyologie@institut-myologie.org\">diumyologie@institut-myologie.org<\/a><\/p>\n\n\n<div class=\"wp-block-image\">\n<figure class=\"alignleft size-full\"><img loading=\"lazy\" decoding=\"async\" width=\"325\" height=\"146\" src=\"https:\/\/strateg-it.fr\/wp-content\/uploads\/2025\/03\/logo_SANTE_horiz_RVB_6x-e1705998950407-325x146-1.png\" alt=\"\" class=\"wp-image-95\" srcset=\"https:\/\/strateg-it.fr\/wp-content\/uploads\/2025\/03\/logo_SANTE_horiz_RVB_6x-e1705998950407-325x146-1.png 325w, https:\/\/strateg-it.fr\/wp-content\/uploads\/2025\/03\/logo_SANTE_horiz_RVB_6x-e1705998950407-325x146-1-300x135.png 300w\" sizes=\"auto, (max-width: 325px) 100vw, 325px\" \/><\/figure>\n<\/div>\n\n<div class=\"wp-block-image\">\n<figure class=\"alignright size-full\"><img loading=\"lazy\" decoding=\"async\" width=\"325\" height=\"111\" src=\"https:\/\/strateg-it.fr\/wp-content\/uploads\/2025\/03\/DIRCOM-Logo_AMU_CMJN-325x111-1.png\" alt=\"\" class=\"wp-image-96\" srcset=\"https:\/\/strateg-it.fr\/wp-content\/uploads\/2025\/03\/DIRCOM-Logo_AMU_CMJN-325x111-1.png 325w, https:\/\/strateg-it.fr\/wp-content\/uploads\/2025\/03\/DIRCOM-Logo_AMU_CMJN-325x111-1-300x102.png 300w\" sizes=\"auto, (max-width: 325px) 100vw, 325px\" \/><\/figure>\n<\/div>","protected":false},"excerpt":{"rendered":"<p>Dans le cadre d\u2019un partenariat, Sorbonne Universit\u00e9 (anciennement UPMC) et l\u2019AFM-T\u00e9l\u00e9thon ont cr\u00e9\u00e9 une formation universitaire dont les enseignements ont d\u00e9but\u00e9 lors de l\u2019ouverture de l\u2019Institut de Myologie en 1996. Son recrutement a \u00e9t\u00e9 national d\u00e8s le d\u00e9but, aussi en juin 2000, ce DU a \u00e9t\u00e9 transform\u00e9 en dipl\u00f4me inter-universitaire (DIU), associant actuellement Sorbonne Universit\u00e9 [&hellip;]<\/p>\n","protected":false},"author":1,"featured_media":0,"parent":0,"menu_order":0,"comment_status":"closed","ping_status":"closed","template":"","meta":{"ocean_post_layout":"","ocean_both_sidebars_style":"","ocean_both_sidebars_content_width":0,"ocean_both_sidebars_sidebars_width":0,"ocean_sidebar":"","ocean_second_sidebar":"","ocean_disable_margins":"enable","ocean_add_body_class":"","ocean_shortcode_before_top_bar":"","ocean_shortcode_after_top_bar":"","ocean_shortcode_before_header":"","ocean_shortcode_after_header":"","ocean_has_shortcode":"","ocean_shortcode_after_title":"","ocean_shortcode_before_footer_widgets":"","ocean_shortcode_after_footer_widgets":"","ocean_shortcode_before_footer_bottom":"","ocean_shortcode_after_footer_bottom":"","ocean_display_top_bar":"default","ocean_display_header":"default","ocean_header_style":"","ocean_center_header_left_menu":"","ocean_custom_header_template":"","ocean_custom_logo":0,"ocean_custom_retina_logo":0,"ocean_custom_logo_max_width":0,"ocean_custom_logo_tablet_max_width":0,"ocean_custom_logo_mobile_max_width":0,"ocean_custom_logo_max_height":0,"ocean_custom_logo_tablet_max_height":0,"ocean_custom_logo_mobile_max_height":0,"ocean_header_custom_menu":"","ocean_menu_typo_font_family":"","ocean_menu_typo_font_subset":"","ocean_menu_typo_font_size":0,"ocean_menu_typo_font_size_tablet":0,"ocean_menu_typo_font_size_mobile":0,"ocean_menu_typo_font_size_unit":"px","ocean_menu_typo_font_weight":"","ocean_menu_typo_font_weight_tablet":"","ocean_menu_typo_font_weight_mobile":"","ocean_menu_typo_transform":"","ocean_menu_typo_transform_tablet":"","ocean_menu_typo_transform_mobile":"","ocean_menu_typo_line_height":0,"ocean_menu_typo_line_height_tablet":0,"ocean_menu_typo_line_height_mobile":0,"ocean_menu_typo_line_height_unit":"","ocean_menu_typo_spacing":0,"ocean_menu_typo_spacing_tablet":0,"ocean_menu_typo_spacing_mobile":0,"ocean_menu_typo_spacing_unit":"","ocean_menu_link_color":"","ocean_menu_link_color_hover":"","ocean_menu_link_color_active":"","ocean_menu_link_background":"","ocean_menu_link_hover_background":"","ocean_menu_link_active_background":"","ocean_menu_social_links_bg":"","ocean_menu_social_hover_links_bg":"","ocean_menu_social_links_color":"","ocean_menu_social_hover_links_color":"","ocean_disable_title":"default","ocean_disable_heading":"default","ocean_post_title":"","ocean_post_subheading":"","ocean_post_title_style":"","ocean_post_title_background_color":"","ocean_post_title_background":0,"ocean_post_title_bg_image_position":"","ocean_post_title_bg_image_attachment":"","ocean_post_title_bg_image_repeat":"","ocean_post_title_bg_image_size":"","ocean_post_title_height":0,"ocean_post_title_bg_overlay":0.5,"ocean_post_title_bg_overlay_color":"","ocean_disable_breadcrumbs":"default","ocean_breadcrumbs_color":"","ocean_breadcrumbs_separator_color":"","ocean_breadcrumbs_links_color":"","ocean_breadcrumbs_links_hover_color":"","ocean_display_footer_widgets":"default","ocean_display_footer_bottom":"default","ocean_custom_footer_template":"","footnotes":""},"class_list":["post-94","page","type-page","status-publish","hentry","entry"],"yoast_head":"<!-- This site is optimized with the Yoast SEO plugin v26.9 - https:\/\/yoast.com\/product\/yoast-seo-wordpress\/ -->\n<title>DIU de Myologie - Institut de Myologie<\/title>\n<meta name=\"robots\" content=\"index, follow, max-snippet:-1, max-image-preview:large, max-video-preview:-1\" \/>\n<link rel=\"canonical\" href=\"https:\/\/strateg-it.fr\/index.php\/diu-de-myologie\/\" \/>\n<meta property=\"og:locale\" content=\"fr_FR\" \/>\n<meta property=\"og:type\" content=\"article\" \/>\n<meta property=\"og:title\" content=\"DIU de Myologie - Institut de Myologie\" \/>\n<meta property=\"og:description\" content=\"Dans le cadre d\u2019un partenariat, Sorbonne Universit\u00e9 (anciennement UPMC) et l\u2019AFM-T\u00e9l\u00e9thon ont cr\u00e9\u00e9 une formation universitaire dont les enseignements ont d\u00e9but\u00e9 lors de l\u2019ouverture de l\u2019Institut de Myologie en 1996. Son recrutement a \u00e9t\u00e9 national d\u00e8s le d\u00e9but, aussi en juin 2000, ce DU a \u00e9t\u00e9 transform\u00e9 en dipl\u00f4me inter-universitaire (DIU), associant actuellement Sorbonne Universit\u00e9 [&hellip;]\" \/>\n<meta property=\"og:url\" content=\"https:\/\/strateg-it.fr\/index.php\/diu-de-myologie\/\" \/>\n<meta property=\"og:site_name\" content=\"Institut de Myologie\" \/>\n<meta property=\"og:image\" content=\"https:\/\/strateg-it.fr\/wp-content\/uploads\/2025\/03\/Banniere-formation-DIU-de-Myologie-Institut-de-Myologie-2023-670x200-1.jpg\" \/>\n<meta name=\"twitter:card\" content=\"summary_large_image\" \/>\n<meta name=\"twitter:label1\" content=\"Dur\u00e9e de lecture estim\u00e9e\" \/>\n\t<meta name=\"twitter:data1\" content=\"4 minutes\" \/>\n<script type=\"application\/ld+json\" class=\"yoast-schema-graph\">{\"@context\":\"https:\/\/schema.org\",\"@graph\":[{\"@type\":\"WebPage\",\"@id\":\"https:\/\/strateg-it.fr\/index.php\/diu-de-myologie\/\",\"url\":\"https:\/\/strateg-it.fr\/index.php\/diu-de-myologie\/\",\"name\":\"DIU de Myologie - Institut de Myologie\",\"isPartOf\":{\"@id\":\"https:\/\/strateg-it.fr\/#website\"},\"primaryImageOfPage\":{\"@id\":\"https:\/\/strateg-it.fr\/index.php\/diu-de-myologie\/#primaryimage\"},\"image\":{\"@id\":\"https:\/\/strateg-it.fr\/index.php\/diu-de-myologie\/#primaryimage\"},\"thumbnailUrl\":\"https:\/\/strateg-it.fr\/wp-content\/uploads\/2025\/03\/Banniere-formation-DIU-de-Myologie-Institut-de-Myologie-2023-670x200-1.jpg\",\"datePublished\":\"2025-03-05T08:47:26+00:00\",\"breadcrumb\":{\"@id\":\"https:\/\/strateg-it.fr\/index.php\/diu-de-myologie\/#breadcrumb\"},\"inLanguage\":\"fr-FR\",\"potentialAction\":[{\"@type\":\"ReadAction\",\"target\":[\"https:\/\/strateg-it.fr\/index.php\/diu-de-myologie\/\"]}]},{\"@type\":\"ImageObject\",\"inLanguage\":\"fr-FR\",\"@id\":\"https:\/\/strateg-it.fr\/index.php\/diu-de-myologie\/#primaryimage\",\"url\":\"https:\/\/strateg-it.fr\/wp-content\/uploads\/2025\/03\/Banniere-formation-DIU-de-Myologie-Institut-de-Myologie-2023-670x200-1.jpg\",\"contentUrl\":\"https:\/\/strateg-it.fr\/wp-content\/uploads\/2025\/03\/Banniere-formation-DIU-de-Myologie-Institut-de-Myologie-2023-670x200-1.jpg\",\"width\":670,\"height\":200,\"caption\":\"Cours magistral dispens\u00e9 dans le cadre du DIU de Myologie, sous la responsabilit\u00e9 du Dr Guillaume Bassez\"},{\"@type\":\"BreadcrumbList\",\"@id\":\"https:\/\/strateg-it.fr\/index.php\/diu-de-myologie\/#breadcrumb\",\"itemListElement\":[{\"@type\":\"ListItem\",\"position\":1,\"name\":\"Accueil\",\"item\":\"https:\/\/strateg-it.fr\/\"},{\"@type\":\"ListItem\",\"position\":2,\"name\":\"DIU de Myologie\"}]},{\"@type\":\"WebSite\",\"@id\":\"https:\/\/strateg-it.fr\/#website\",\"url\":\"https:\/\/strateg-it.fr\/\",\"name\":\"Institut de Myologie\",\"description\":\"\",\"publisher\":{\"@id\":\"https:\/\/strateg-it.fr\/#organization\"},\"potentialAction\":[{\"@type\":\"SearchAction\",\"target\":{\"@type\":\"EntryPoint\",\"urlTemplate\":\"https:\/\/strateg-it.fr\/?s={search_term_string}\"},\"query-input\":{\"@type\":\"PropertyValueSpecification\",\"valueRequired\":true,\"valueName\":\"search_term_string\"}}],\"inLanguage\":\"fr-FR\"},{\"@type\":\"Organization\",\"@id\":\"https:\/\/strateg-it.fr\/#organization\",\"name\":\"Institut de Myologie\",\"url\":\"https:\/\/strateg-it.fr\/\",\"logo\":{\"@type\":\"ImageObject\",\"inLanguage\":\"fr-FR\",\"@id\":\"https:\/\/strateg-it.fr\/#\/schema\/logo\/image\/\",\"url\":\"https:\/\/strateg-it.fr\/wp-content\/uploads\/2025\/03\/cropped-cropped-logoAIM-3.png\",\"contentUrl\":\"https:\/\/strateg-it.fr\/wp-content\/uploads\/2025\/03\/cropped-cropped-logoAIM-3.png\",\"width\":164,\"height\":45,\"caption\":\"Institut de Myologie\"},\"image\":{\"@id\":\"https:\/\/strateg-it.fr\/#\/schema\/logo\/image\/\"}}]}<\/script>\n<!-- \/ Yoast SEO plugin. -->","yoast_head_json":{"title":"DIU de Myologie - Institut de Myologie","robots":{"index":"index","follow":"follow","max-snippet":"max-snippet:-1","max-image-preview":"max-image-preview:large","max-video-preview":"max-video-preview:-1"},"canonical":"https:\/\/strateg-it.fr\/index.php\/diu-de-myologie\/","og_locale":"fr_FR","og_type":"article","og_title":"DIU de Myologie - Institut de Myologie","og_description":"Dans le cadre d\u2019un partenariat, Sorbonne Universit\u00e9 (anciennement UPMC) et l\u2019AFM-T\u00e9l\u00e9thon ont cr\u00e9\u00e9 une formation universitaire dont les enseignements ont d\u00e9but\u00e9 lors de l\u2019ouverture de l\u2019Institut de Myologie en 1996. Son recrutement a \u00e9t\u00e9 national d\u00e8s le d\u00e9but, aussi en juin 2000, ce DU a \u00e9t\u00e9 transform\u00e9 en dipl\u00f4me inter-universitaire (DIU), associant actuellement Sorbonne Universit\u00e9 [&hellip;]","og_url":"https:\/\/strateg-it.fr\/index.php\/diu-de-myologie\/","og_site_name":"Institut de Myologie","og_image":[{"url":"https:\/\/strateg-it.fr\/wp-content\/uploads\/2025\/03\/Banniere-formation-DIU-de-Myologie-Institut-de-Myologie-2023-670x200-1.jpg","type":"","width":"","height":""}],"twitter_card":"summary_large_image","twitter_misc":{"Dur\u00e9e de lecture estim\u00e9e":"4 minutes"},"schema":{"@context":"https:\/\/schema.org","@graph":[{"@type":"WebPage","@id":"https:\/\/strateg-it.fr\/index.php\/diu-de-myologie\/","url":"https:\/\/strateg-it.fr\/index.php\/diu-de-myologie\/","name":"DIU de Myologie - Institut de Myologie","isPartOf":{"@id":"https:\/\/strateg-it.fr\/#website"},"primaryImageOfPage":{"@id":"https:\/\/strateg-it.fr\/index.php\/diu-de-myologie\/#primaryimage"},"image":{"@id":"https:\/\/strateg-it.fr\/index.php\/diu-de-myologie\/#primaryimage"},"thumbnailUrl":"https:\/\/strateg-it.fr\/wp-content\/uploads\/2025\/03\/Banniere-formation-DIU-de-Myologie-Institut-de-Myologie-2023-670x200-1.jpg","datePublished":"2025-03-05T08:47:26+00:00","breadcrumb":{"@id":"https:\/\/strateg-it.fr\/index.php\/diu-de-myologie\/#breadcrumb"},"inLanguage":"fr-FR","potentialAction":[{"@type":"ReadAction","target":["https:\/\/strateg-it.fr\/index.php\/diu-de-myologie\/"]}]},{"@type":"ImageObject","inLanguage":"fr-FR","@id":"https:\/\/strateg-it.fr\/index.php\/diu-de-myologie\/#primaryimage","url":"https:\/\/strateg-it.fr\/wp-content\/uploads\/2025\/03\/Banniere-formation-DIU-de-Myologie-Institut-de-Myologie-2023-670x200-1.jpg","contentUrl":"https:\/\/strateg-it.fr\/wp-content\/uploads\/2025\/03\/Banniere-formation-DIU-de-Myologie-Institut-de-Myologie-2023-670x200-1.jpg","width":670,"height":200,"caption":"Cours magistral dispens\u00e9 dans le cadre du DIU de Myologie, sous la responsabilit\u00e9 du Dr Guillaume Bassez"},{"@type":"BreadcrumbList","@id":"https:\/\/strateg-it.fr\/index.php\/diu-de-myologie\/#breadcrumb","itemListElement":[{"@type":"ListItem","position":1,"name":"Accueil","item":"https:\/\/strateg-it.fr\/"},{"@type":"ListItem","position":2,"name":"DIU de Myologie"}]},{"@type":"WebSite","@id":"https:\/\/strateg-it.fr\/#website","url":"https:\/\/strateg-it.fr\/","name":"Institut de Myologie","description":"","publisher":{"@id":"https:\/\/strateg-it.fr\/#organization"},"potentialAction":[{"@type":"SearchAction","target":{"@type":"EntryPoint","urlTemplate":"https:\/\/strateg-it.fr\/?s={search_term_string}"},"query-input":{"@type":"PropertyValueSpecification","valueRequired":true,"valueName":"search_term_string"}}],"inLanguage":"fr-FR"},{"@type":"Organization","@id":"https:\/\/strateg-it.fr\/#organization","name":"Institut de Myologie","url":"https:\/\/strateg-it.fr\/","logo":{"@type":"ImageObject","inLanguage":"fr-FR","@id":"https:\/\/strateg-it.fr\/#\/schema\/logo\/image\/","url":"https:\/\/strateg-it.fr\/wp-content\/uploads\/2025\/03\/cropped-cropped-logoAIM-3.png","contentUrl":"https:\/\/strateg-it.fr\/wp-content\/uploads\/2025\/03\/cropped-cropped-logoAIM-3.png","width":164,"height":45,"caption":"Institut de Myologie"},"image":{"@id":"https:\/\/strateg-it.fr\/#\/schema\/logo\/image\/"}}]}},"_links":{"self":[{"href":"https:\/\/strateg-it.fr\/index.php\/wp-json\/wp\/v2\/pages\/94","targetHints":{"allow":["GET"]}}],"collection":[{"href":"https:\/\/strateg-it.fr\/index.php\/wp-json\/wp\/v2\/pages"}],"about":[{"href":"https:\/\/strateg-it.fr\/index.php\/wp-json\/wp\/v2\/types\/page"}],"author":[{"embeddable":true,"href":"https:\/\/strateg-it.fr\/index.php\/wp-json\/wp\/v2\/users\/1"}],"replies":[{"embeddable":true,"href":"https:\/\/strateg-it.fr\/index.php\/wp-json\/wp\/v2\/comments?post=94"}],"version-history":[{"count":1,"href":"https:\/\/strateg-it.fr\/index.php\/wp-json\/wp\/v2\/pages\/94\/revisions"}],"predecessor-version":[{"id":98,"href":"https:\/\/strateg-it.fr\/index.php\/wp-json\/wp\/v2\/pages\/94\/revisions\/98"}],"wp:attachment":[{"href":"https:\/\/strateg-it.fr\/index.php\/wp-json\/wp\/v2\/media?parent=94"}],"curies":[{"name":"wp","href":"https:\/\/api.w.org\/{rel}","templated":true}]}}