{"id":70,"date":"2025-03-05T09:36:12","date_gmt":"2025-03-05T08:36:12","guid":{"rendered":"https:\/\/strateg-it.fr\/?page_id=70"},"modified":"2025-03-05T09:36:44","modified_gmt":"2025-03-05T08:36:44","slug":"equipe-1-genetique-et-physiopathologie-des-mnm-liees-a-la-matrice-extracellulaire-et-au-noyau","status":"publish","type":"page","link":"https:\/\/strateg-it.fr\/index.php\/equipe-1-genetique-et-physiopathologie-des-mnm-liees-a-la-matrice-extracellulaire-et-au-noyau\/","title":{"rendered":"\u00c9quipe 1 &#8211; G\u00e9n\u00e9tique et physiopathologie des MNM li\u00e9es \u00e0 la matrice extracellulaire et au noyau"},"content":{"rendered":"\n<p><strong>Responsable : Gis\u00e8le Bonne<\/strong><\/p>\n\n\n\n<p>Les th\u00e8mes de recherche de l\u2019\u00e9quipe se concentrent sur 2 groupes de maladies neuromusculaires (MNM) :&nbsp;<strong>les myopathies dues aux anomalies de la Myomatrice<\/strong>&nbsp;[collag\u00e8ne de type VI &amp; maladies de la matrice extracellulaire (<a href=\"https:\/\/www.ncbi.nlm.nih.gov\/pubmed\/21943391\" target=\"_blank\" rel=\"noreferrer noopener\">Allamand et al. 2011, Skelet Muscle<\/a>; groupe de V Allamand]&nbsp;<strong>et du Myonucleus<\/strong>&nbsp;[dystrophie musculaire d\u2019Emery-Dreifuss (EDMD) &amp; autres laminopathies du muscle stri\u00e9 (SML)) dues aux mutations du g\u00e8ne&nbsp;<em>LMNA<\/em>&nbsp;codant pour des lamines de type A ou des g\u00e8nes codant pour des composants li\u00e9s \u00e0 la membrane nucl\u00e9aire (<a href=\"https:\/\/www.ncbi.nlm.nih.gov\/pubmed\/22103508\" target=\"_blank\" rel=\"noreferrer noopener\">Bertrand et al. 2011, Biochem Soc Trans<\/a>.;&nbsp;<a href=\"https:\/\/www.ncbi.nlm.nih.gov\/pubmed\/24440603\" target=\"_blank\" rel=\"noreferrer noopener\">Azibani et al. 2014, Semin Cell Dev Biol<\/a>; Groupe de G Bonne\/ AT Bertrand)]. Ces myopathies pr\u00e9sentant des r\u00e9tractions importantes partagent certaines caract\u00e9ristiques cliniques et peuvent faire l\u2019objet d\u2019un diagnostic diff\u00e9rentiel.<\/p>\n\n\n\n<p>Ces pathologies sont tr\u00e8s h\u00e9t\u00e9rog\u00e8nes, \u00e0 la fois cliniquement et g\u00e9n\u00e9tiquement, et aucun traitement n\u2019est encore disponible. Nos activit\u00e9s ant\u00e9rieures ont conduit \u00e0 l\u2019identification d\u2019anomalies g\u00e9n\u00e9tiques, au d\u00e9veloppement d\u2019outils (mod\u00e8les cellulaires et animaux) et au d\u00e9cryptage des m\u00e9canismes physiopathologiques pour une meilleure compr\u00e9hension des bases mol\u00e9culaires et l\u2019identification de cibles th\u00e9rapeutiques. De nombreux probl\u00e8mes restent non r\u00e9solus: 1) l\u2019absence de diagnostic mol\u00e9culaire pour un sous-ensemble de patients, 2) la fonction pr\u00e9cise des prot\u00e9ines impliqu\u00e9es et les m\u00e9canismes physiopathologiques sous-jacents\u2026 Plusieurs points communs (dysfonctionnement contractile, d\u00e9fauts de la m\u00e9canobiologie, fibrose\u2026) ont \u00e9t\u00e9 et sont toujours abord\u00e9s de mani\u00e8re transversale par la mise en commun de nos comp\u00e9tences sp\u00e9cifiques (enveloppe nucl\u00e9aire, nucl\u00e9oplasme, matrice extracellulaire\u2026).<\/p>\n\n\n\n<h2 class=\"wp-block-heading\">Le projet de l\u2019\u00e9quipe s\u2019articule autour de 3 axes<\/h2>\n\n\n\n<p>1.&nbsp;&nbsp;&nbsp; d\u00e9finir le spectre g\u00e9n\u00e9tique et clinique ainsi que l\u2019histoire naturelle de ces MNM ;<br>2.&nbsp;&nbsp;&nbsp; \u00e9tudier les m\u00e9canismes physiopathologiques des mutations g\u00e9niques qui induisent ces affections des muscles cardiaques et \/ ou squelettiques avec pour objectif :<br>3.&nbsp;&nbsp;&nbsp; identifier et de tester des pistes th\u00e9rapeutiques pour ces affections. Ceci est effectu\u00e9 sur du mat\u00e9riel biologique provenant de patients (ADN, ARN, cellules en culture et biopsies) ainsi que sur les divers mod\u00e8les animaux que nous avons d\u00e9velopp\u00e9s.<\/p>\n\n\n<div class=\"wp-block-image\">\n<figure class=\"aligncenter size-full\"><img loading=\"lazy\" decoding=\"async\" width=\"600\" height=\"259\" src=\"https:\/\/strateg-it.fr\/wp-content\/uploads\/2025\/03\/Equipe-Gisele-Bonne-Institut-de-Myologie-2024.jpg\" alt=\"\" class=\"wp-image-71\" srcset=\"https:\/\/strateg-it.fr\/wp-content\/uploads\/2025\/03\/Equipe-Gisele-Bonne-Institut-de-Myologie-2024.jpg 600w, https:\/\/strateg-it.fr\/wp-content\/uploads\/2025\/03\/Equipe-Gisele-Bonne-Institut-de-Myologie-2024-300x130.jpg 300w\" sizes=\"auto, (max-width: 600px) 100vw, 600px\" \/><\/figure>\n<\/div>\n\n\n<h1 class=\"wp-block-heading\">Axes de projets<\/h1>\n\n\n\n<ul class=\"wp-block-list\">\n<li><strong>Spectre clinique et g\u00e9n\u00e9tique des maladies li\u00e9es \u00e0 la Myomatrix et au Myonucleus\u00a0<\/strong>: \u00e0 l\u2019aide de techniques de s\u00e9quen\u00e7age nouvelle g\u00e9n\u00e9ration (WES, WGS, RNA-seq) nous poursuivons l\u2019identification de nouveaux g\u00e8nes et variants pour les patients orphelins du diagnostic mol\u00e9culaire en interaction \u00e9troite avec le Centre de r\u00e9f\u00e9rences pour les MNM Paris-Nord\/Est\/Ile de France (B Eymard), le r\u00e9seau\u00a0<a href=\"http:\/\/www.filnemus.fr\/\" target=\"_blank\" rel=\"noreferrer noopener\">Filnemus<\/a>, l\u2019<a href=\"https:\/\/ern-euro-nmd.eu\/\" target=\"_blank\" rel=\"noreferrer noopener\">ERN Euro-NMD<\/a>\u00a0ainsi que le consortium europ\u00e9en\u00a0<a href=\"http:\/\/solve-rd.eu\/\" target=\"_blank\" rel=\"noreferrer noopener\">Solve RD<\/a>\u00a0(H2020 grant 2018-2022). Le but de cet axe est finalement de transf\u00e9rer les connaissances acquises vers des proc\u00e9dures de diagnostic dans des laboratoires de r\u00e9f\u00e9rence (par exemple l\u2019unit\u00e9 fonctionnelle de Cardio-&amp; Myog\u00e9n\u00e9tique, H\u00f4pital de la Piti\u00e9-Salp\u00eatri\u00e8re; le laboratoire de Biochimie et &amp; de G\u00e9n\u00e9tique mol\u00e9culaire, Institut Cochin).<\/li>\n\n\n\n<li><strong>Histoire naturelle de ces maladies via des registres de patients nationaux et internationaux\u00a0<\/strong>: nous \u00e9largissons encore le recrutement \/ l\u2019inclusion de patients dans des registres nationaux et internationaux et explorons de mani\u00e8re approfondie l\u2019histoire naturelle de notre maladie d\u2019int\u00e9r\u00eat afin d\u2019identifier les r\u00e9sultats de diagnostic et de pronostic et les biomarqueurs.<\/li>\n\n\n\n<li><strong>D\u00e9crypter la structure et la fonction de la Myomatrix et du Myonucleus en sant\u00e9 et en maladie\u00a0<\/strong>: en utilisant les diff\u00e9rents mod\u00e8les cellulaires et animaux disponibles ainsi que de nouveaux mod\u00e8les, le cas \u00e9ch\u00e9ant, nous avons pour objectif de d\u00e9crypter plus avant la structure et la fonction des prot\u00e9ines actuellement connues, mais aussi des nouveaux candidats identifi\u00e9s par nos investigations, \u00e0 savoir les lamines de type A et les composants de l\u2019enveloppe nucl\u00e9aire associ\u00e9s, le collag\u00e8ne VI et les composants de la matrice extracellulaire associ\u00e9s. En particulier, les voies de signalisation et les m\u00e9canismes mol\u00e9culaires pathologiques sont \u00e9tudi\u00e9s afin d\u2019identifier des cibles th\u00e9rapeutiques pertinentes et innovantes.<\/li>\n<\/ul>\n\n\n\n<p>Ces diff\u00e9rents axes de recherche, \u00e0 vis\u00e9e translationnelle avec des b\u00e9n\u00e9fices pour le patient, nous permettent d\u2019identifier et de caract\u00e9riser de nouveaux g\u00e8nes, des spectres ph\u00e9notypiques, des m\u00e9canismes pathologiques associ\u00e9s et des cibles th\u00e9rapeutiques.<\/p>\n","protected":false},"excerpt":{"rendered":"<p>Responsable : Gis\u00e8le Bonne Les th\u00e8mes de recherche de l\u2019\u00e9quipe se concentrent sur 2 groupes de maladies neuromusculaires (MNM) :&nbsp;les myopathies dues aux anomalies de la Myomatrice&nbsp;[collag\u00e8ne de type VI &amp; maladies de la matrice extracellulaire (Allamand et al. 2011, Skelet Muscle; groupe de V Allamand]&nbsp;et du Myonucleus&nbsp;[dystrophie musculaire d\u2019Emery-Dreifuss (EDMD) &amp; autres laminopathies du [&hellip;]<\/p>\n","protected":false},"author":1,"featured_media":0,"parent":0,"menu_order":0,"comment_status":"closed","ping_status":"closed","template":"","meta":{"ocean_post_layout":"","ocean_both_sidebars_style":"","ocean_both_sidebars_content_width":0,"ocean_both_sidebars_sidebars_width":0,"ocean_sidebar":"","ocean_second_sidebar":"","ocean_disable_margins":"enable","ocean_add_body_class":"","ocean_shortcode_before_top_bar":"","ocean_shortcode_after_top_bar":"","ocean_shortcode_before_header":"","ocean_shortcode_after_header":"","ocean_has_shortcode":"","ocean_shortcode_after_title":"","ocean_shortcode_before_footer_widgets":"","ocean_shortcode_after_footer_widgets":"","ocean_shortcode_before_footer_bottom":"","ocean_shortcode_after_footer_bottom":"","ocean_display_top_bar":"default","ocean_display_header":"default","ocean_header_style":"","ocean_center_header_left_menu":"","ocean_custom_header_template":"","ocean_custom_logo":0,"ocean_custom_retina_logo":0,"ocean_custom_logo_max_width":0,"ocean_custom_logo_tablet_max_width":0,"ocean_custom_logo_mobile_max_width":0,"ocean_custom_logo_max_height":0,"ocean_custom_logo_tablet_max_height":0,"ocean_custom_logo_mobile_max_height":0,"ocean_header_custom_menu":"","ocean_menu_typo_font_family":"","ocean_menu_typo_font_subset":"","ocean_menu_typo_font_size":0,"ocean_menu_typo_font_size_tablet":0,"ocean_menu_typo_font_size_mobile":0,"ocean_menu_typo_font_size_unit":"px","ocean_menu_typo_font_weight":"","ocean_menu_typo_font_weight_tablet":"","ocean_menu_typo_font_weight_mobile":"","ocean_menu_typo_transform":"","ocean_menu_typo_transform_tablet":"","ocean_menu_typo_transform_mobile":"","ocean_menu_typo_line_height":0,"ocean_menu_typo_line_height_tablet":0,"ocean_menu_typo_line_height_mobile":0,"ocean_menu_typo_line_height_unit":"","ocean_menu_typo_spacing":0,"ocean_menu_typo_spacing_tablet":0,"ocean_menu_typo_spacing_mobile":0,"ocean_menu_typo_spacing_unit":"","ocean_menu_link_color":"","ocean_menu_link_color_hover":"","ocean_menu_link_color_active":"","ocean_menu_link_background":"","ocean_menu_link_hover_background":"","ocean_menu_link_active_background":"","ocean_menu_social_links_bg":"","ocean_menu_social_hover_links_bg":"","ocean_menu_social_links_color":"","ocean_menu_social_hover_links_color":"","ocean_disable_title":"default","ocean_disable_heading":"default","ocean_post_title":"","ocean_post_subheading":"","ocean_post_title_style":"","ocean_post_title_background_color":"","ocean_post_title_background":0,"ocean_post_title_bg_image_position":"","ocean_post_title_bg_image_attachment":"","ocean_post_title_bg_image_repeat":"","ocean_post_title_bg_image_size":"","ocean_post_title_height":0,"ocean_post_title_bg_overlay":0.5,"ocean_post_title_bg_overlay_color":"","ocean_disable_breadcrumbs":"default","ocean_breadcrumbs_color":"","ocean_breadcrumbs_separator_color":"","ocean_breadcrumbs_links_color":"","ocean_breadcrumbs_links_hover_color":"","ocean_display_footer_widgets":"default","ocean_display_footer_bottom":"default","ocean_custom_footer_template":"","footnotes":""},"class_list":["post-70","page","type-page","status-publish","hentry","entry"],"yoast_head":"<!-- This site is optimized with the Yoast SEO plugin v26.9 - https:\/\/yoast.com\/product\/yoast-seo-wordpress\/ -->\n<title>\u00c9quipe 1 - G\u00e9n\u00e9tique et physiopathologie des MNM li\u00e9es \u00e0 la matrice extracellulaire et au noyau - Institut de Myologie<\/title>\n<meta name=\"robots\" content=\"index, follow, max-snippet:-1, max-image-preview:large, max-video-preview:-1\" \/>\n<link rel=\"canonical\" href=\"https:\/\/strateg-it.fr\/index.php\/equipe-1-genetique-et-physiopathologie-des-mnm-liees-a-la-matrice-extracellulaire-et-au-noyau\/\" \/>\n<meta property=\"og:locale\" content=\"fr_FR\" \/>\n<meta property=\"og:type\" content=\"article\" \/>\n<meta property=\"og:title\" content=\"\u00c9quipe 1 - G\u00e9n\u00e9tique et physiopathologie des MNM li\u00e9es \u00e0 la matrice extracellulaire et au noyau - Institut de Myologie\" \/>\n<meta property=\"og:description\" content=\"Responsable : Gis\u00e8le Bonne Les th\u00e8mes de recherche de l\u2019\u00e9quipe se concentrent sur 2 groupes de maladies neuromusculaires (MNM) :&nbsp;les myopathies dues aux anomalies de la Myomatrice&nbsp;[collag\u00e8ne de type VI &amp; maladies de la matrice extracellulaire (Allamand et al. 2011, Skelet Muscle; groupe de V Allamand]&nbsp;et du Myonucleus&nbsp;[dystrophie musculaire d\u2019Emery-Dreifuss (EDMD) &amp; autres laminopathies du [&hellip;]\" \/>\n<meta property=\"og:url\" content=\"https:\/\/strateg-it.fr\/index.php\/equipe-1-genetique-et-physiopathologie-des-mnm-liees-a-la-matrice-extracellulaire-et-au-noyau\/\" \/>\n<meta property=\"og:site_name\" content=\"Institut de Myologie\" \/>\n<meta property=\"article:modified_time\" content=\"2025-03-05T08:36:44+00:00\" \/>\n<meta property=\"og:image\" content=\"https:\/\/strateg-it.fr\/wp-content\/uploads\/2025\/03\/Equipe-Gisele-Bonne-Institut-de-Myologie-2024.jpg\" \/>\n<meta name=\"twitter:card\" content=\"summary_large_image\" \/>\n<meta name=\"twitter:label1\" content=\"Dur\u00e9e de lecture estim\u00e9e\" \/>\n\t<meta name=\"twitter:data1\" content=\"4 minutes\" \/>\n<script type=\"application\/ld+json\" class=\"yoast-schema-graph\">{\"@context\":\"https:\/\/schema.org\",\"@graph\":[{\"@type\":\"WebPage\",\"@id\":\"https:\/\/strateg-it.fr\/index.php\/equipe-1-genetique-et-physiopathologie-des-mnm-liees-a-la-matrice-extracellulaire-et-au-noyau\/\",\"url\":\"https:\/\/strateg-it.fr\/index.php\/equipe-1-genetique-et-physiopathologie-des-mnm-liees-a-la-matrice-extracellulaire-et-au-noyau\/\",\"name\":\"\u00c9quipe 1 - G\u00e9n\u00e9tique et physiopathologie des MNM li\u00e9es \u00e0 la matrice extracellulaire et au noyau - Institut de Myologie\",\"isPartOf\":{\"@id\":\"https:\/\/strateg-it.fr\/#website\"},\"primaryImageOfPage\":{\"@id\":\"https:\/\/strateg-it.fr\/index.php\/equipe-1-genetique-et-physiopathologie-des-mnm-liees-a-la-matrice-extracellulaire-et-au-noyau\/#primaryimage\"},\"image\":{\"@id\":\"https:\/\/strateg-it.fr\/index.php\/equipe-1-genetique-et-physiopathologie-des-mnm-liees-a-la-matrice-extracellulaire-et-au-noyau\/#primaryimage\"},\"thumbnailUrl\":\"https:\/\/strateg-it.fr\/wp-content\/uploads\/2025\/03\/Equipe-Gisele-Bonne-Institut-de-Myologie-2024.jpg\",\"datePublished\":\"2025-03-05T08:36:12+00:00\",\"dateModified\":\"2025-03-05T08:36:44+00:00\",\"breadcrumb\":{\"@id\":\"https:\/\/strateg-it.fr\/index.php\/equipe-1-genetique-et-physiopathologie-des-mnm-liees-a-la-matrice-extracellulaire-et-au-noyau\/#breadcrumb\"},\"inLanguage\":\"fr-FR\",\"potentialAction\":[{\"@type\":\"ReadAction\",\"target\":[\"https:\/\/strateg-it.fr\/index.php\/equipe-1-genetique-et-physiopathologie-des-mnm-liees-a-la-matrice-extracellulaire-et-au-noyau\/\"]}]},{\"@type\":\"ImageObject\",\"inLanguage\":\"fr-FR\",\"@id\":\"https:\/\/strateg-it.fr\/index.php\/equipe-1-genetique-et-physiopathologie-des-mnm-liees-a-la-matrice-extracellulaire-et-au-noyau\/#primaryimage\",\"url\":\"https:\/\/strateg-it.fr\/wp-content\/uploads\/2025\/03\/Equipe-Gisele-Bonne-Institut-de-Myologie-2024.jpg\",\"contentUrl\":\"https:\/\/strateg-it.fr\/wp-content\/uploads\/2025\/03\/Equipe-Gisele-Bonne-Institut-de-Myologie-2024.jpg\",\"width\":600,\"height\":259},{\"@type\":\"BreadcrumbList\",\"@id\":\"https:\/\/strateg-it.fr\/index.php\/equipe-1-genetique-et-physiopathologie-des-mnm-liees-a-la-matrice-extracellulaire-et-au-noyau\/#breadcrumb\",\"itemListElement\":[{\"@type\":\"ListItem\",\"position\":1,\"name\":\"Accueil\",\"item\":\"https:\/\/strateg-it.fr\/\"},{\"@type\":\"ListItem\",\"position\":2,\"name\":\"\u00c9quipe 1 &#8211; G\u00e9n\u00e9tique et physiopathologie des MNM li\u00e9es \u00e0 la matrice extracellulaire et au noyau\"}]},{\"@type\":\"WebSite\",\"@id\":\"https:\/\/strateg-it.fr\/#website\",\"url\":\"https:\/\/strateg-it.fr\/\",\"name\":\"Institut de Myologie\",\"description\":\"\",\"publisher\":{\"@id\":\"https:\/\/strateg-it.fr\/#organization\"},\"potentialAction\":[{\"@type\":\"SearchAction\",\"target\":{\"@type\":\"EntryPoint\",\"urlTemplate\":\"https:\/\/strateg-it.fr\/?s={search_term_string}\"},\"query-input\":{\"@type\":\"PropertyValueSpecification\",\"valueRequired\":true,\"valueName\":\"search_term_string\"}}],\"inLanguage\":\"fr-FR\"},{\"@type\":\"Organization\",\"@id\":\"https:\/\/strateg-it.fr\/#organization\",\"name\":\"Institut de Myologie\",\"url\":\"https:\/\/strateg-it.fr\/\",\"logo\":{\"@type\":\"ImageObject\",\"inLanguage\":\"fr-FR\",\"@id\":\"https:\/\/strateg-it.fr\/#\/schema\/logo\/image\/\",\"url\":\"https:\/\/strateg-it.fr\/wp-content\/uploads\/2025\/03\/cropped-cropped-logoAIM-3.png\",\"contentUrl\":\"https:\/\/strateg-it.fr\/wp-content\/uploads\/2025\/03\/cropped-cropped-logoAIM-3.png\",\"width\":164,\"height\":45,\"caption\":\"Institut de Myologie\"},\"image\":{\"@id\":\"https:\/\/strateg-it.fr\/#\/schema\/logo\/image\/\"}}]}<\/script>\n<!-- \/ Yoast SEO plugin. -->","yoast_head_json":{"title":"\u00c9quipe 1 - G\u00e9n\u00e9tique et physiopathologie des MNM li\u00e9es \u00e0 la matrice extracellulaire et au noyau - Institut de Myologie","robots":{"index":"index","follow":"follow","max-snippet":"max-snippet:-1","max-image-preview":"max-image-preview:large","max-video-preview":"max-video-preview:-1"},"canonical":"https:\/\/strateg-it.fr\/index.php\/equipe-1-genetique-et-physiopathologie-des-mnm-liees-a-la-matrice-extracellulaire-et-au-noyau\/","og_locale":"fr_FR","og_type":"article","og_title":"\u00c9quipe 1 - G\u00e9n\u00e9tique et physiopathologie des MNM li\u00e9es \u00e0 la matrice extracellulaire et au noyau - Institut de Myologie","og_description":"Responsable : Gis\u00e8le Bonne Les th\u00e8mes de recherche de l\u2019\u00e9quipe se concentrent sur 2 groupes de maladies neuromusculaires (MNM) :&nbsp;les myopathies dues aux anomalies de la Myomatrice&nbsp;[collag\u00e8ne de type VI &amp; maladies de la matrice extracellulaire (Allamand et al. 2011, Skelet Muscle; groupe de V Allamand]&nbsp;et du Myonucleus&nbsp;[dystrophie musculaire d\u2019Emery-Dreifuss (EDMD) &amp; autres laminopathies du [&hellip;]","og_url":"https:\/\/strateg-it.fr\/index.php\/equipe-1-genetique-et-physiopathologie-des-mnm-liees-a-la-matrice-extracellulaire-et-au-noyau\/","og_site_name":"Institut de Myologie","article_modified_time":"2025-03-05T08:36:44+00:00","og_image":[{"url":"https:\/\/strateg-it.fr\/wp-content\/uploads\/2025\/03\/Equipe-Gisele-Bonne-Institut-de-Myologie-2024.jpg","type":"","width":"","height":""}],"twitter_card":"summary_large_image","twitter_misc":{"Dur\u00e9e de lecture estim\u00e9e":"4 minutes"},"schema":{"@context":"https:\/\/schema.org","@graph":[{"@type":"WebPage","@id":"https:\/\/strateg-it.fr\/index.php\/equipe-1-genetique-et-physiopathologie-des-mnm-liees-a-la-matrice-extracellulaire-et-au-noyau\/","url":"https:\/\/strateg-it.fr\/index.php\/equipe-1-genetique-et-physiopathologie-des-mnm-liees-a-la-matrice-extracellulaire-et-au-noyau\/","name":"\u00c9quipe 1 - G\u00e9n\u00e9tique et physiopathologie des MNM li\u00e9es \u00e0 la matrice extracellulaire et au noyau - Institut de Myologie","isPartOf":{"@id":"https:\/\/strateg-it.fr\/#website"},"primaryImageOfPage":{"@id":"https:\/\/strateg-it.fr\/index.php\/equipe-1-genetique-et-physiopathologie-des-mnm-liees-a-la-matrice-extracellulaire-et-au-noyau\/#primaryimage"},"image":{"@id":"https:\/\/strateg-it.fr\/index.php\/equipe-1-genetique-et-physiopathologie-des-mnm-liees-a-la-matrice-extracellulaire-et-au-noyau\/#primaryimage"},"thumbnailUrl":"https:\/\/strateg-it.fr\/wp-content\/uploads\/2025\/03\/Equipe-Gisele-Bonne-Institut-de-Myologie-2024.jpg","datePublished":"2025-03-05T08:36:12+00:00","dateModified":"2025-03-05T08:36:44+00:00","breadcrumb":{"@id":"https:\/\/strateg-it.fr\/index.php\/equipe-1-genetique-et-physiopathologie-des-mnm-liees-a-la-matrice-extracellulaire-et-au-noyau\/#breadcrumb"},"inLanguage":"fr-FR","potentialAction":[{"@type":"ReadAction","target":["https:\/\/strateg-it.fr\/index.php\/equipe-1-genetique-et-physiopathologie-des-mnm-liees-a-la-matrice-extracellulaire-et-au-noyau\/"]}]},{"@type":"ImageObject","inLanguage":"fr-FR","@id":"https:\/\/strateg-it.fr\/index.php\/equipe-1-genetique-et-physiopathologie-des-mnm-liees-a-la-matrice-extracellulaire-et-au-noyau\/#primaryimage","url":"https:\/\/strateg-it.fr\/wp-content\/uploads\/2025\/03\/Equipe-Gisele-Bonne-Institut-de-Myologie-2024.jpg","contentUrl":"https:\/\/strateg-it.fr\/wp-content\/uploads\/2025\/03\/Equipe-Gisele-Bonne-Institut-de-Myologie-2024.jpg","width":600,"height":259},{"@type":"BreadcrumbList","@id":"https:\/\/strateg-it.fr\/index.php\/equipe-1-genetique-et-physiopathologie-des-mnm-liees-a-la-matrice-extracellulaire-et-au-noyau\/#breadcrumb","itemListElement":[{"@type":"ListItem","position":1,"name":"Accueil","item":"https:\/\/strateg-it.fr\/"},{"@type":"ListItem","position":2,"name":"\u00c9quipe 1 &#8211; G\u00e9n\u00e9tique et physiopathologie des MNM li\u00e9es \u00e0 la matrice extracellulaire et au noyau"}]},{"@type":"WebSite","@id":"https:\/\/strateg-it.fr\/#website","url":"https:\/\/strateg-it.fr\/","name":"Institut de Myologie","description":"","publisher":{"@id":"https:\/\/strateg-it.fr\/#organization"},"potentialAction":[{"@type":"SearchAction","target":{"@type":"EntryPoint","urlTemplate":"https:\/\/strateg-it.fr\/?s={search_term_string}"},"query-input":{"@type":"PropertyValueSpecification","valueRequired":true,"valueName":"search_term_string"}}],"inLanguage":"fr-FR"},{"@type":"Organization","@id":"https:\/\/strateg-it.fr\/#organization","name":"Institut de Myologie","url":"https:\/\/strateg-it.fr\/","logo":{"@type":"ImageObject","inLanguage":"fr-FR","@id":"https:\/\/strateg-it.fr\/#\/schema\/logo\/image\/","url":"https:\/\/strateg-it.fr\/wp-content\/uploads\/2025\/03\/cropped-cropped-logoAIM-3.png","contentUrl":"https:\/\/strateg-it.fr\/wp-content\/uploads\/2025\/03\/cropped-cropped-logoAIM-3.png","width":164,"height":45,"caption":"Institut de Myologie"},"image":{"@id":"https:\/\/strateg-it.fr\/#\/schema\/logo\/image\/"}}]}},"_links":{"self":[{"href":"https:\/\/strateg-it.fr\/index.php\/wp-json\/wp\/v2\/pages\/70","targetHints":{"allow":["GET"]}}],"collection":[{"href":"https:\/\/strateg-it.fr\/index.php\/wp-json\/wp\/v2\/pages"}],"about":[{"href":"https:\/\/strateg-it.fr\/index.php\/wp-json\/wp\/v2\/types\/page"}],"author":[{"embeddable":true,"href":"https:\/\/strateg-it.fr\/index.php\/wp-json\/wp\/v2\/users\/1"}],"replies":[{"embeddable":true,"href":"https:\/\/strateg-it.fr\/index.php\/wp-json\/wp\/v2\/comments?post=70"}],"version-history":[{"count":2,"href":"https:\/\/strateg-it.fr\/index.php\/wp-json\/wp\/v2\/pages\/70\/revisions"}],"predecessor-version":[{"id":73,"href":"https:\/\/strateg-it.fr\/index.php\/wp-json\/wp\/v2\/pages\/70\/revisions\/73"}],"wp:attachment":[{"href":"https:\/\/strateg-it.fr\/index.php\/wp-json\/wp\/v2\/media?parent=70"}],"curies":[{"name":"wp","href":"https:\/\/api.w.org\/{rel}","templated":true}]}}