{"id":44,"date":"2025-03-05T09:12:36","date_gmt":"2025-03-05T08:12:36","guid":{"rendered":"https:\/\/strateg-it.fr\/?page_id=44"},"modified":"2025-03-05T09:12:36","modified_gmt":"2025-03-05T08:12:36","slug":"i-motion-adultes","status":"publish","type":"page","link":"https:\/\/strateg-it.fr\/index.php\/i-motion-adultes\/","title":{"rendered":"I-Motion Adultes"},"content":{"rendered":"<div class=\"wp-block-image\">\n<figure class=\"aligncenter size-full\"><img loading=\"lazy\" decoding=\"async\" width=\"600\" height=\"198\" src=\"https:\/\/strateg-it.fr\/wp-content\/uploads\/2025\/03\/Equipe-I-Motion-Adultes-Institut-de-Myologie-2024.jpg\" alt=\"\" class=\"wp-image-45\" srcset=\"https:\/\/strateg-it.fr\/wp-content\/uploads\/2025\/03\/Equipe-I-Motion-Adultes-Institut-de-Myologie-2024.jpg 600w, https:\/\/strateg-it.fr\/wp-content\/uploads\/2025\/03\/Equipe-I-Motion-Adultes-Institut-de-Myologie-2024-300x99.jpg 300w\" sizes=\"auto, (max-width: 600px) 100vw, 600px\" \/><figcaption class=\"wp-element-caption\">Equipe I-motion adulte \u00e0 l&rsquo;institut de myologie le 13 mars 2024<\/figcaption><\/figure>\n<\/div>\n\n\n<p><strong>Directrice adjointe \u2013 responsable du personnel m\u00e9dical d\u2019I-Motion : Dr Marina Colella<br><\/strong><strong>Directeur adjoint \u2013 responsable du personnel non m\u00e9dical d\u2019I-Motion : Saadane Kirouani<\/strong><\/p>\n\n\n\n<p>Le p\u00f4le Adultes des essais cliniques se d\u00e9ploie au service de la recherche clinique chez l\u2019adulte portant sur des essais th\u00e9rapeutiques, des histoires naturelles, des dispositifs m\u00e9dicaux et des \u00e9tudes observationnelles.<\/p>\n\n\n\n<p>La plateforme I-Motion Adultes est situ\u00e9e dans le b\u00e2timent Babinski sur le site de l\u2019h\u00f4pital universitaire Piti\u00e9-Salp\u00eatri\u00e8re et travaille en collaboration \u00e9troite avec le Service de Neuro-Myologie du Professeur Bertrand Fontaine et avec les diff\u00e9rents p\u00f4les de l\u2019H\u00f4pital et laboratoires de recherche de l\u2019Institut de Myologie.<\/p>\n\n\n\n<p>L\u2019\u00e9quipe est constitu\u00e9e d\u2019un m\u00e9decin d\u2019\u00e9tudes cliniques, de chefs de projet, d\u2019attach\u00e9s de recherche clinique et d\u2019une ing\u00e9nieure qualit\u00e9.<\/p>\n\n\n\n<p>Actuellement 35 essais dont 20 \u00e9tudes interventionnelles industrielles, 14 \u00e9tudes interventionnelles acad\u00e9miques et 1 registre sont en cours. Voir la liste des&nbsp;<a href=\"https:\/\/www.institut-myologie.org\/essais\/essais-en-cours\/\">registres, bases de donn\u00e9es et essais cliniques en cours \u00e0 l\u2019institut<\/a>.<\/p>\n","protected":false},"excerpt":{"rendered":"<p>Directrice adjointe \u2013 responsable du personnel m\u00e9dical d\u2019I-Motion : Dr Marina ColellaDirecteur adjoint \u2013 responsable du personnel non m\u00e9dical d\u2019I-Motion : Saadane Kirouani Le p\u00f4le Adultes des essais cliniques se d\u00e9ploie au service de la recherche clinique chez l\u2019adulte portant sur des essais th\u00e9rapeutiques, des histoires naturelles, des dispositifs m\u00e9dicaux et des \u00e9tudes observationnelles. La [&hellip;]<\/p>\n","protected":false},"author":1,"featured_media":0,"parent":0,"menu_order":0,"comment_status":"closed","ping_status":"closed","template":"","meta":{"ocean_post_layout":"","ocean_both_sidebars_style":"","ocean_both_sidebars_content_width":0,"ocean_both_sidebars_sidebars_width":0,"ocean_sidebar":"","ocean_second_sidebar":"","ocean_disable_margins":"enable","ocean_add_body_class":"","ocean_shortcode_before_top_bar":"","ocean_shortcode_after_top_bar":"","ocean_shortcode_before_header":"","ocean_shortcode_after_header":"","ocean_has_shortcode":"","ocean_shortcode_after_title":"","ocean_shortcode_before_footer_widgets":"","ocean_shortcode_after_footer_widgets":"","ocean_shortcode_before_footer_bottom":"","ocean_shortcode_after_footer_bottom":"","ocean_display_top_bar":"default","ocean_display_header":"default","ocean_header_style":"","ocean_center_header_left_menu":"","ocean_custom_header_template":"","ocean_custom_logo":0,"ocean_custom_retina_logo":0,"ocean_custom_logo_max_width":0,"ocean_custom_logo_tablet_max_width":0,"ocean_custom_logo_mobile_max_width":0,"ocean_custom_logo_max_height":0,"ocean_custom_logo_tablet_max_height":0,"ocean_custom_logo_mobile_max_height":0,"ocean_header_custom_menu":"","ocean_menu_typo_font_family":"","ocean_menu_typo_font_subset":"","ocean_menu_typo_font_size":0,"ocean_menu_typo_font_size_tablet":0,"ocean_menu_typo_font_size_mobile":0,"ocean_menu_typo_font_size_unit":"px","ocean_menu_typo_font_weight":"","ocean_menu_typo_font_weight_tablet":"","ocean_menu_typo_font_weight_mobile":"","ocean_menu_typo_transform":"","ocean_menu_typo_transform_tablet":"","ocean_menu_typo_transform_mobile":"","ocean_menu_typo_line_height":0,"ocean_menu_typo_line_height_tablet":0,"ocean_menu_typo_line_height_mobile":0,"ocean_menu_typo_line_height_unit":"","ocean_menu_typo_spacing":0,"ocean_menu_typo_spacing_tablet":0,"ocean_menu_typo_spacing_mobile":0,"ocean_menu_typo_spacing_unit":"","ocean_menu_link_color":"","ocean_menu_link_color_hover":"","ocean_menu_link_color_active":"","ocean_menu_link_background":"","ocean_menu_link_hover_background":"","ocean_menu_link_active_background":"","ocean_menu_social_links_bg":"","ocean_menu_social_hover_links_bg":"","ocean_menu_social_links_color":"","ocean_menu_social_hover_links_color":"","ocean_disable_title":"default","ocean_disable_heading":"default","ocean_post_title":"","ocean_post_subheading":"","ocean_post_title_style":"","ocean_post_title_background_color":"","ocean_post_title_background":0,"ocean_post_title_bg_image_position":"","ocean_post_title_bg_image_attachment":"","ocean_post_title_bg_image_repeat":"","ocean_post_title_bg_image_size":"","ocean_post_title_height":0,"ocean_post_title_bg_overlay":0.5,"ocean_post_title_bg_overlay_color":"","ocean_disable_breadcrumbs":"default","ocean_breadcrumbs_color":"","ocean_breadcrumbs_separator_color":"","ocean_breadcrumbs_links_color":"","ocean_breadcrumbs_links_hover_color":"","ocean_display_footer_widgets":"default","ocean_display_footer_bottom":"default","ocean_custom_footer_template":"","footnotes":""},"class_list":["post-44","page","type-page","status-publish","hentry","entry"],"yoast_head":"<!-- This site is optimized with the Yoast SEO plugin v26.9 - https:\/\/yoast.com\/product\/yoast-seo-wordpress\/ -->\n<title>I-Motion Adultes - Institut de Myologie<\/title>\n<meta name=\"robots\" content=\"index, follow, max-snippet:-1, max-image-preview:large, max-video-preview:-1\" \/>\n<link rel=\"canonical\" href=\"https:\/\/strateg-it.fr\/index.php\/i-motion-adultes\/\" \/>\n<meta property=\"og:locale\" content=\"fr_FR\" \/>\n<meta property=\"og:type\" content=\"article\" \/>\n<meta property=\"og:title\" content=\"I-Motion Adultes - Institut de Myologie\" \/>\n<meta property=\"og:description\" content=\"Directrice adjointe \u2013 responsable du personnel m\u00e9dical d\u2019I-Motion : Dr Marina ColellaDirecteur adjoint \u2013 responsable du personnel non m\u00e9dical d\u2019I-Motion : Saadane Kirouani Le p\u00f4le Adultes des essais cliniques se d\u00e9ploie au service de la recherche clinique chez l\u2019adulte portant sur des essais th\u00e9rapeutiques, des histoires naturelles, des dispositifs m\u00e9dicaux et des \u00e9tudes observationnelles. La [&hellip;]\" \/>\n<meta property=\"og:url\" content=\"https:\/\/strateg-it.fr\/index.php\/i-motion-adultes\/\" \/>\n<meta property=\"og:site_name\" content=\"Institut de Myologie\" \/>\n<meta property=\"og:image\" content=\"https:\/\/strateg-it.fr\/wp-content\/uploads\/2025\/03\/Equipe-I-Motion-Adultes-Institut-de-Myologie-2024.jpg\" \/>\n<meta name=\"twitter:card\" content=\"summary_large_image\" \/>\n<meta name=\"twitter:label1\" content=\"Dur\u00e9e de lecture estim\u00e9e\" \/>\n\t<meta name=\"twitter:data1\" content=\"1 minute\" \/>\n<script type=\"application\/ld+json\" class=\"yoast-schema-graph\">{\"@context\":\"https:\/\/schema.org\",\"@graph\":[{\"@type\":\"WebPage\",\"@id\":\"https:\/\/strateg-it.fr\/index.php\/i-motion-adultes\/\",\"url\":\"https:\/\/strateg-it.fr\/index.php\/i-motion-adultes\/\",\"name\":\"I-Motion Adultes - Institut de Myologie\",\"isPartOf\":{\"@id\":\"https:\/\/strateg-it.fr\/#website\"},\"primaryImageOfPage\":{\"@id\":\"https:\/\/strateg-it.fr\/index.php\/i-motion-adultes\/#primaryimage\"},\"image\":{\"@id\":\"https:\/\/strateg-it.fr\/index.php\/i-motion-adultes\/#primaryimage\"},\"thumbnailUrl\":\"https:\/\/strateg-it.fr\/wp-content\/uploads\/2025\/03\/Equipe-I-Motion-Adultes-Institut-de-Myologie-2024.jpg\",\"datePublished\":\"2025-03-05T08:12:36+00:00\",\"breadcrumb\":{\"@id\":\"https:\/\/strateg-it.fr\/index.php\/i-motion-adultes\/#breadcrumb\"},\"inLanguage\":\"fr-FR\",\"potentialAction\":[{\"@type\":\"ReadAction\",\"target\":[\"https:\/\/strateg-it.fr\/index.php\/i-motion-adultes\/\"]}]},{\"@type\":\"ImageObject\",\"inLanguage\":\"fr-FR\",\"@id\":\"https:\/\/strateg-it.fr\/index.php\/i-motion-adultes\/#primaryimage\",\"url\":\"https:\/\/strateg-it.fr\/wp-content\/uploads\/2025\/03\/Equipe-I-Motion-Adultes-Institut-de-Myologie-2024.jpg\",\"contentUrl\":\"https:\/\/strateg-it.fr\/wp-content\/uploads\/2025\/03\/Equipe-I-Motion-Adultes-Institut-de-Myologie-2024.jpg\",\"width\":600,\"height\":198,\"caption\":\"Equipe I-motion adulte \u00e0 l'institut de myologie le 13 mars 2024\"},{\"@type\":\"BreadcrumbList\",\"@id\":\"https:\/\/strateg-it.fr\/index.php\/i-motion-adultes\/#breadcrumb\",\"itemListElement\":[{\"@type\":\"ListItem\",\"position\":1,\"name\":\"Accueil\",\"item\":\"https:\/\/strateg-it.fr\/\"},{\"@type\":\"ListItem\",\"position\":2,\"name\":\"I-Motion Adultes\"}]},{\"@type\":\"WebSite\",\"@id\":\"https:\/\/strateg-it.fr\/#website\",\"url\":\"https:\/\/strateg-it.fr\/\",\"name\":\"Institut de Myologie\",\"description\":\"\",\"publisher\":{\"@id\":\"https:\/\/strateg-it.fr\/#organization\"},\"potentialAction\":[{\"@type\":\"SearchAction\",\"target\":{\"@type\":\"EntryPoint\",\"urlTemplate\":\"https:\/\/strateg-it.fr\/?s={search_term_string}\"},\"query-input\":{\"@type\":\"PropertyValueSpecification\",\"valueRequired\":true,\"valueName\":\"search_term_string\"}}],\"inLanguage\":\"fr-FR\"},{\"@type\":\"Organization\",\"@id\":\"https:\/\/strateg-it.fr\/#organization\",\"name\":\"Institut de Myologie\",\"url\":\"https:\/\/strateg-it.fr\/\",\"logo\":{\"@type\":\"ImageObject\",\"inLanguage\":\"fr-FR\",\"@id\":\"https:\/\/strateg-it.fr\/#\/schema\/logo\/image\/\",\"url\":\"https:\/\/strateg-it.fr\/wp-content\/uploads\/2025\/03\/cropped-cropped-logoAIM-3.png\",\"contentUrl\":\"https:\/\/strateg-it.fr\/wp-content\/uploads\/2025\/03\/cropped-cropped-logoAIM-3.png\",\"width\":164,\"height\":45,\"caption\":\"Institut de Myologie\"},\"image\":{\"@id\":\"https:\/\/strateg-it.fr\/#\/schema\/logo\/image\/\"}}]}<\/script>\n<!-- \/ Yoast SEO plugin. -->","yoast_head_json":{"title":"I-Motion Adultes - Institut de Myologie","robots":{"index":"index","follow":"follow","max-snippet":"max-snippet:-1","max-image-preview":"max-image-preview:large","max-video-preview":"max-video-preview:-1"},"canonical":"https:\/\/strateg-it.fr\/index.php\/i-motion-adultes\/","og_locale":"fr_FR","og_type":"article","og_title":"I-Motion Adultes - Institut de Myologie","og_description":"Directrice adjointe \u2013 responsable du personnel m\u00e9dical d\u2019I-Motion : Dr Marina ColellaDirecteur adjoint \u2013 responsable du personnel non m\u00e9dical d\u2019I-Motion : Saadane Kirouani Le p\u00f4le Adultes des essais cliniques se d\u00e9ploie au service de la recherche clinique chez l\u2019adulte portant sur des essais th\u00e9rapeutiques, des histoires naturelles, des dispositifs m\u00e9dicaux et des \u00e9tudes observationnelles. La [&hellip;]","og_url":"https:\/\/strateg-it.fr\/index.php\/i-motion-adultes\/","og_site_name":"Institut de Myologie","og_image":[{"url":"https:\/\/strateg-it.fr\/wp-content\/uploads\/2025\/03\/Equipe-I-Motion-Adultes-Institut-de-Myologie-2024.jpg","type":"","width":"","height":""}],"twitter_card":"summary_large_image","twitter_misc":{"Dur\u00e9e de lecture estim\u00e9e":"1 minute"},"schema":{"@context":"https:\/\/schema.org","@graph":[{"@type":"WebPage","@id":"https:\/\/strateg-it.fr\/index.php\/i-motion-adultes\/","url":"https:\/\/strateg-it.fr\/index.php\/i-motion-adultes\/","name":"I-Motion Adultes - Institut de Myologie","isPartOf":{"@id":"https:\/\/strateg-it.fr\/#website"},"primaryImageOfPage":{"@id":"https:\/\/strateg-it.fr\/index.php\/i-motion-adultes\/#primaryimage"},"image":{"@id":"https:\/\/strateg-it.fr\/index.php\/i-motion-adultes\/#primaryimage"},"thumbnailUrl":"https:\/\/strateg-it.fr\/wp-content\/uploads\/2025\/03\/Equipe-I-Motion-Adultes-Institut-de-Myologie-2024.jpg","datePublished":"2025-03-05T08:12:36+00:00","breadcrumb":{"@id":"https:\/\/strateg-it.fr\/index.php\/i-motion-adultes\/#breadcrumb"},"inLanguage":"fr-FR","potentialAction":[{"@type":"ReadAction","target":["https:\/\/strateg-it.fr\/index.php\/i-motion-adultes\/"]}]},{"@type":"ImageObject","inLanguage":"fr-FR","@id":"https:\/\/strateg-it.fr\/index.php\/i-motion-adultes\/#primaryimage","url":"https:\/\/strateg-it.fr\/wp-content\/uploads\/2025\/03\/Equipe-I-Motion-Adultes-Institut-de-Myologie-2024.jpg","contentUrl":"https:\/\/strateg-it.fr\/wp-content\/uploads\/2025\/03\/Equipe-I-Motion-Adultes-Institut-de-Myologie-2024.jpg","width":600,"height":198,"caption":"Equipe I-motion adulte \u00e0 l'institut de myologie le 13 mars 2024"},{"@type":"BreadcrumbList","@id":"https:\/\/strateg-it.fr\/index.php\/i-motion-adultes\/#breadcrumb","itemListElement":[{"@type":"ListItem","position":1,"name":"Accueil","item":"https:\/\/strateg-it.fr\/"},{"@type":"ListItem","position":2,"name":"I-Motion Adultes"}]},{"@type":"WebSite","@id":"https:\/\/strateg-it.fr\/#website","url":"https:\/\/strateg-it.fr\/","name":"Institut de Myologie","description":"","publisher":{"@id":"https:\/\/strateg-it.fr\/#organization"},"potentialAction":[{"@type":"SearchAction","target":{"@type":"EntryPoint","urlTemplate":"https:\/\/strateg-it.fr\/?s={search_term_string}"},"query-input":{"@type":"PropertyValueSpecification","valueRequired":true,"valueName":"search_term_string"}}],"inLanguage":"fr-FR"},{"@type":"Organization","@id":"https:\/\/strateg-it.fr\/#organization","name":"Institut de Myologie","url":"https:\/\/strateg-it.fr\/","logo":{"@type":"ImageObject","inLanguage":"fr-FR","@id":"https:\/\/strateg-it.fr\/#\/schema\/logo\/image\/","url":"https:\/\/strateg-it.fr\/wp-content\/uploads\/2025\/03\/cropped-cropped-logoAIM-3.png","contentUrl":"https:\/\/strateg-it.fr\/wp-content\/uploads\/2025\/03\/cropped-cropped-logoAIM-3.png","width":164,"height":45,"caption":"Institut de Myologie"},"image":{"@id":"https:\/\/strateg-it.fr\/#\/schema\/logo\/image\/"}}]}},"_links":{"self":[{"href":"https:\/\/strateg-it.fr\/index.php\/wp-json\/wp\/v2\/pages\/44","targetHints":{"allow":["GET"]}}],"collection":[{"href":"https:\/\/strateg-it.fr\/index.php\/wp-json\/wp\/v2\/pages"}],"about":[{"href":"https:\/\/strateg-it.fr\/index.php\/wp-json\/wp\/v2\/types\/page"}],"author":[{"embeddable":true,"href":"https:\/\/strateg-it.fr\/index.php\/wp-json\/wp\/v2\/users\/1"}],"replies":[{"embeddable":true,"href":"https:\/\/strateg-it.fr\/index.php\/wp-json\/wp\/v2\/comments?post=44"}],"version-history":[{"count":1,"href":"https:\/\/strateg-it.fr\/index.php\/wp-json\/wp\/v2\/pages\/44\/revisions"}],"predecessor-version":[{"id":46,"href":"https:\/\/strateg-it.fr\/index.php\/wp-json\/wp\/v2\/pages\/44\/revisions\/46"}],"wp:attachment":[{"href":"https:\/\/strateg-it.fr\/index.php\/wp-json\/wp\/v2\/media?parent=44"}],"curies":[{"name":"wp","href":"https:\/\/api.w.org\/{rel}","templated":true}]}}