{"id":41,"date":"2025-03-05T09:11:21","date_gmt":"2025-03-05T08:11:21","guid":{"rendered":"https:\/\/strateg-it.fr\/?page_id=41"},"modified":"2025-03-05T09:11:21","modified_gmt":"2025-03-05T08:11:21","slug":"i-motion-pediatrique","status":"publish","type":"page","link":"https:\/\/strateg-it.fr\/index.php\/i-motion-pediatrique\/","title":{"rendered":"I-Motion P\u00e9diatrique"},"content":{"rendered":"<div class=\"wp-block-image\">\n<figure class=\"aligncenter size-full is-resized\"><img loading=\"lazy\" decoding=\"async\" width=\"600\" height=\"368\" src=\"https:\/\/strateg-it.fr\/wp-content\/uploads\/2025\/03\/Equipe-I-Motion-Pediatrique-Institut-de-Myologie-2024.jpg\" alt=\"\" class=\"wp-image-42\" style=\"width:396px;height:auto\" srcset=\"https:\/\/strateg-it.fr\/wp-content\/uploads\/2025\/03\/Equipe-I-Motion-Pediatrique-Institut-de-Myologie-2024.jpg 600w, https:\/\/strateg-it.fr\/wp-content\/uploads\/2025\/03\/Equipe-I-Motion-Pediatrique-Institut-de-Myologie-2024-300x184.jpg 300w\" sizes=\"auto, (max-width: 600px) 100vw, 600px\" \/><figcaption class=\"wp-element-caption\">Portrait de l&rsquo;\u00e9quipe de I-motion enfants le 18 mers 2024 a l&rsquo;hopital Trousseau<\/figcaption><\/figure>\n<\/div>\n\n\n<p><strong>Directrice adjointe \u2013 responsable du personnel m\u00e9dical d\u2019I-Motion : Dr Marina Colella<br><\/strong><strong>Directeur adjoint \u2013 responsable du personnel non m\u00e9dical d\u2019I-Motion : Saadane Kirouani<\/strong><\/p>\n\n\n\n<p>Cr\u00e9\u00e9 par la volont\u00e9 de quatre partenaires, l\u2019Institut de Myologie, l\u2019<a href=\"http:\/\/www.afm-telethon.fr\/\" target=\"_blank\" rel=\"noreferrer noopener\">AFM-T\u00e9l\u00e9thon<\/a>, l\u2019<a href=\"http:\/\/www.aphp.fr\/\" target=\"_blank\" rel=\"noreferrer noopener\">Assistance Publique \u2013 H\u00f4pitaux de Paris (AP-HP)<\/a>&nbsp;et&nbsp;<a href=\"https:\/\/www.sorbonne-universite.fr\/\" target=\"_blank\" rel=\"noreferrer noopener\">Sorbonne Universit\u00e9<\/a>,&nbsp;<a href=\"https:\/\/www.institut-myologie.org\/imotion\/\" target=\"_blank\" rel=\"noreferrer noopener\">I-Motion P\u00e9diatrique<\/a>&nbsp;est une plateforme d\u2019essais cliniques pour enfants pour les maladies neuromusculaires. Il a pour objectif de r\u00e9pondre aux nouveaux besoins cr\u00e9\u00e9s par l\u2019\u00e9mergence de th\u00e9rapies pour des maladies longtemps consid\u00e9r\u00e9es comme incurables et touchant pour beaucoup d\u2019entre elles les enfants.<\/p>\n\n\n\n<p>Situ\u00e9 sur le site de&nbsp;<a href=\"https:\/\/www.institut-myologie.org\/imotion\/infos-pratiques\/\" target=\"_blank\" rel=\"noreferrer noopener\">l\u2019h\u00f4pital p\u00e9diatrique Trousseau<\/a>&nbsp;de l\u2019AP-HP (b\u00e2timent Lemariey) dans le service de Chirurgie infantile du Pr Rapha\u00ebl Vialle, I-Motion permet aux jeunes patients d\u2019\u00eatre pris en charge dans les meilleures conditions, dans un environnement adapt\u00e9, chaleureux et s\u00e9curis\u00e9. Il b\u00e9n\u00e9ficie d\u2019une accessibilit\u00e9 aux plateaux techniques, structures de recherche et services cliniques de l\u2019h\u00f4pital Trousseau. L\u2019ensemble des consultations et des sp\u00e9cialistes sont pr\u00e9sents en un m\u00eame endroit ce qui facilite \u00e9galement le suivi et la prise en charge pour les enfants comme pour leurs parents.<\/p>\n\n\n\n<p>Outre les activit\u00e9s de&nbsp;<a href=\"https:\/\/www.institut-myologie.org\/imotion\/consultation\/\" target=\"_blank\" rel=\"noreferrer noopener\">soins<\/a>&nbsp;et les&nbsp;<a href=\"https:\/\/www.institut-myologie.org\/imotion\/la-recherche-clinique-a-i-motion\/\" target=\"_blank\" rel=\"noreferrer noopener\">essais cliniques<\/a>, I-Motion d\u00e9veloppe des&nbsp;<a href=\"https:\/\/www.institut-myologie.org\/imotion\/outils\/\" target=\"_blank\" rel=\"noreferrer noopener\">outils de mesure<\/a>&nbsp;de l\u2019efficacit\u00e9 des traitements et m\u00e8ne \u00e9galement la collecte et le stockage d\u2019\u00e9chantillons biologiques.<\/p>\n\n\n\n<p>Voir la liste des&nbsp;<a href=\"https:\/\/www.institut-myologie.org\/essais\/essais-en-cours\/\">registres, bases de donn\u00e9es et essais cliniques en cours \u00e0 l\u2019Institut de Myologie<\/a>.<\/p>\n","protected":false},"excerpt":{"rendered":"<p>Directrice adjointe \u2013 responsable du personnel m\u00e9dical d\u2019I-Motion : Dr Marina ColellaDirecteur adjoint \u2013 responsable du personnel non m\u00e9dical d\u2019I-Motion : Saadane Kirouani Cr\u00e9\u00e9 par la volont\u00e9 de quatre partenaires, l\u2019Institut de Myologie, l\u2019AFM-T\u00e9l\u00e9thon, l\u2019Assistance Publique \u2013 H\u00f4pitaux de Paris (AP-HP)&nbsp;et&nbsp;Sorbonne Universit\u00e9,&nbsp;I-Motion P\u00e9diatrique&nbsp;est une plateforme d\u2019essais cliniques pour enfants pour les maladies neuromusculaires. Il a [&hellip;]<\/p>\n","protected":false},"author":1,"featured_media":0,"parent":0,"menu_order":0,"comment_status":"closed","ping_status":"closed","template":"","meta":{"ocean_post_layout":"","ocean_both_sidebars_style":"","ocean_both_sidebars_content_width":0,"ocean_both_sidebars_sidebars_width":0,"ocean_sidebar":"","ocean_second_sidebar":"","ocean_disable_margins":"enable","ocean_add_body_class":"","ocean_shortcode_before_top_bar":"","ocean_shortcode_after_top_bar":"","ocean_shortcode_before_header":"","ocean_shortcode_after_header":"","ocean_has_shortcode":"","ocean_shortcode_after_title":"","ocean_shortcode_before_footer_widgets":"","ocean_shortcode_after_footer_widgets":"","ocean_shortcode_before_footer_bottom":"","ocean_shortcode_after_footer_bottom":"","ocean_display_top_bar":"default","ocean_display_header":"default","ocean_header_style":"","ocean_center_header_left_menu":"","ocean_custom_header_template":"","ocean_custom_logo":0,"ocean_custom_retina_logo":0,"ocean_custom_logo_max_width":0,"ocean_custom_logo_tablet_max_width":0,"ocean_custom_logo_mobile_max_width":0,"ocean_custom_logo_max_height":0,"ocean_custom_logo_tablet_max_height":0,"ocean_custom_logo_mobile_max_height":0,"ocean_header_custom_menu":"","ocean_menu_typo_font_family":"","ocean_menu_typo_font_subset":"","ocean_menu_typo_font_size":0,"ocean_menu_typo_font_size_tablet":0,"ocean_menu_typo_font_size_mobile":0,"ocean_menu_typo_font_size_unit":"px","ocean_menu_typo_font_weight":"","ocean_menu_typo_font_weight_tablet":"","ocean_menu_typo_font_weight_mobile":"","ocean_menu_typo_transform":"","ocean_menu_typo_transform_tablet":"","ocean_menu_typo_transform_mobile":"","ocean_menu_typo_line_height":0,"ocean_menu_typo_line_height_tablet":0,"ocean_menu_typo_line_height_mobile":0,"ocean_menu_typo_line_height_unit":"","ocean_menu_typo_spacing":0,"ocean_menu_typo_spacing_tablet":0,"ocean_menu_typo_spacing_mobile":0,"ocean_menu_typo_spacing_unit":"","ocean_menu_link_color":"","ocean_menu_link_color_hover":"","ocean_menu_link_color_active":"","ocean_menu_link_background":"","ocean_menu_link_hover_background":"","ocean_menu_link_active_background":"","ocean_menu_social_links_bg":"","ocean_menu_social_hover_links_bg":"","ocean_menu_social_links_color":"","ocean_menu_social_hover_links_color":"","ocean_disable_title":"default","ocean_disable_heading":"default","ocean_post_title":"","ocean_post_subheading":"","ocean_post_title_style":"","ocean_post_title_background_color":"","ocean_post_title_background":0,"ocean_post_title_bg_image_position":"","ocean_post_title_bg_image_attachment":"","ocean_post_title_bg_image_repeat":"","ocean_post_title_bg_image_size":"","ocean_post_title_height":0,"ocean_post_title_bg_overlay":0.5,"ocean_post_title_bg_overlay_color":"","ocean_disable_breadcrumbs":"default","ocean_breadcrumbs_color":"","ocean_breadcrumbs_separator_color":"","ocean_breadcrumbs_links_color":"","ocean_breadcrumbs_links_hover_color":"","ocean_display_footer_widgets":"default","ocean_display_footer_bottom":"default","ocean_custom_footer_template":"","footnotes":""},"class_list":["post-41","page","type-page","status-publish","hentry","entry"],"yoast_head":"<!-- This site is optimized with the Yoast SEO plugin v26.9 - https:\/\/yoast.com\/product\/yoast-seo-wordpress\/ -->\n<title>I-Motion P\u00e9diatrique - Institut de Myologie<\/title>\n<meta name=\"robots\" content=\"index, follow, max-snippet:-1, max-image-preview:large, max-video-preview:-1\" \/>\n<link rel=\"canonical\" href=\"https:\/\/strateg-it.fr\/index.php\/i-motion-pediatrique\/\" \/>\n<meta property=\"og:locale\" content=\"fr_FR\" \/>\n<meta property=\"og:type\" content=\"article\" \/>\n<meta property=\"og:title\" content=\"I-Motion P\u00e9diatrique - Institut de Myologie\" \/>\n<meta property=\"og:description\" content=\"Directrice adjointe \u2013 responsable du personnel m\u00e9dical d\u2019I-Motion : Dr Marina ColellaDirecteur adjoint \u2013 responsable du personnel non m\u00e9dical d\u2019I-Motion : Saadane Kirouani Cr\u00e9\u00e9 par la volont\u00e9 de quatre partenaires, l\u2019Institut de Myologie, l\u2019AFM-T\u00e9l\u00e9thon, l\u2019Assistance Publique \u2013 H\u00f4pitaux de Paris (AP-HP)&nbsp;et&nbsp;Sorbonne Universit\u00e9,&nbsp;I-Motion P\u00e9diatrique&nbsp;est une plateforme d\u2019essais cliniques pour enfants pour les maladies neuromusculaires. Il a [&hellip;]\" \/>\n<meta property=\"og:url\" content=\"https:\/\/strateg-it.fr\/index.php\/i-motion-pediatrique\/\" \/>\n<meta property=\"og:site_name\" content=\"Institut de Myologie\" \/>\n<meta property=\"og:image\" content=\"https:\/\/strateg-it.fr\/wp-content\/uploads\/2025\/03\/Equipe-I-Motion-Pediatrique-Institut-de-Myologie-2024.jpg\" \/>\n<meta name=\"twitter:card\" content=\"summary_large_image\" \/>\n<meta name=\"twitter:label1\" content=\"Dur\u00e9e de lecture estim\u00e9e\" \/>\n\t<meta name=\"twitter:data1\" content=\"1 minute\" \/>\n<script type=\"application\/ld+json\" class=\"yoast-schema-graph\">{\"@context\":\"https:\/\/schema.org\",\"@graph\":[{\"@type\":\"WebPage\",\"@id\":\"https:\/\/strateg-it.fr\/index.php\/i-motion-pediatrique\/\",\"url\":\"https:\/\/strateg-it.fr\/index.php\/i-motion-pediatrique\/\",\"name\":\"I-Motion P\u00e9diatrique - Institut de Myologie\",\"isPartOf\":{\"@id\":\"https:\/\/strateg-it.fr\/#website\"},\"primaryImageOfPage\":{\"@id\":\"https:\/\/strateg-it.fr\/index.php\/i-motion-pediatrique\/#primaryimage\"},\"image\":{\"@id\":\"https:\/\/strateg-it.fr\/index.php\/i-motion-pediatrique\/#primaryimage\"},\"thumbnailUrl\":\"https:\/\/strateg-it.fr\/wp-content\/uploads\/2025\/03\/Equipe-I-Motion-Pediatrique-Institut-de-Myologie-2024.jpg\",\"datePublished\":\"2025-03-05T08:11:21+00:00\",\"breadcrumb\":{\"@id\":\"https:\/\/strateg-it.fr\/index.php\/i-motion-pediatrique\/#breadcrumb\"},\"inLanguage\":\"fr-FR\",\"potentialAction\":[{\"@type\":\"ReadAction\",\"target\":[\"https:\/\/strateg-it.fr\/index.php\/i-motion-pediatrique\/\"]}]},{\"@type\":\"ImageObject\",\"inLanguage\":\"fr-FR\",\"@id\":\"https:\/\/strateg-it.fr\/index.php\/i-motion-pediatrique\/#primaryimage\",\"url\":\"https:\/\/strateg-it.fr\/wp-content\/uploads\/2025\/03\/Equipe-I-Motion-Pediatrique-Institut-de-Myologie-2024.jpg\",\"contentUrl\":\"https:\/\/strateg-it.fr\/wp-content\/uploads\/2025\/03\/Equipe-I-Motion-Pediatrique-Institut-de-Myologie-2024.jpg\",\"width\":600,\"height\":368,\"caption\":\"Portrait de l'\u00e9quipe de I-motion enfants le 18 mers 2024 a l'hopital Trousseau\"},{\"@type\":\"BreadcrumbList\",\"@id\":\"https:\/\/strateg-it.fr\/index.php\/i-motion-pediatrique\/#breadcrumb\",\"itemListElement\":[{\"@type\":\"ListItem\",\"position\":1,\"name\":\"Accueil\",\"item\":\"https:\/\/strateg-it.fr\/\"},{\"@type\":\"ListItem\",\"position\":2,\"name\":\"I-Motion P\u00e9diatrique\"}]},{\"@type\":\"WebSite\",\"@id\":\"https:\/\/strateg-it.fr\/#website\",\"url\":\"https:\/\/strateg-it.fr\/\",\"name\":\"Institut de Myologie\",\"description\":\"\",\"publisher\":{\"@id\":\"https:\/\/strateg-it.fr\/#organization\"},\"potentialAction\":[{\"@type\":\"SearchAction\",\"target\":{\"@type\":\"EntryPoint\",\"urlTemplate\":\"https:\/\/strateg-it.fr\/?s={search_term_string}\"},\"query-input\":{\"@type\":\"PropertyValueSpecification\",\"valueRequired\":true,\"valueName\":\"search_term_string\"}}],\"inLanguage\":\"fr-FR\"},{\"@type\":\"Organization\",\"@id\":\"https:\/\/strateg-it.fr\/#organization\",\"name\":\"Institut de Myologie\",\"url\":\"https:\/\/strateg-it.fr\/\",\"logo\":{\"@type\":\"ImageObject\",\"inLanguage\":\"fr-FR\",\"@id\":\"https:\/\/strateg-it.fr\/#\/schema\/logo\/image\/\",\"url\":\"https:\/\/strateg-it.fr\/wp-content\/uploads\/2025\/03\/cropped-cropped-logoAIM-3.png\",\"contentUrl\":\"https:\/\/strateg-it.fr\/wp-content\/uploads\/2025\/03\/cropped-cropped-logoAIM-3.png\",\"width\":164,\"height\":45,\"caption\":\"Institut de Myologie\"},\"image\":{\"@id\":\"https:\/\/strateg-it.fr\/#\/schema\/logo\/image\/\"}}]}<\/script>\n<!-- \/ Yoast SEO plugin. -->","yoast_head_json":{"title":"I-Motion P\u00e9diatrique - Institut de Myologie","robots":{"index":"index","follow":"follow","max-snippet":"max-snippet:-1","max-image-preview":"max-image-preview:large","max-video-preview":"max-video-preview:-1"},"canonical":"https:\/\/strateg-it.fr\/index.php\/i-motion-pediatrique\/","og_locale":"fr_FR","og_type":"article","og_title":"I-Motion P\u00e9diatrique - Institut de Myologie","og_description":"Directrice adjointe \u2013 responsable du personnel m\u00e9dical d\u2019I-Motion : Dr Marina ColellaDirecteur adjoint \u2013 responsable du personnel non m\u00e9dical d\u2019I-Motion : Saadane Kirouani Cr\u00e9\u00e9 par la volont\u00e9 de quatre partenaires, l\u2019Institut de Myologie, l\u2019AFM-T\u00e9l\u00e9thon, l\u2019Assistance Publique \u2013 H\u00f4pitaux de Paris (AP-HP)&nbsp;et&nbsp;Sorbonne Universit\u00e9,&nbsp;I-Motion P\u00e9diatrique&nbsp;est une plateforme d\u2019essais cliniques pour enfants pour les maladies neuromusculaires. Il a [&hellip;]","og_url":"https:\/\/strateg-it.fr\/index.php\/i-motion-pediatrique\/","og_site_name":"Institut de Myologie","og_image":[{"url":"https:\/\/strateg-it.fr\/wp-content\/uploads\/2025\/03\/Equipe-I-Motion-Pediatrique-Institut-de-Myologie-2024.jpg","type":"","width":"","height":""}],"twitter_card":"summary_large_image","twitter_misc":{"Dur\u00e9e de lecture estim\u00e9e":"1 minute"},"schema":{"@context":"https:\/\/schema.org","@graph":[{"@type":"WebPage","@id":"https:\/\/strateg-it.fr\/index.php\/i-motion-pediatrique\/","url":"https:\/\/strateg-it.fr\/index.php\/i-motion-pediatrique\/","name":"I-Motion P\u00e9diatrique - Institut de Myologie","isPartOf":{"@id":"https:\/\/strateg-it.fr\/#website"},"primaryImageOfPage":{"@id":"https:\/\/strateg-it.fr\/index.php\/i-motion-pediatrique\/#primaryimage"},"image":{"@id":"https:\/\/strateg-it.fr\/index.php\/i-motion-pediatrique\/#primaryimage"},"thumbnailUrl":"https:\/\/strateg-it.fr\/wp-content\/uploads\/2025\/03\/Equipe-I-Motion-Pediatrique-Institut-de-Myologie-2024.jpg","datePublished":"2025-03-05T08:11:21+00:00","breadcrumb":{"@id":"https:\/\/strateg-it.fr\/index.php\/i-motion-pediatrique\/#breadcrumb"},"inLanguage":"fr-FR","potentialAction":[{"@type":"ReadAction","target":["https:\/\/strateg-it.fr\/index.php\/i-motion-pediatrique\/"]}]},{"@type":"ImageObject","inLanguage":"fr-FR","@id":"https:\/\/strateg-it.fr\/index.php\/i-motion-pediatrique\/#primaryimage","url":"https:\/\/strateg-it.fr\/wp-content\/uploads\/2025\/03\/Equipe-I-Motion-Pediatrique-Institut-de-Myologie-2024.jpg","contentUrl":"https:\/\/strateg-it.fr\/wp-content\/uploads\/2025\/03\/Equipe-I-Motion-Pediatrique-Institut-de-Myologie-2024.jpg","width":600,"height":368,"caption":"Portrait de l'\u00e9quipe de I-motion enfants le 18 mers 2024 a l'hopital Trousseau"},{"@type":"BreadcrumbList","@id":"https:\/\/strateg-it.fr\/index.php\/i-motion-pediatrique\/#breadcrumb","itemListElement":[{"@type":"ListItem","position":1,"name":"Accueil","item":"https:\/\/strateg-it.fr\/"},{"@type":"ListItem","position":2,"name":"I-Motion P\u00e9diatrique"}]},{"@type":"WebSite","@id":"https:\/\/strateg-it.fr\/#website","url":"https:\/\/strateg-it.fr\/","name":"Institut de Myologie","description":"","publisher":{"@id":"https:\/\/strateg-it.fr\/#organization"},"potentialAction":[{"@type":"SearchAction","target":{"@type":"EntryPoint","urlTemplate":"https:\/\/strateg-it.fr\/?s={search_term_string}"},"query-input":{"@type":"PropertyValueSpecification","valueRequired":true,"valueName":"search_term_string"}}],"inLanguage":"fr-FR"},{"@type":"Organization","@id":"https:\/\/strateg-it.fr\/#organization","name":"Institut de Myologie","url":"https:\/\/strateg-it.fr\/","logo":{"@type":"ImageObject","inLanguage":"fr-FR","@id":"https:\/\/strateg-it.fr\/#\/schema\/logo\/image\/","url":"https:\/\/strateg-it.fr\/wp-content\/uploads\/2025\/03\/cropped-cropped-logoAIM-3.png","contentUrl":"https:\/\/strateg-it.fr\/wp-content\/uploads\/2025\/03\/cropped-cropped-logoAIM-3.png","width":164,"height":45,"caption":"Institut de Myologie"},"image":{"@id":"https:\/\/strateg-it.fr\/#\/schema\/logo\/image\/"}}]}},"_links":{"self":[{"href":"https:\/\/strateg-it.fr\/index.php\/wp-json\/wp\/v2\/pages\/41","targetHints":{"allow":["GET"]}}],"collection":[{"href":"https:\/\/strateg-it.fr\/index.php\/wp-json\/wp\/v2\/pages"}],"about":[{"href":"https:\/\/strateg-it.fr\/index.php\/wp-json\/wp\/v2\/types\/page"}],"author":[{"embeddable":true,"href":"https:\/\/strateg-it.fr\/index.php\/wp-json\/wp\/v2\/users\/1"}],"replies":[{"embeddable":true,"href":"https:\/\/strateg-it.fr\/index.php\/wp-json\/wp\/v2\/comments?post=41"}],"version-history":[{"count":1,"href":"https:\/\/strateg-it.fr\/index.php\/wp-json\/wp\/v2\/pages\/41\/revisions"}],"predecessor-version":[{"id":43,"href":"https:\/\/strateg-it.fr\/index.php\/wp-json\/wp\/v2\/pages\/41\/revisions\/43"}],"wp:attachment":[{"href":"https:\/\/strateg-it.fr\/index.php\/wp-json\/wp\/v2\/media?parent=41"}],"curies":[{"name":"wp","href":"https:\/\/api.w.org\/{rel}","templated":true}]}}