{"id":34,"date":"2025-03-05T09:08:35","date_gmt":"2025-03-05T08:08:35","guid":{"rendered":"https:\/\/strateg-it.fr\/?page_id=34"},"modified":"2025-03-05T09:13:17","modified_gmt":"2025-03-05T08:13:17","slug":"i-motion","status":"publish","type":"page","link":"https:\/\/strateg-it.fr\/index.php\/i-motion\/","title":{"rendered":"Etudes cliniques &#8211; I-Motion"},"content":{"rendered":"\n<p>Les \u00e9tudes cliniques sont au c\u0153ur de l\u2019activit\u00e9 de l\u2019Institut de Myologie qui comprend deux plateformes d\u2019essais cliniques pour les maladies neuromusculaires,&nbsp;<a href=\"https:\/\/www.institut-myologie.org\/essais\/i-motion-enfants\/\">I-Motion p\u00e9diatrique<\/a>&nbsp;et&nbsp;<a href=\"https:\/\/www.institut-myologie.org\/essais\/i-motion-adultes\/\">I-Motion adultes<\/a>, et le p\u00f4le&nbsp;<a href=\"https:\/\/www.institut-myologie.org\/essais\/registres-et-bases-de-donnees\/\">Registres et Bases de donn\u00e9es<\/a>, d\u00e9di\u00e9 au d\u00e9veloppement et au suivi de bases de donn\u00e9es, registres, observatoires et suivi de cohortes. Les plateformes d\u2019essais cliniques permettent la prise en charge clinique de patients, enfants ou adultes, l\u2019\u00e9valuation de nouveaux traitements et la r\u00e9alisation d\u2019essais cliniques innovants.<\/p>\n\n\n\n<p>Actuellement, une cinquantaine de protocoles de recherche sont en cours \u00e0 l\u2019Institut de myologie : des \u00e9tudes cliniques &nbsp;(histoires naturelles, prise en charge, r\u00e9-entra\u00eenement \u00e0 l\u2019effort) mais \u00e9galement des essais th\u00e9rapeutiques (pharmacologie, th\u00e9rapie cellulaire, th\u00e9rapie g\u00e9nique, th\u00e9rapie du g\u00e8ne, th\u00e9rapie enzymatique).<\/p>\n\n\n\n<p>Outre les essais impuls\u00e9s directement par les \u00e9quipes de l\u2019Institut des Bioth\u00e9rapies des Maladies Rares cr\u00e9\u00e9 par l\u2019AFM-T\u00e9l\u00e9thon, la plateforme scientifique et technologique de l\u2019Institut est reconnue sur le plan international par des organisations ou soci\u00e9t\u00e9s pharmaceutiques &nbsp;(NIH am\u00e9ricain, Genzyme, PTC Therapeutics, Santhera, Roche \u2026.), qui l\u2019ont choisie comme centre investigateur principal pour certains de leurs essais.<\/p>\n\n\n<div class=\"wp-block-image\">\n<figure class=\"alignleft size-full is-resized\"><a href=\"https:\/\/strateg-it.fr\/index.php\/i-motion-adultes\/\"><img loading=\"lazy\" decoding=\"async\" width=\"670\" height=\"200\" src=\"https:\/\/strateg-it.fr\/wp-content\/uploads\/2025\/03\/Banniere-I-Motion-Adultes-Institut-de-Myologie-2021.1-670x200-1.jpg\" alt=\"\" class=\"wp-image-35\" style=\"width:405px;height:auto\" srcset=\"https:\/\/strateg-it.fr\/wp-content\/uploads\/2025\/03\/Banniere-I-Motion-Adultes-Institut-de-Myologie-2021.1-670x200-1.jpg 670w, https:\/\/strateg-it.fr\/wp-content\/uploads\/2025\/03\/Banniere-I-Motion-Adultes-Institut-de-Myologie-2021.1-670x200-1-300x90.jpg 300w\" sizes=\"auto, (max-width: 670px) 100vw, 670px\" \/><\/a><figcaption class=\"wp-element-caption\">Suivi de patients en consultation au sein du P\u00f4le d\u2019essais cliniques I-Motion Adultes<\/figcaption><\/figure>\n<\/div>\n\n<div class=\"wp-block-image\">\n<figure class=\"alignleft size-full is-resized\"><a href=\"https:\/\/strateg-it.fr\/index.php\/i-motion-pediatrique\/\"><img loading=\"lazy\" decoding=\"async\" width=\"670\" height=\"200\" src=\"https:\/\/strateg-it.fr\/wp-content\/uploads\/2025\/03\/Banniere-I-Motion-Enfants-Institut-de-Myologie-2020-670x200-1.jpg\" alt=\"\" class=\"wp-image-40\" style=\"width:405px;height:auto\" srcset=\"https:\/\/strateg-it.fr\/wp-content\/uploads\/2025\/03\/Banniere-I-Motion-Enfants-Institut-de-Myologie-2020-670x200-1.jpg 670w, https:\/\/strateg-it.fr\/wp-content\/uploads\/2025\/03\/Banniere-I-Motion-Enfants-Institut-de-Myologie-2020-670x200-1-300x90.jpg 300w\" sizes=\"auto, (max-width: 670px) 100vw, 670px\" \/><\/a><figcaption class=\"wp-element-caption\">Enfant atteint d\u2019une myopathie de Duchenne en consultation de suivi \u00e0 l\u2019Institut I-Motion<\/figcaption><\/figure>\n<\/div>\n\n\n<p><\/p>\n","protected":false},"excerpt":{"rendered":"<p>Les \u00e9tudes cliniques sont au c\u0153ur de l\u2019activit\u00e9 de l\u2019Institut de Myologie qui comprend deux plateformes d\u2019essais cliniques pour les maladies neuromusculaires,&nbsp;I-Motion p\u00e9diatrique&nbsp;et&nbsp;I-Motion adultes, et le p\u00f4le&nbsp;Registres et Bases de donn\u00e9es, d\u00e9di\u00e9 au d\u00e9veloppement et au suivi de bases de donn\u00e9es, registres, observatoires et suivi de cohortes. Les plateformes d\u2019essais cliniques permettent la prise en [&hellip;]<\/p>\n","protected":false},"author":1,"featured_media":0,"parent":0,"menu_order":0,"comment_status":"closed","ping_status":"closed","template":"","meta":{"ocean_post_layout":"","ocean_both_sidebars_style":"","ocean_both_sidebars_content_width":0,"ocean_both_sidebars_sidebars_width":0,"ocean_sidebar":"","ocean_second_sidebar":"","ocean_disable_margins":"enable","ocean_add_body_class":"","ocean_shortcode_before_top_bar":"","ocean_shortcode_after_top_bar":"","ocean_shortcode_before_header":"","ocean_shortcode_after_header":"","ocean_has_shortcode":"","ocean_shortcode_after_title":"","ocean_shortcode_before_footer_widgets":"","ocean_shortcode_after_footer_widgets":"","ocean_shortcode_before_footer_bottom":"","ocean_shortcode_after_footer_bottom":"","ocean_display_top_bar":"default","ocean_display_header":"default","ocean_header_style":"","ocean_center_header_left_menu":"","ocean_custom_header_template":"","ocean_custom_logo":0,"ocean_custom_retina_logo":0,"ocean_custom_logo_max_width":0,"ocean_custom_logo_tablet_max_width":0,"ocean_custom_logo_mobile_max_width":0,"ocean_custom_logo_max_height":0,"ocean_custom_logo_tablet_max_height":0,"ocean_custom_logo_mobile_max_height":0,"ocean_header_custom_menu":"","ocean_menu_typo_font_family":"","ocean_menu_typo_font_subset":"","ocean_menu_typo_font_size":0,"ocean_menu_typo_font_size_tablet":0,"ocean_menu_typo_font_size_mobile":0,"ocean_menu_typo_font_size_unit":"px","ocean_menu_typo_font_weight":"","ocean_menu_typo_font_weight_tablet":"","ocean_menu_typo_font_weight_mobile":"","ocean_menu_typo_transform":"","ocean_menu_typo_transform_tablet":"","ocean_menu_typo_transform_mobile":"","ocean_menu_typo_line_height":0,"ocean_menu_typo_line_height_tablet":0,"ocean_menu_typo_line_height_mobile":0,"ocean_menu_typo_line_height_unit":"","ocean_menu_typo_spacing":0,"ocean_menu_typo_spacing_tablet":0,"ocean_menu_typo_spacing_mobile":0,"ocean_menu_typo_spacing_unit":"","ocean_menu_link_color":"","ocean_menu_link_color_hover":"","ocean_menu_link_color_active":"","ocean_menu_link_background":"","ocean_menu_link_hover_background":"","ocean_menu_link_active_background":"","ocean_menu_social_links_bg":"","ocean_menu_social_hover_links_bg":"","ocean_menu_social_links_color":"","ocean_menu_social_hover_links_color":"","ocean_disable_title":"default","ocean_disable_heading":"default","ocean_post_title":"","ocean_post_subheading":"","ocean_post_title_style":"","ocean_post_title_background_color":"","ocean_post_title_background":0,"ocean_post_title_bg_image_position":"","ocean_post_title_bg_image_attachment":"","ocean_post_title_bg_image_repeat":"","ocean_post_title_bg_image_size":"","ocean_post_title_height":0,"ocean_post_title_bg_overlay":0.5,"ocean_post_title_bg_overlay_color":"","ocean_disable_breadcrumbs":"default","ocean_breadcrumbs_color":"","ocean_breadcrumbs_separator_color":"","ocean_breadcrumbs_links_color":"","ocean_breadcrumbs_links_hover_color":"","ocean_display_footer_widgets":"default","ocean_display_footer_bottom":"default","ocean_custom_footer_template":"","footnotes":""},"class_list":["post-34","page","type-page","status-publish","hentry","entry"],"yoast_head":"<!-- This site is optimized with the Yoast SEO plugin v26.9 - https:\/\/yoast.com\/product\/yoast-seo-wordpress\/ -->\n<title>Etudes cliniques - I-Motion - Institut de Myologie<\/title>\n<meta name=\"robots\" content=\"index, follow, max-snippet:-1, max-image-preview:large, max-video-preview:-1\" \/>\n<link rel=\"canonical\" href=\"https:\/\/strateg-it.fr\/index.php\/i-motion\/\" \/>\n<meta property=\"og:locale\" content=\"fr_FR\" \/>\n<meta property=\"og:type\" content=\"article\" \/>\n<meta property=\"og:title\" content=\"Etudes cliniques - I-Motion - Institut de Myologie\" \/>\n<meta property=\"og:description\" content=\"Les \u00e9tudes cliniques sont au c\u0153ur de l\u2019activit\u00e9 de l\u2019Institut de Myologie qui comprend deux plateformes d\u2019essais cliniques pour les maladies neuromusculaires,&nbsp;I-Motion p\u00e9diatrique&nbsp;et&nbsp;I-Motion adultes, et le p\u00f4le&nbsp;Registres et Bases de donn\u00e9es, d\u00e9di\u00e9 au d\u00e9veloppement et au suivi de bases de donn\u00e9es, registres, observatoires et suivi de cohortes. Les plateformes d\u2019essais cliniques permettent la prise en [&hellip;]\" \/>\n<meta property=\"og:url\" content=\"https:\/\/strateg-it.fr\/index.php\/i-motion\/\" \/>\n<meta property=\"og:site_name\" content=\"Institut de Myologie\" \/>\n<meta property=\"article:modified_time\" content=\"2025-03-05T08:13:17+00:00\" \/>\n<meta property=\"og:image\" content=\"https:\/\/strateg-it.fr\/wp-content\/uploads\/2025\/03\/Banniere-I-Motion-Adultes-Institut-de-Myologie-2021.1-670x200-1.jpg\" \/>\n<meta name=\"twitter:card\" content=\"summary_large_image\" \/>\n<meta name=\"twitter:label1\" content=\"Dur\u00e9e de lecture estim\u00e9e\" \/>\n\t<meta name=\"twitter:data1\" content=\"1 minute\" \/>\n<script type=\"application\/ld+json\" class=\"yoast-schema-graph\">{\"@context\":\"https:\/\/schema.org\",\"@graph\":[{\"@type\":\"WebPage\",\"@id\":\"https:\/\/strateg-it.fr\/index.php\/i-motion\/\",\"url\":\"https:\/\/strateg-it.fr\/index.php\/i-motion\/\",\"name\":\"Etudes cliniques - I-Motion - Institut de Myologie\",\"isPartOf\":{\"@id\":\"https:\/\/strateg-it.fr\/#website\"},\"primaryImageOfPage\":{\"@id\":\"https:\/\/strateg-it.fr\/index.php\/i-motion\/#primaryimage\"},\"image\":{\"@id\":\"https:\/\/strateg-it.fr\/index.php\/i-motion\/#primaryimage\"},\"thumbnailUrl\":\"https:\/\/strateg-it.fr\/wp-content\/uploads\/2025\/03\/Banniere-I-Motion-Adultes-Institut-de-Myologie-2021.1-670x200-1.jpg\",\"datePublished\":\"2025-03-05T08:08:35+00:00\",\"dateModified\":\"2025-03-05T08:13:17+00:00\",\"breadcrumb\":{\"@id\":\"https:\/\/strateg-it.fr\/index.php\/i-motion\/#breadcrumb\"},\"inLanguage\":\"fr-FR\",\"potentialAction\":[{\"@type\":\"ReadAction\",\"target\":[\"https:\/\/strateg-it.fr\/index.php\/i-motion\/\"]}]},{\"@type\":\"ImageObject\",\"inLanguage\":\"fr-FR\",\"@id\":\"https:\/\/strateg-it.fr\/index.php\/i-motion\/#primaryimage\",\"url\":\"https:\/\/strateg-it.fr\/wp-content\/uploads\/2025\/03\/Banniere-I-Motion-Adultes-Institut-de-Myologie-2021.1-670x200-1.jpg\",\"contentUrl\":\"https:\/\/strateg-it.fr\/wp-content\/uploads\/2025\/03\/Banniere-I-Motion-Adultes-Institut-de-Myologie-2021.1-670x200-1.jpg\",\"width\":670,\"height\":200,\"caption\":\"Suivi de patients en consultation au sein du P\u00f4le d\u2019essais cliniques I-Motion Adultes\"},{\"@type\":\"BreadcrumbList\",\"@id\":\"https:\/\/strateg-it.fr\/index.php\/i-motion\/#breadcrumb\",\"itemListElement\":[{\"@type\":\"ListItem\",\"position\":1,\"name\":\"Accueil\",\"item\":\"https:\/\/strateg-it.fr\/\"},{\"@type\":\"ListItem\",\"position\":2,\"name\":\"Etudes cliniques &#8211; I-Motion\"}]},{\"@type\":\"WebSite\",\"@id\":\"https:\/\/strateg-it.fr\/#website\",\"url\":\"https:\/\/strateg-it.fr\/\",\"name\":\"Institut de Myologie\",\"description\":\"\",\"publisher\":{\"@id\":\"https:\/\/strateg-it.fr\/#organization\"},\"potentialAction\":[{\"@type\":\"SearchAction\",\"target\":{\"@type\":\"EntryPoint\",\"urlTemplate\":\"https:\/\/strateg-it.fr\/?s={search_term_string}\"},\"query-input\":{\"@type\":\"PropertyValueSpecification\",\"valueRequired\":true,\"valueName\":\"search_term_string\"}}],\"inLanguage\":\"fr-FR\"},{\"@type\":\"Organization\",\"@id\":\"https:\/\/strateg-it.fr\/#organization\",\"name\":\"Institut de Myologie\",\"url\":\"https:\/\/strateg-it.fr\/\",\"logo\":{\"@type\":\"ImageObject\",\"inLanguage\":\"fr-FR\",\"@id\":\"https:\/\/strateg-it.fr\/#\/schema\/logo\/image\/\",\"url\":\"https:\/\/strateg-it.fr\/wp-content\/uploads\/2025\/03\/cropped-cropped-logoAIM-3.png\",\"contentUrl\":\"https:\/\/strateg-it.fr\/wp-content\/uploads\/2025\/03\/cropped-cropped-logoAIM-3.png\",\"width\":164,\"height\":45,\"caption\":\"Institut de Myologie\"},\"image\":{\"@id\":\"https:\/\/strateg-it.fr\/#\/schema\/logo\/image\/\"}}]}<\/script>\n<!-- \/ Yoast SEO plugin. -->","yoast_head_json":{"title":"Etudes cliniques - I-Motion - Institut de Myologie","robots":{"index":"index","follow":"follow","max-snippet":"max-snippet:-1","max-image-preview":"max-image-preview:large","max-video-preview":"max-video-preview:-1"},"canonical":"https:\/\/strateg-it.fr\/index.php\/i-motion\/","og_locale":"fr_FR","og_type":"article","og_title":"Etudes cliniques - I-Motion - Institut de Myologie","og_description":"Les \u00e9tudes cliniques sont au c\u0153ur de l\u2019activit\u00e9 de l\u2019Institut de Myologie qui comprend deux plateformes d\u2019essais cliniques pour les maladies neuromusculaires,&nbsp;I-Motion p\u00e9diatrique&nbsp;et&nbsp;I-Motion adultes, et le p\u00f4le&nbsp;Registres et Bases de donn\u00e9es, d\u00e9di\u00e9 au d\u00e9veloppement et au suivi de bases de donn\u00e9es, registres, observatoires et suivi de cohortes. Les plateformes d\u2019essais cliniques permettent la prise en [&hellip;]","og_url":"https:\/\/strateg-it.fr\/index.php\/i-motion\/","og_site_name":"Institut de Myologie","article_modified_time":"2025-03-05T08:13:17+00:00","og_image":[{"url":"https:\/\/strateg-it.fr\/wp-content\/uploads\/2025\/03\/Banniere-I-Motion-Adultes-Institut-de-Myologie-2021.1-670x200-1.jpg","type":"","width":"","height":""}],"twitter_card":"summary_large_image","twitter_misc":{"Dur\u00e9e de lecture estim\u00e9e":"1 minute"},"schema":{"@context":"https:\/\/schema.org","@graph":[{"@type":"WebPage","@id":"https:\/\/strateg-it.fr\/index.php\/i-motion\/","url":"https:\/\/strateg-it.fr\/index.php\/i-motion\/","name":"Etudes cliniques - I-Motion - Institut de Myologie","isPartOf":{"@id":"https:\/\/strateg-it.fr\/#website"},"primaryImageOfPage":{"@id":"https:\/\/strateg-it.fr\/index.php\/i-motion\/#primaryimage"},"image":{"@id":"https:\/\/strateg-it.fr\/index.php\/i-motion\/#primaryimage"},"thumbnailUrl":"https:\/\/strateg-it.fr\/wp-content\/uploads\/2025\/03\/Banniere-I-Motion-Adultes-Institut-de-Myologie-2021.1-670x200-1.jpg","datePublished":"2025-03-05T08:08:35+00:00","dateModified":"2025-03-05T08:13:17+00:00","breadcrumb":{"@id":"https:\/\/strateg-it.fr\/index.php\/i-motion\/#breadcrumb"},"inLanguage":"fr-FR","potentialAction":[{"@type":"ReadAction","target":["https:\/\/strateg-it.fr\/index.php\/i-motion\/"]}]},{"@type":"ImageObject","inLanguage":"fr-FR","@id":"https:\/\/strateg-it.fr\/index.php\/i-motion\/#primaryimage","url":"https:\/\/strateg-it.fr\/wp-content\/uploads\/2025\/03\/Banniere-I-Motion-Adultes-Institut-de-Myologie-2021.1-670x200-1.jpg","contentUrl":"https:\/\/strateg-it.fr\/wp-content\/uploads\/2025\/03\/Banniere-I-Motion-Adultes-Institut-de-Myologie-2021.1-670x200-1.jpg","width":670,"height":200,"caption":"Suivi de patients en consultation au sein du P\u00f4le d\u2019essais cliniques I-Motion Adultes"},{"@type":"BreadcrumbList","@id":"https:\/\/strateg-it.fr\/index.php\/i-motion\/#breadcrumb","itemListElement":[{"@type":"ListItem","position":1,"name":"Accueil","item":"https:\/\/strateg-it.fr\/"},{"@type":"ListItem","position":2,"name":"Etudes cliniques &#8211; I-Motion"}]},{"@type":"WebSite","@id":"https:\/\/strateg-it.fr\/#website","url":"https:\/\/strateg-it.fr\/","name":"Institut de Myologie","description":"","publisher":{"@id":"https:\/\/strateg-it.fr\/#organization"},"potentialAction":[{"@type":"SearchAction","target":{"@type":"EntryPoint","urlTemplate":"https:\/\/strateg-it.fr\/?s={search_term_string}"},"query-input":{"@type":"PropertyValueSpecification","valueRequired":true,"valueName":"search_term_string"}}],"inLanguage":"fr-FR"},{"@type":"Organization","@id":"https:\/\/strateg-it.fr\/#organization","name":"Institut de Myologie","url":"https:\/\/strateg-it.fr\/","logo":{"@type":"ImageObject","inLanguage":"fr-FR","@id":"https:\/\/strateg-it.fr\/#\/schema\/logo\/image\/","url":"https:\/\/strateg-it.fr\/wp-content\/uploads\/2025\/03\/cropped-cropped-logoAIM-3.png","contentUrl":"https:\/\/strateg-it.fr\/wp-content\/uploads\/2025\/03\/cropped-cropped-logoAIM-3.png","width":164,"height":45,"caption":"Institut de Myologie"},"image":{"@id":"https:\/\/strateg-it.fr\/#\/schema\/logo\/image\/"}}]}},"_links":{"self":[{"href":"https:\/\/strateg-it.fr\/index.php\/wp-json\/wp\/v2\/pages\/34","targetHints":{"allow":["GET"]}}],"collection":[{"href":"https:\/\/strateg-it.fr\/index.php\/wp-json\/wp\/v2\/pages"}],"about":[{"href":"https:\/\/strateg-it.fr\/index.php\/wp-json\/wp\/v2\/types\/page"}],"author":[{"embeddable":true,"href":"https:\/\/strateg-it.fr\/index.php\/wp-json\/wp\/v2\/users\/1"}],"replies":[{"embeddable":true,"href":"https:\/\/strateg-it.fr\/index.php\/wp-json\/wp\/v2\/comments?post=34"}],"version-history":[{"count":4,"href":"https:\/\/strateg-it.fr\/index.php\/wp-json\/wp\/v2\/pages\/34\/revisions"}],"predecessor-version":[{"id":48,"href":"https:\/\/strateg-it.fr\/index.php\/wp-json\/wp\/v2\/pages\/34\/revisions\/48"}],"wp:attachment":[{"href":"https:\/\/strateg-it.fr\/index.php\/wp-json\/wp\/v2\/media?parent=34"}],"curies":[{"name":"wp","href":"https:\/\/api.w.org\/{rel}","templated":true}]}}