{"id":27,"date":"2025-03-05T09:05:10","date_gmt":"2025-03-05T08:05:10","guid":{"rendered":"https:\/\/strateg-it.fr\/?page_id=27"},"modified":"2025-03-05T09:05:10","modified_gmt":"2025-03-05T08:05:10","slug":"recherche","status":"publish","type":"page","link":"https:\/\/strateg-it.fr\/index.php\/recherche\/","title":{"rendered":"Recherche"},"content":{"rendered":"<div class=\"wp-block-image\">\n<figure class=\"aligncenter size-full\"><img loading=\"lazy\" decoding=\"async\" width=\"624\" height=\"200\" src=\"https:\/\/strateg-it.fr\/wp-content\/uploads\/2025\/03\/Newsletter-2021-309-624x200-1.jpg\" alt=\"\" class=\"wp-image-28\" srcset=\"https:\/\/strateg-it.fr\/wp-content\/uploads\/2025\/03\/Newsletter-2021-309-624x200-1.jpg 624w, https:\/\/strateg-it.fr\/wp-content\/uploads\/2025\/03\/Newsletter-2021-309-624x200-1-300x96.jpg 300w\" sizes=\"auto, (max-width: 624px) 100vw, 624px\" \/><\/figure>\n<\/div>\n\n\n<p>De la collecte de tissus musculaires \u00e0 la recherche clinique, en passant par la recherche fondamentale en g\u00e9n\u00e9tique et physiopathologie, les \u00e9quipes du p\u00f4le Recherche de l\u2019Institut de Myologie m\u00e8nent une recherche pluridisciplinaire et translationnelle d\u2019excellence sur le muscle, ses pathologies et ses diff\u00e9rents \u00e9tats : le muscle vieillissant, le muscle l\u00e9s\u00e9, et, \u00e0 terme, le muscle dans l\u2019espace, le muscle sportif.<\/p>\n\n\n\n<p>Le&nbsp;<a href=\"https:\/\/www.institut-myologie.org\/recherche\/myologie-centre-de-recherche\/\">Centre de recherche en Myologie<\/a>&nbsp;r\u00e9unit 9 \u00e9quipes scientifiques ayant pour priorit\u00e9s scientifiques communes la recherche fondamentale, la recherche sur les maladies neuromusculaires et les applications th\u00e9rapeutiques. Ces trois vastes champs de la recherche couvrent le muscle, la jonction neuromusculaire et le neurone moteur.<\/p>\n\n\n\n<p>Le&nbsp;<a href=\"https:\/\/www.institut-myologie.org\/recherche\/centre-dexploration-et-devaluation-neuromusculaire\/\">Centre d\u2019Exploration et d\u2019\u00c9valuation Neuromusculaire<\/a>&nbsp;compte trois laboratoires&nbsp;et une banque de tissus : le&nbsp;<a href=\"https:\/\/www.institut-myologie.org\/recherche\/laboratoire-rmn\/\">Laboratoire d\u2019imagerie et de spectroscopie par r\u00e9sonance magn\u00e9tique nucl\u00e9aire (RMN)<\/a>&nbsp;permettant d\u2019\u00e9tudier in vivo l\u2019anatomie, la physiologie et la biochimie du muscle, le&nbsp;<a href=\"https:\/\/www.institut-myologie.org\/recherche\/centre-dexploration-et-devaluation-neuromusculaire\/laboratoire-dhistopathologie\/\">Laboratoire d\u2019histopathologie<\/a>&nbsp;d\u00e9di\u00e9 \u00e0 l\u2019identification et \u00e0 la caract\u00e9risation des maladies neuromusculaires d\u2019origine g\u00e9n\u00e9tique, le&nbsp;<a href=\"https:\/\/www.institut-myologie.org\/recherche\/laboratoire-de-physiologie-et-devaluation-neuromusculaire-dr-j-y-hogrel\/\">Laboratoire de physiologie et d\u2019\u00e9valuation neuromusculaire<\/a>&nbsp;sp\u00e9cialis\u00e9 dans la conception et le d\u00e9veloppement d\u2019outils de mesure utilis\u00e9s lors des essais cliniques, et la&nbsp;<a href=\"https:\/\/www.institut-myologie.org\/recherche\/myobank\/\">&nbsp;banque de tissus Myobank<\/a>&nbsp;qui a pour vocation de faciliter les recherches dans le domaine des maladies neuromusculaires, gr\u00e2ce \u00e0 sa mission de collecte, pr\u00e9paration, stockage et mise \u00e0 disposition d\u2019\u00e9chantillons de tissus humains. Ce centre de ressources biologiques est destin\u00e9 \u00e0 l\u2019usage exclusif de la recherche et ce, dans le respect des droits fondamentaux de la personne humaine.<\/p>\n\n\n\n<p>Associ\u00e9 aux autres p\u00f4les de l\u2019institut (<a href=\"https:\/\/www.institut-myologie.org\/consultations\/service-de-neuro-myologie\/\">Service de neuro-myologie<\/a>,&nbsp;<a href=\"https:\/\/www.institut-myologie.org\/essais\/registres-et-bases-de-donnees\/\">Registres et bases de donn\u00e9es<\/a>,&nbsp;<a href=\"https:\/\/www.institut-myologie.org\/essais\/pole-enfants-i-motion\/\">P\u00f4le essais cliniques enfants (I-Motion P\u00e9diatrique)&nbsp;<\/a>et le&nbsp;<a href=\"https:\/\/www.institut-myologie.org\/essais\/pole-adultes\/\">P\u00f4le essais cliniques adultes (I-Motion Adultes)<\/a>, le p\u00f4le Recherche constitue un \u00e9cosyst\u00e8me b\u00e9n\u00e9fique favorisant les interactions et l\u2019\u00e9mergence de projets innovants.<\/p>\n","protected":false},"excerpt":{"rendered":"<p>De la collecte de tissus musculaires \u00e0 la recherche clinique, en passant par la recherche fondamentale en g\u00e9n\u00e9tique et physiopathologie, les \u00e9quipes du p\u00f4le Recherche de l\u2019Institut de Myologie m\u00e8nent une recherche pluridisciplinaire et translationnelle d\u2019excellence sur le muscle, ses pathologies et ses diff\u00e9rents \u00e9tats : le muscle vieillissant, le muscle l\u00e9s\u00e9, et, \u00e0 terme, [&hellip;]<\/p>\n","protected":false},"author":1,"featured_media":0,"parent":0,"menu_order":0,"comment_status":"closed","ping_status":"closed","template":"","meta":{"ocean_post_layout":"","ocean_both_sidebars_style":"","ocean_both_sidebars_content_width":0,"ocean_both_sidebars_sidebars_width":0,"ocean_sidebar":"","ocean_second_sidebar":"","ocean_disable_margins":"enable","ocean_add_body_class":"","ocean_shortcode_before_top_bar":"","ocean_shortcode_after_top_bar":"","ocean_shortcode_before_header":"","ocean_shortcode_after_header":"","ocean_has_shortcode":"","ocean_shortcode_after_title":"","ocean_shortcode_before_footer_widgets":"","ocean_shortcode_after_footer_widgets":"","ocean_shortcode_before_footer_bottom":"","ocean_shortcode_after_footer_bottom":"","ocean_display_top_bar":"default","ocean_display_header":"default","ocean_header_style":"","ocean_center_header_left_menu":"","ocean_custom_header_template":"","ocean_custom_logo":0,"ocean_custom_retina_logo":0,"ocean_custom_logo_max_width":0,"ocean_custom_logo_tablet_max_width":0,"ocean_custom_logo_mobile_max_width":0,"ocean_custom_logo_max_height":0,"ocean_custom_logo_tablet_max_height":0,"ocean_custom_logo_mobile_max_height":0,"ocean_header_custom_menu":"","ocean_menu_typo_font_family":"","ocean_menu_typo_font_subset":"","ocean_menu_typo_font_size":0,"ocean_menu_typo_font_size_tablet":0,"ocean_menu_typo_font_size_mobile":0,"ocean_menu_typo_font_size_unit":"px","ocean_menu_typo_font_weight":"","ocean_menu_typo_font_weight_tablet":"","ocean_menu_typo_font_weight_mobile":"","ocean_menu_typo_transform":"","ocean_menu_typo_transform_tablet":"","ocean_menu_typo_transform_mobile":"","ocean_menu_typo_line_height":0,"ocean_menu_typo_line_height_tablet":0,"ocean_menu_typo_line_height_mobile":0,"ocean_menu_typo_line_height_unit":"","ocean_menu_typo_spacing":0,"ocean_menu_typo_spacing_tablet":0,"ocean_menu_typo_spacing_mobile":0,"ocean_menu_typo_spacing_unit":"","ocean_menu_link_color":"","ocean_menu_link_color_hover":"","ocean_menu_link_color_active":"","ocean_menu_link_background":"","ocean_menu_link_hover_background":"","ocean_menu_link_active_background":"","ocean_menu_social_links_bg":"","ocean_menu_social_hover_links_bg":"","ocean_menu_social_links_color":"","ocean_menu_social_hover_links_color":"","ocean_disable_title":"default","ocean_disable_heading":"default","ocean_post_title":"","ocean_post_subheading":"","ocean_post_title_style":"","ocean_post_title_background_color":"","ocean_post_title_background":0,"ocean_post_title_bg_image_position":"","ocean_post_title_bg_image_attachment":"","ocean_post_title_bg_image_repeat":"","ocean_post_title_bg_image_size":"","ocean_post_title_height":0,"ocean_post_title_bg_overlay":0.5,"ocean_post_title_bg_overlay_color":"","ocean_disable_breadcrumbs":"default","ocean_breadcrumbs_color":"","ocean_breadcrumbs_separator_color":"","ocean_breadcrumbs_links_color":"","ocean_breadcrumbs_links_hover_color":"","ocean_display_footer_widgets":"default","ocean_display_footer_bottom":"default","ocean_custom_footer_template":"","footnotes":""},"class_list":["post-27","page","type-page","status-publish","hentry","entry"],"yoast_head":"<!-- This site is optimized with the Yoast SEO plugin v26.9 - https:\/\/yoast.com\/product\/yoast-seo-wordpress\/ -->\n<title>Recherche - Institut de Myologie<\/title>\n<meta name=\"robots\" content=\"index, follow, max-snippet:-1, max-image-preview:large, max-video-preview:-1\" \/>\n<link rel=\"canonical\" href=\"https:\/\/strateg-it.fr\/index.php\/recherche\/\" \/>\n<meta property=\"og:locale\" content=\"fr_FR\" \/>\n<meta property=\"og:type\" content=\"article\" \/>\n<meta property=\"og:title\" content=\"Recherche - Institut de Myologie\" \/>\n<meta property=\"og:description\" content=\"De la collecte de tissus musculaires \u00e0 la recherche clinique, en passant par la recherche fondamentale en g\u00e9n\u00e9tique et physiopathologie, les \u00e9quipes du p\u00f4le Recherche de l\u2019Institut de Myologie m\u00e8nent une recherche pluridisciplinaire et translationnelle d\u2019excellence sur le muscle, ses pathologies et ses diff\u00e9rents \u00e9tats : le muscle vieillissant, le muscle l\u00e9s\u00e9, et, \u00e0 terme, [&hellip;]\" \/>\n<meta property=\"og:url\" content=\"https:\/\/strateg-it.fr\/index.php\/recherche\/\" \/>\n<meta property=\"og:site_name\" content=\"Institut de Myologie\" \/>\n<meta property=\"og:image\" content=\"https:\/\/strateg-it.fr\/wp-content\/uploads\/2025\/03\/Newsletter-2021-309-624x200-1.jpg\" \/>\n<meta name=\"twitter:card\" content=\"summary_large_image\" \/>\n<meta name=\"twitter:label1\" content=\"Dur\u00e9e de lecture estim\u00e9e\" \/>\n\t<meta name=\"twitter:data1\" content=\"2 minutes\" \/>\n<script type=\"application\/ld+json\" class=\"yoast-schema-graph\">{\"@context\":\"https:\/\/schema.org\",\"@graph\":[{\"@type\":\"WebPage\",\"@id\":\"https:\/\/strateg-it.fr\/index.php\/recherche\/\",\"url\":\"https:\/\/strateg-it.fr\/index.php\/recherche\/\",\"name\":\"Recherche - Institut de Myologie\",\"isPartOf\":{\"@id\":\"https:\/\/strateg-it.fr\/#website\"},\"primaryImageOfPage\":{\"@id\":\"https:\/\/strateg-it.fr\/index.php\/recherche\/#primaryimage\"},\"image\":{\"@id\":\"https:\/\/strateg-it.fr\/index.php\/recherche\/#primaryimage\"},\"thumbnailUrl\":\"https:\/\/strateg-it.fr\/wp-content\/uploads\/2025\/03\/Newsletter-2021-309-624x200-1.jpg\",\"datePublished\":\"2025-03-05T08:05:10+00:00\",\"breadcrumb\":{\"@id\":\"https:\/\/strateg-it.fr\/index.php\/recherche\/#breadcrumb\"},\"inLanguage\":\"fr-FR\",\"potentialAction\":[{\"@type\":\"ReadAction\",\"target\":[\"https:\/\/strateg-it.fr\/index.php\/recherche\/\"]}]},{\"@type\":\"ImageObject\",\"inLanguage\":\"fr-FR\",\"@id\":\"https:\/\/strateg-it.fr\/index.php\/recherche\/#primaryimage\",\"url\":\"https:\/\/strateg-it.fr\/wp-content\/uploads\/2025\/03\/Newsletter-2021-309-624x200-1.jpg\",\"contentUrl\":\"https:\/\/strateg-it.fr\/wp-content\/uploads\/2025\/03\/Newsletter-2021-309-624x200-1.jpg\",\"width\":624,\"height\":200},{\"@type\":\"BreadcrumbList\",\"@id\":\"https:\/\/strateg-it.fr\/index.php\/recherche\/#breadcrumb\",\"itemListElement\":[{\"@type\":\"ListItem\",\"position\":1,\"name\":\"Accueil\",\"item\":\"https:\/\/strateg-it.fr\/\"},{\"@type\":\"ListItem\",\"position\":2,\"name\":\"Recherche\"}]},{\"@type\":\"WebSite\",\"@id\":\"https:\/\/strateg-it.fr\/#website\",\"url\":\"https:\/\/strateg-it.fr\/\",\"name\":\"Institut de Myologie\",\"description\":\"\",\"publisher\":{\"@id\":\"https:\/\/strateg-it.fr\/#organization\"},\"potentialAction\":[{\"@type\":\"SearchAction\",\"target\":{\"@type\":\"EntryPoint\",\"urlTemplate\":\"https:\/\/strateg-it.fr\/?s={search_term_string}\"},\"query-input\":{\"@type\":\"PropertyValueSpecification\",\"valueRequired\":true,\"valueName\":\"search_term_string\"}}],\"inLanguage\":\"fr-FR\"},{\"@type\":\"Organization\",\"@id\":\"https:\/\/strateg-it.fr\/#organization\",\"name\":\"Institut de Myologie\",\"url\":\"https:\/\/strateg-it.fr\/\",\"logo\":{\"@type\":\"ImageObject\",\"inLanguage\":\"fr-FR\",\"@id\":\"https:\/\/strateg-it.fr\/#\/schema\/logo\/image\/\",\"url\":\"https:\/\/strateg-it.fr\/wp-content\/uploads\/2025\/03\/cropped-cropped-logoAIM-3.png\",\"contentUrl\":\"https:\/\/strateg-it.fr\/wp-content\/uploads\/2025\/03\/cropped-cropped-logoAIM-3.png\",\"width\":164,\"height\":45,\"caption\":\"Institut de Myologie\"},\"image\":{\"@id\":\"https:\/\/strateg-it.fr\/#\/schema\/logo\/image\/\"}}]}<\/script>\n<!-- \/ Yoast SEO plugin. -->","yoast_head_json":{"title":"Recherche - Institut de Myologie","robots":{"index":"index","follow":"follow","max-snippet":"max-snippet:-1","max-image-preview":"max-image-preview:large","max-video-preview":"max-video-preview:-1"},"canonical":"https:\/\/strateg-it.fr\/index.php\/recherche\/","og_locale":"fr_FR","og_type":"article","og_title":"Recherche - Institut de Myologie","og_description":"De la collecte de tissus musculaires \u00e0 la recherche clinique, en passant par la recherche fondamentale en g\u00e9n\u00e9tique et physiopathologie, les \u00e9quipes du p\u00f4le Recherche de l\u2019Institut de Myologie m\u00e8nent une recherche pluridisciplinaire et translationnelle d\u2019excellence sur le muscle, ses pathologies et ses diff\u00e9rents \u00e9tats : le muscle vieillissant, le muscle l\u00e9s\u00e9, et, \u00e0 terme, [&hellip;]","og_url":"https:\/\/strateg-it.fr\/index.php\/recherche\/","og_site_name":"Institut de Myologie","og_image":[{"url":"https:\/\/strateg-it.fr\/wp-content\/uploads\/2025\/03\/Newsletter-2021-309-624x200-1.jpg","type":"","width":"","height":""}],"twitter_card":"summary_large_image","twitter_misc":{"Dur\u00e9e de lecture estim\u00e9e":"2 minutes"},"schema":{"@context":"https:\/\/schema.org","@graph":[{"@type":"WebPage","@id":"https:\/\/strateg-it.fr\/index.php\/recherche\/","url":"https:\/\/strateg-it.fr\/index.php\/recherche\/","name":"Recherche - Institut de Myologie","isPartOf":{"@id":"https:\/\/strateg-it.fr\/#website"},"primaryImageOfPage":{"@id":"https:\/\/strateg-it.fr\/index.php\/recherche\/#primaryimage"},"image":{"@id":"https:\/\/strateg-it.fr\/index.php\/recherche\/#primaryimage"},"thumbnailUrl":"https:\/\/strateg-it.fr\/wp-content\/uploads\/2025\/03\/Newsletter-2021-309-624x200-1.jpg","datePublished":"2025-03-05T08:05:10+00:00","breadcrumb":{"@id":"https:\/\/strateg-it.fr\/index.php\/recherche\/#breadcrumb"},"inLanguage":"fr-FR","potentialAction":[{"@type":"ReadAction","target":["https:\/\/strateg-it.fr\/index.php\/recherche\/"]}]},{"@type":"ImageObject","inLanguage":"fr-FR","@id":"https:\/\/strateg-it.fr\/index.php\/recherche\/#primaryimage","url":"https:\/\/strateg-it.fr\/wp-content\/uploads\/2025\/03\/Newsletter-2021-309-624x200-1.jpg","contentUrl":"https:\/\/strateg-it.fr\/wp-content\/uploads\/2025\/03\/Newsletter-2021-309-624x200-1.jpg","width":624,"height":200},{"@type":"BreadcrumbList","@id":"https:\/\/strateg-it.fr\/index.php\/recherche\/#breadcrumb","itemListElement":[{"@type":"ListItem","position":1,"name":"Accueil","item":"https:\/\/strateg-it.fr\/"},{"@type":"ListItem","position":2,"name":"Recherche"}]},{"@type":"WebSite","@id":"https:\/\/strateg-it.fr\/#website","url":"https:\/\/strateg-it.fr\/","name":"Institut de Myologie","description":"","publisher":{"@id":"https:\/\/strateg-it.fr\/#organization"},"potentialAction":[{"@type":"SearchAction","target":{"@type":"EntryPoint","urlTemplate":"https:\/\/strateg-it.fr\/?s={search_term_string}"},"query-input":{"@type":"PropertyValueSpecification","valueRequired":true,"valueName":"search_term_string"}}],"inLanguage":"fr-FR"},{"@type":"Organization","@id":"https:\/\/strateg-it.fr\/#organization","name":"Institut de Myologie","url":"https:\/\/strateg-it.fr\/","logo":{"@type":"ImageObject","inLanguage":"fr-FR","@id":"https:\/\/strateg-it.fr\/#\/schema\/logo\/image\/","url":"https:\/\/strateg-it.fr\/wp-content\/uploads\/2025\/03\/cropped-cropped-logoAIM-3.png","contentUrl":"https:\/\/strateg-it.fr\/wp-content\/uploads\/2025\/03\/cropped-cropped-logoAIM-3.png","width":164,"height":45,"caption":"Institut de Myologie"},"image":{"@id":"https:\/\/strateg-it.fr\/#\/schema\/logo\/image\/"}}]}},"_links":{"self":[{"href":"https:\/\/strateg-it.fr\/index.php\/wp-json\/wp\/v2\/pages\/27","targetHints":{"allow":["GET"]}}],"collection":[{"href":"https:\/\/strateg-it.fr\/index.php\/wp-json\/wp\/v2\/pages"}],"about":[{"href":"https:\/\/strateg-it.fr\/index.php\/wp-json\/wp\/v2\/types\/page"}],"author":[{"embeddable":true,"href":"https:\/\/strateg-it.fr\/index.php\/wp-json\/wp\/v2\/users\/1"}],"replies":[{"embeddable":true,"href":"https:\/\/strateg-it.fr\/index.php\/wp-json\/wp\/v2\/comments?post=27"}],"version-history":[{"count":1,"href":"https:\/\/strateg-it.fr\/index.php\/wp-json\/wp\/v2\/pages\/27\/revisions"}],"predecessor-version":[{"id":29,"href":"https:\/\/strateg-it.fr\/index.php\/wp-json\/wp\/v2\/pages\/27\/revisions\/29"}],"wp:attachment":[{"href":"https:\/\/strateg-it.fr\/index.php\/wp-json\/wp\/v2\/media?parent=27"}],"curies":[{"name":"wp","href":"https:\/\/api.w.org\/{rel}","templated":true}]}}