{"id":210,"date":"2025-03-05T12:30:15","date_gmt":"2025-03-05T11:30:15","guid":{"rendered":"https:\/\/strateg-it.fr\/?page_id=210"},"modified":"2025-03-05T12:30:15","modified_gmt":"2025-03-05T11:30:15","slug":"myodata","status":"publish","type":"page","link":"https:\/\/strateg-it.fr\/index.php\/myodata\/","title":{"rendered":"MyoData"},"content":{"rendered":"<div class=\"wp-block-image\">\n<figure class=\"aligncenter size-full\"><img loading=\"lazy\" decoding=\"async\" width=\"670\" height=\"200\" src=\"https:\/\/strateg-it.fr\/wp-content\/uploads\/2025\/03\/Myodata-banniere-Institut-de-Myologie-2024-670x200-1.jpg\" alt=\"\" class=\"wp-image-211\" srcset=\"https:\/\/strateg-it.fr\/wp-content\/uploads\/2025\/03\/Myodata-banniere-Institut-de-Myologie-2024-670x200-1.jpg 670w, https:\/\/strateg-it.fr\/wp-content\/uploads\/2025\/03\/Myodata-banniere-Institut-de-Myologie-2024-670x200-1-300x90.jpg 300w\" sizes=\"auto, (max-width: 670px) 100vw, 670px\" \/><\/figure>\n<\/div>\n\n\n<p>La plateforme MyoData rassemble une \u00e9quipe pluridisciplinaire ayant pour socle commun l\u2019expertise en mati\u00e8re de Data. Elle fournit aux chercheurs et aux cliniciens de l\u2019institut un soutien structurel et une expertise en mati\u00e8re de traitement, d\u2019int\u00e9gration et d\u2019analyse de donn\u00e9es, de la conception de l\u2019\u00e9tude \u00e0 l\u2019interpr\u00e9tation des donn\u00e9es.<\/p>\n\n\n\n<p>Cinq domaines cl\u00e9s d\u00e9limitent le champ d\u2019intervention de MyoData le data management clinique, la gestion de projet ax\u00e9e sur les donn\u00e9es, le data management technique, la bio-informatique et la bio-statistique.<\/p>\n\n\n\n<p>A plus long terme, la plateforme a pour objectif de fournir des solutions int\u00e9grant l\u2019Intelligence Artificielle et de proposer des services de gestion des donn\u00e9es cliniques.<\/p>\n\n\n\n<p>En 2023, MyoData a accompagn\u00e9 10 \u00e9quipes, p\u00f4les et plateformes \u00e0 l\u2019Institut de Myologie pour pr\u00e8s de 40 projets.<\/p>\n\n\n\n<figure class=\"wp-block-image\"><img decoding=\"async\" src=\"https:\/\/www.institut-myologie.org\/wp-content\/uploads\/2024\/06\/Equipe-Myodata-Institut-de-Myologie-2024.jpg\" alt=\"\" class=\"wp-image-43854\"\/><\/figure>\n\n\n\n<h3 class=\"wp-block-heading\">Composition de l\u2019\u00e9quipe<\/h3>\n\n\n\n<p>Maxime Jacoupy, PhD, Responsable de la plateforme<br>Nathalie Peillod, MS, Cheffe de projet data, Data Manager Clinique<br>Maria Kondili, MSc, Bioinformaticienne<br>Natalia Pinzon, PhD, Bioinformaticienne<br>Fr\u00e9d\u00e9ric Fer, MS, Biostatisticien&nbsp;<\/p>\n\n\n\n<p>Contact&nbsp;:&nbsp;<a href=\"mailto:myodata@institut-myologie.org\">myodata@institut-myologie.org<\/a><\/p>\n\n\n\n<h1 class=\"wp-block-heading\">Expertises<\/h1>\n\n\n\n<h3 class=\"wp-block-heading\">Data management&nbsp;<\/h3>\n\n\n\n<p><strong>Gestion et organisation des donn\u00e9es<\/strong><\/p>\n\n\n\n<ul class=\"wp-block-list\">\n<li>\u00c9laboration de strat\u00e9gies de gestion des donn\u00e9es<\/li>\n\n\n\n<li>Cr\u00e9ation et maintenance de bases de donn\u00e9es structur\u00e9es<\/li>\n\n\n\n<li>Gestion des m\u00e9tadonn\u00e9es pour garantir la tra\u00e7abilit\u00e9 et la compr\u00e9hension des donn\u00e9es<\/li>\n<\/ul>\n\n\n\n<p><strong>S\u00e9curit\u00e9, qualit\u00e9 et conformit\u00e9 des donn\u00e9es<\/strong><\/p>\n\n\n\n<ul class=\"wp-block-list\">\n<li>Mise en place de politiques et de proc\u00e9dures de s\u00e9curit\u00e9 pour prot\u00e9ger les donn\u00e9es<\/li>\n\n\n\n<li>Contr\u00f4le de la qualit\u00e9 et de l\u2019int\u00e9grit\u00e9 des donn\u00e9es pour garantir leur exactitude<\/li>\n\n\n\n<li>Respect des r\u00e9glementations en mati\u00e8re de protection des donn\u00e9es et de confidentialit\u00e9<\/li>\n<\/ul>\n\n\n\n<p><strong>Support technique et gestion des infrastructures<\/strong><\/p>\n\n\n\n<ul class=\"wp-block-list\">\n<li>Administration et maintenance des infrastructures informatiques et des syst\u00e8mes de gestion de donn\u00e9es<\/li>\n\n\n\n<li>Assistance technique aux chercheurs et aux autres membres de l\u2019\u00e9quipe data<\/li>\n\n\n\n<li>Optimisation des processus et des outils de gestion des donn\u00e9es<\/li>\n<\/ul>\n\n\n\n<h3 class=\"wp-block-heading\">Bio-informatique<\/h3>\n\n\n\n<p><strong>Analyse des donn\u00e9es OMIQUES<\/strong><\/p>\n\n\n\n<ul class=\"wp-block-list\">\n<li>Analyse de donn\u00e9es haut d\u00e9bit issues de technologies OMIQUES telles que la g\u00e9nomique, la transcriptomique, la prot\u00e9omique, l\u2019\u00e9pig\u00e9nomique, etc.<\/li>\n\n\n\n<li>Utilisation de logiciels et de m\u00e9thodes d\u2019analyse statistique pour identifier les mod\u00e8les, les tendances et les associations significatives<\/li>\n\n\n\n<li>Interpr\u00e9tation des r\u00e9sultats et contribution \u00e0 la compr\u00e9hension biologique des processus \u00e9tudi\u00e9s<\/li>\n<\/ul>\n\n\n\n<p><strong>D\u00e9veloppement d\u2019outils et de ressources bio-informatiques<\/strong><\/p>\n\n\n\n<ul class=\"wp-block-list\">\n<li>D\u00e9veloppement de pipelines et de workflows d\u2019analyse de donn\u00e9es OMIQUES pour optimiser la reproductibilit\u00e9, l\u2019efficacit\u00e9 et la qualit\u00e9 de l\u2019analyse de donn\u00e9es<\/li>\n\n\n\n<li>Cr\u00e9ation de bases de donn\u00e9es et de ressources bio-informatiques pour faciliter la r\u00e9utilisation et le partage des donn\u00e9es et des r\u00e9sultats<\/li>\n\n\n\n<li>Veille technologique et d\u00e9veloppement d\u2019outils innovants pour r\u00e9pondre aux besoins sp\u00e9cifiques des projets de recherche cliniques et de biologie fondamentale<\/li>\n<\/ul>\n\n\n\n<p><strong>Collaboration et soutien aux chercheurs<\/strong><\/p>\n\n\n\n<ul class=\"wp-block-list\">\n<li>Collaboration \u00e9troite avec les chercheurs pour comprendre leurs besoins en mati\u00e8re de bio-informatique et proposer des solutions adapt\u00e9es<\/li>\n\n\n\n<li>Formation des utilisateurs aux logiciels et aux m\u00e9thodes d\u2019analyse bio-informatique<\/li>\n\n\n\n<li>Assistance technique et scientifique aux chercheurs pour l\u2019interpr\u00e9tation des r\u00e9sultats et la r\u00e9daction de rapports scientifiques<\/li>\n\n\n\n<li>Participation \u00e0 la r\u00e9daction des articles\/publications scientifiques comprenant des analyses informatiques.\u00a0<\/li>\n<\/ul>\n\n\n\n<h3 class=\"wp-block-heading\"><\/h3>\n\n\n\n<h3 class=\"wp-block-heading\">Biostatistique<\/h3>\n\n\n\n<p><strong>Conception et planification des \u00e9tudes<\/strong><\/p>\n\n\n\n<ul class=\"wp-block-list\">\n<li>\u00c9laboration des plans d\u2019\u00e9tude et des strat\u00e9gies d\u2019analyse statistique.<\/li>\n\n\n\n<li>Soutien \u00e0 la formulation des protocoles d\u2019\u00e9tudes, accompagn\u00e9 de conseils avis\u00e9s pour la s\u00e9lection des \u00e9chantillons et la d\u00e9finition des param\u00e8tres d\u2019analyse.<\/li>\n\n\n\n<li>Traitement et analyse des donn\u00e9es brutes en utilisant des techniques statistiques avanc\u00e9es.<\/li>\n<\/ul>\n\n\n\n<p><strong>Analyse et interpr\u00e9tation des donn\u00e9es<\/strong><\/p>\n\n\n\n<ul class=\"wp-block-list\">\n<li>Mise en \u0153uvre de strat\u00e9gies innovantes d\u2019analyse de donn\u00e9es et \u00e9laboration de plans d\u2019\u00e9tudes<\/li>\n\n\n\n<li>D\u00e9cryptage minutieux des r\u00e9sultats, d\u00e9tection des tendances \u00e9mergentes et identification des sch\u00e9mas significatifs.<\/li>\n\n\n\n<li>Accompagnement dans la mise en forme des r\u00e9sultats pour les rapports d\u2019\u00e9tudes, les publications et les communications scientifiques.<\/li>\n<\/ul>\n\n\n\n<p><strong>Communication et collaboration<\/strong><\/p>\n\n\n\n<ul class=\"wp-block-list\">\n<li>Collaboration \u00e9troite avec les chercheurs et les autres membres de l\u2019\u00e9quipe data pour identifier et r\u00e9pondre efficacement aux besoins en analyse de donn\u00e9es.<\/li>\n\n\n\n<li>Communication r\u00e9guli\u00e8re et transparente des r\u00e9sultats et des conclusions statistiques aux parties prenantes des projets.<\/li>\n\n\n\n<li>Mise en place d\u2019une veille technologique et de formation interne r\u00e9guli\u00e8re en mati\u00e8re de statistiques et d\u2019analyse de donn\u00e9es.<\/li>\n\n\n\n<li>Gestion des partenaires ext\u00e9rieurs potentiels concernant l\u2019analyse de donn\u00e9es.<\/li>\n<\/ul>\n\n\n\n<h3 class=\"wp-block-heading\"><\/h3>\n\n\n\n<h3 class=\"wp-block-heading\">Gestion de projet data&nbsp;<\/h3>\n\n\n\n<p><strong>Planification et organisation des projets<\/strong><\/p>\n\n\n\n<ul class=\"wp-block-list\">\n<li>\u00c9tablissement d\u2019objectifs clairs et de calendriers pour les projets data<\/li>\n\n\n\n<li>Allocation des ressources et d\u00e9finition des r\u00f4les et responsabilit\u00e9s<\/li>\n\n\n\n<li>Suivi de l\u2019avancement et ajustement des plans de projet en fonction des besoins<\/li>\n<\/ul>\n\n\n\n<p><strong>Coordination et communication<\/strong><\/p>\n\n\n\n<ul class=\"wp-block-list\">\n<li>Collaboration \u00e9troite avec les chercheurs, les \u00e9quipes techniques et les partenaires externes<\/li>\n\n\n\n<li>R\u00e9solution des probl\u00e8mes et prise de d\u00e9cision en collaboration avec les parties prenantes<\/li>\n\n\n\n<li>Communication r\u00e9guli\u00e8re sur l\u2019\u00e9tat d\u2019avancement et les r\u00e9sultats des projets data<\/li>\n<\/ul>\n\n\n\n<p><strong>Design d\u2019eCRF (electronic Case Report Form)<\/strong><\/p>\n\n\n\n<ul class=\"wp-block-list\">\n<li>Conception et d\u00e9veloppement de formulaires \u00e9lectroniques pour la collecte de donn\u00e9es dans les \u00e9tudes cliniques<\/li>\n\n\n\n<li>Veiller \u00e0 ce que les eCRF respectent les normes r\u00e9glementaires et les bonnes pratiques cliniques<\/li>\n\n\n\n<li>Formation des utilisateurs et support technique pour les eCRF<\/li>\n<\/ul>\n\n\n\n<h3 class=\"wp-block-heading\"><\/h3>\n\n\n\n<h3 class=\"wp-block-heading\">Stack technique&nbsp;<\/h3>\n\n\n\n<ul class=\"wp-block-list\">\n<li>Langages de programmation et environnements de d\u00e9veloppement : Python\u00a0; R\u00a0; Jupyter Lab\u00a0; MATLAB ; Bash<\/li>\n\n\n\n<li>Bases de donn\u00e9es et langage de requ\u00eate : SQL<\/li>\n\n\n\n<li>Outils d\u2019analyse statistique : SAS\u00a0; SPSS\u00a0; Prism GraphPad<\/li>\n\n\n\n<li>Gestion de versions et collaboration : Git<\/li>\n\n\n\n<li>Plateformes et services cloud : Microsoft Azure\u00a0; AWS<\/li>\n\n\n\n<li>Outils de gestion de donn\u00e9es cliniques et de recherche : CleanWeb\u00a0; REDCap<\/li>\n\n\n\n<li>Outils de workflow et d\u2019orchestration : Nextflow<\/li>\n<\/ul>\n\n\n\n<h3 class=\"wp-block-heading\"><\/h3>\n\n\n\n<h3 class=\"wp-block-heading\">Le projet MyoData Hub&nbsp;<\/h3>\n\n\n\n<p>MyoData Hub est un projet d\u2019entrep\u00f4t de donn\u00e9es de sant\u00e9 (EDS) d\u00e9di\u00e9 aux donn\u00e9es sur les muscles, qui sera r\u00e9alis\u00e9 en conformit\u00e9 avec les attentes de la CNIL. En plus d\u2019am\u00e9liorer la s\u00e9curit\u00e9 et l\u2019accessibilit\u00e9 aux donn\u00e9es, le Hub permettra de faciliter la recherche, le diagnostic et les soins des patients. Cette plateforme centralisera l\u2019ensemble des donn\u00e9es de sant\u00e9 collect\u00e9es par l\u2019Institut de Myologie, et gr\u00e2ce \u00e0 sa compatibilit\u00e9 avec d\u2019autres sources de donn\u00e9es, pourra r\u00e9aliser des analyses vari\u00e9es en utilisant des outils avanc\u00e9s et l\u2019expertise de collaborateurs externes. Il permettra \u00e9galement d\u2019assurer la conformit\u00e9 des pratiques de s\u00e9curit\u00e9 et de qualit\u00e9 des donn\u00e9es, en respectant les r\u00e9glementations en mati\u00e8re de protection des donn\u00e9es et de confidentialit\u00e9. MyoData Hub rendra ainsi la gestion des donn\u00e9es musculaires plus s\u00e9curis\u00e9e, organis\u00e9e et efficace, favorisant ainsi une meilleure prise en charge des patients et le progr\u00e8s de la recherche.&nbsp;<\/p>\n\n\n\n<p>Regards crois\u00e9s sur ce projet : vision du<strong>&nbsp;Dr Vincent Varlet<\/strong>&nbsp;(Secr\u00e9taire g\u00e9n\u00e9ral de l\u2019Institut de Myologie, M\u00e9decin urgentiste) et du&nbsp;<strong>Dr Teresinha&nbsp;<\/strong><strong>Evangelista<\/strong>&nbsp;(Neurologue et Histopathologiste \u00e0 l\u2019Institut de Myologie).<\/p>\n","protected":false},"excerpt":{"rendered":"<p>La plateforme MyoData rassemble une \u00e9quipe pluridisciplinaire ayant pour socle commun l\u2019expertise en mati\u00e8re de Data. Elle fournit aux chercheurs et aux cliniciens de l\u2019institut un soutien structurel et une expertise en mati\u00e8re de traitement, d\u2019int\u00e9gration et d\u2019analyse de donn\u00e9es, de la conception de l\u2019\u00e9tude \u00e0 l\u2019interpr\u00e9tation des donn\u00e9es. Cinq domaines cl\u00e9s d\u00e9limitent le champ [&hellip;]<\/p>\n","protected":false},"author":1,"featured_media":0,"parent":0,"menu_order":0,"comment_status":"closed","ping_status":"closed","template":"","meta":{"ocean_post_layout":"","ocean_both_sidebars_style":"","ocean_both_sidebars_content_width":0,"ocean_both_sidebars_sidebars_width":0,"ocean_sidebar":"","ocean_second_sidebar":"","ocean_disable_margins":"enable","ocean_add_body_class":"","ocean_shortcode_before_top_bar":"","ocean_shortcode_after_top_bar":"","ocean_shortcode_before_header":"","ocean_shortcode_after_header":"","ocean_has_shortcode":"","ocean_shortcode_after_title":"","ocean_shortcode_before_footer_widgets":"","ocean_shortcode_after_footer_widgets":"","ocean_shortcode_before_footer_bottom":"","ocean_shortcode_after_footer_bottom":"","ocean_display_top_bar":"default","ocean_display_header":"default","ocean_header_style":"","ocean_center_header_left_menu":"","ocean_custom_header_template":"","ocean_custom_logo":0,"ocean_custom_retina_logo":0,"ocean_custom_logo_max_width":0,"ocean_custom_logo_tablet_max_width":0,"ocean_custom_logo_mobile_max_width":0,"ocean_custom_logo_max_height":0,"ocean_custom_logo_tablet_max_height":0,"ocean_custom_logo_mobile_max_height":0,"ocean_header_custom_menu":"","ocean_menu_typo_font_family":"","ocean_menu_typo_font_subset":"","ocean_menu_typo_font_size":0,"ocean_menu_typo_font_size_tablet":0,"ocean_menu_typo_font_size_mobile":0,"ocean_menu_typo_font_size_unit":"px","ocean_menu_typo_font_weight":"","ocean_menu_typo_font_weight_tablet":"","ocean_menu_typo_font_weight_mobile":"","ocean_menu_typo_transform":"","ocean_menu_typo_transform_tablet":"","ocean_menu_typo_transform_mobile":"","ocean_menu_typo_line_height":0,"ocean_menu_typo_line_height_tablet":0,"ocean_menu_typo_line_height_mobile":0,"ocean_menu_typo_line_height_unit":"","ocean_menu_typo_spacing":0,"ocean_menu_typo_spacing_tablet":0,"ocean_menu_typo_spacing_mobile":0,"ocean_menu_typo_spacing_unit":"","ocean_menu_link_color":"","ocean_menu_link_color_hover":"","ocean_menu_link_color_active":"","ocean_menu_link_background":"","ocean_menu_link_hover_background":"","ocean_menu_link_active_background":"","ocean_menu_social_links_bg":"","ocean_menu_social_hover_links_bg":"","ocean_menu_social_links_color":"","ocean_menu_social_hover_links_color":"","ocean_disable_title":"default","ocean_disable_heading":"default","ocean_post_title":"","ocean_post_subheading":"","ocean_post_title_style":"","ocean_post_title_background_color":"","ocean_post_title_background":0,"ocean_post_title_bg_image_position":"","ocean_post_title_bg_image_attachment":"","ocean_post_title_bg_image_repeat":"","ocean_post_title_bg_image_size":"","ocean_post_title_height":0,"ocean_post_title_bg_overlay":0.5,"ocean_post_title_bg_overlay_color":"","ocean_disable_breadcrumbs":"default","ocean_breadcrumbs_color":"","ocean_breadcrumbs_separator_color":"","ocean_breadcrumbs_links_color":"","ocean_breadcrumbs_links_hover_color":"","ocean_display_footer_widgets":"default","ocean_display_footer_bottom":"default","ocean_custom_footer_template":"","footnotes":""},"class_list":["post-210","page","type-page","status-publish","hentry","entry"],"yoast_head":"<!-- This site is optimized with the Yoast SEO plugin v26.9 - https:\/\/yoast.com\/product\/yoast-seo-wordpress\/ -->\n<title>MyoData - Institut de Myologie<\/title>\n<meta name=\"robots\" content=\"index, follow, max-snippet:-1, max-image-preview:large, max-video-preview:-1\" \/>\n<link rel=\"canonical\" href=\"https:\/\/strateg-it.fr\/index.php\/myodata\/\" \/>\n<meta property=\"og:locale\" content=\"fr_FR\" \/>\n<meta property=\"og:type\" content=\"article\" \/>\n<meta property=\"og:title\" content=\"MyoData - Institut de Myologie\" \/>\n<meta property=\"og:description\" content=\"La plateforme MyoData rassemble une \u00e9quipe pluridisciplinaire ayant pour socle commun l\u2019expertise en mati\u00e8re de Data. Elle fournit aux chercheurs et aux cliniciens de l\u2019institut un soutien structurel et une expertise en mati\u00e8re de traitement, d\u2019int\u00e9gration et d\u2019analyse de donn\u00e9es, de la conception de l\u2019\u00e9tude \u00e0 l\u2019interpr\u00e9tation des donn\u00e9es. Cinq domaines cl\u00e9s d\u00e9limitent le champ [&hellip;]\" \/>\n<meta property=\"og:url\" content=\"https:\/\/strateg-it.fr\/index.php\/myodata\/\" \/>\n<meta property=\"og:site_name\" content=\"Institut de Myologie\" \/>\n<meta property=\"og:image\" content=\"https:\/\/strateg-it.fr\/wp-content\/uploads\/2025\/03\/Myodata-banniere-Institut-de-Myologie-2024-670x200-1.jpg\" \/>\n<meta name=\"twitter:card\" content=\"summary_large_image\" \/>\n<meta name=\"twitter:label1\" content=\"Dur\u00e9e de lecture estim\u00e9e\" \/>\n\t<meta name=\"twitter:data1\" content=\"6 minutes\" \/>\n<script type=\"application\/ld+json\" class=\"yoast-schema-graph\">{\"@context\":\"https:\/\/schema.org\",\"@graph\":[{\"@type\":\"WebPage\",\"@id\":\"https:\/\/strateg-it.fr\/index.php\/myodata\/\",\"url\":\"https:\/\/strateg-it.fr\/index.php\/myodata\/\",\"name\":\"MyoData - Institut de Myologie\",\"isPartOf\":{\"@id\":\"https:\/\/strateg-it.fr\/#website\"},\"primaryImageOfPage\":{\"@id\":\"https:\/\/strateg-it.fr\/index.php\/myodata\/#primaryimage\"},\"image\":{\"@id\":\"https:\/\/strateg-it.fr\/index.php\/myodata\/#primaryimage\"},\"thumbnailUrl\":\"https:\/\/strateg-it.fr\/wp-content\/uploads\/2025\/03\/Myodata-banniere-Institut-de-Myologie-2024-670x200-1.jpg\",\"datePublished\":\"2025-03-05T11:30:15+00:00\",\"breadcrumb\":{\"@id\":\"https:\/\/strateg-it.fr\/index.php\/myodata\/#breadcrumb\"},\"inLanguage\":\"fr-FR\",\"potentialAction\":[{\"@type\":\"ReadAction\",\"target\":[\"https:\/\/strateg-it.fr\/index.php\/myodata\/\"]}]},{\"@type\":\"ImageObject\",\"inLanguage\":\"fr-FR\",\"@id\":\"https:\/\/strateg-it.fr\/index.php\/myodata\/#primaryimage\",\"url\":\"https:\/\/strateg-it.fr\/wp-content\/uploads\/2025\/03\/Myodata-banniere-Institut-de-Myologie-2024-670x200-1.jpg\",\"contentUrl\":\"https:\/\/strateg-it.fr\/wp-content\/uploads\/2025\/03\/Myodata-banniere-Institut-de-Myologie-2024-670x200-1.jpg\",\"width\":670,\"height\":200},{\"@type\":\"BreadcrumbList\",\"@id\":\"https:\/\/strateg-it.fr\/index.php\/myodata\/#breadcrumb\",\"itemListElement\":[{\"@type\":\"ListItem\",\"position\":1,\"name\":\"Accueil\",\"item\":\"https:\/\/strateg-it.fr\/\"},{\"@type\":\"ListItem\",\"position\":2,\"name\":\"MyoData\"}]},{\"@type\":\"WebSite\",\"@id\":\"https:\/\/strateg-it.fr\/#website\",\"url\":\"https:\/\/strateg-it.fr\/\",\"name\":\"Institut de Myologie\",\"description\":\"\",\"publisher\":{\"@id\":\"https:\/\/strateg-it.fr\/#organization\"},\"potentialAction\":[{\"@type\":\"SearchAction\",\"target\":{\"@type\":\"EntryPoint\",\"urlTemplate\":\"https:\/\/strateg-it.fr\/?s={search_term_string}\"},\"query-input\":{\"@type\":\"PropertyValueSpecification\",\"valueRequired\":true,\"valueName\":\"search_term_string\"}}],\"inLanguage\":\"fr-FR\"},{\"@type\":\"Organization\",\"@id\":\"https:\/\/strateg-it.fr\/#organization\",\"name\":\"Institut de Myologie\",\"url\":\"https:\/\/strateg-it.fr\/\",\"logo\":{\"@type\":\"ImageObject\",\"inLanguage\":\"fr-FR\",\"@id\":\"https:\/\/strateg-it.fr\/#\/schema\/logo\/image\/\",\"url\":\"https:\/\/strateg-it.fr\/wp-content\/uploads\/2025\/03\/cropped-cropped-logoAIM-3.png\",\"contentUrl\":\"https:\/\/strateg-it.fr\/wp-content\/uploads\/2025\/03\/cropped-cropped-logoAIM-3.png\",\"width\":164,\"height\":45,\"caption\":\"Institut de Myologie\"},\"image\":{\"@id\":\"https:\/\/strateg-it.fr\/#\/schema\/logo\/image\/\"}}]}<\/script>\n<!-- \/ Yoast SEO plugin. -->","yoast_head_json":{"title":"MyoData - Institut de Myologie","robots":{"index":"index","follow":"follow","max-snippet":"max-snippet:-1","max-image-preview":"max-image-preview:large","max-video-preview":"max-video-preview:-1"},"canonical":"https:\/\/strateg-it.fr\/index.php\/myodata\/","og_locale":"fr_FR","og_type":"article","og_title":"MyoData - Institut de Myologie","og_description":"La plateforme MyoData rassemble une \u00e9quipe pluridisciplinaire ayant pour socle commun l\u2019expertise en mati\u00e8re de Data. Elle fournit aux chercheurs et aux cliniciens de l\u2019institut un soutien structurel et une expertise en mati\u00e8re de traitement, d\u2019int\u00e9gration et d\u2019analyse de donn\u00e9es, de la conception de l\u2019\u00e9tude \u00e0 l\u2019interpr\u00e9tation des donn\u00e9es. Cinq domaines cl\u00e9s d\u00e9limitent le champ [&hellip;]","og_url":"https:\/\/strateg-it.fr\/index.php\/myodata\/","og_site_name":"Institut de Myologie","og_image":[{"url":"https:\/\/strateg-it.fr\/wp-content\/uploads\/2025\/03\/Myodata-banniere-Institut-de-Myologie-2024-670x200-1.jpg","type":"","width":"","height":""}],"twitter_card":"summary_large_image","twitter_misc":{"Dur\u00e9e de lecture estim\u00e9e":"6 minutes"},"schema":{"@context":"https:\/\/schema.org","@graph":[{"@type":"WebPage","@id":"https:\/\/strateg-it.fr\/index.php\/myodata\/","url":"https:\/\/strateg-it.fr\/index.php\/myodata\/","name":"MyoData - Institut de Myologie","isPartOf":{"@id":"https:\/\/strateg-it.fr\/#website"},"primaryImageOfPage":{"@id":"https:\/\/strateg-it.fr\/index.php\/myodata\/#primaryimage"},"image":{"@id":"https:\/\/strateg-it.fr\/index.php\/myodata\/#primaryimage"},"thumbnailUrl":"https:\/\/strateg-it.fr\/wp-content\/uploads\/2025\/03\/Myodata-banniere-Institut-de-Myologie-2024-670x200-1.jpg","datePublished":"2025-03-05T11:30:15+00:00","breadcrumb":{"@id":"https:\/\/strateg-it.fr\/index.php\/myodata\/#breadcrumb"},"inLanguage":"fr-FR","potentialAction":[{"@type":"ReadAction","target":["https:\/\/strateg-it.fr\/index.php\/myodata\/"]}]},{"@type":"ImageObject","inLanguage":"fr-FR","@id":"https:\/\/strateg-it.fr\/index.php\/myodata\/#primaryimage","url":"https:\/\/strateg-it.fr\/wp-content\/uploads\/2025\/03\/Myodata-banniere-Institut-de-Myologie-2024-670x200-1.jpg","contentUrl":"https:\/\/strateg-it.fr\/wp-content\/uploads\/2025\/03\/Myodata-banniere-Institut-de-Myologie-2024-670x200-1.jpg","width":670,"height":200},{"@type":"BreadcrumbList","@id":"https:\/\/strateg-it.fr\/index.php\/myodata\/#breadcrumb","itemListElement":[{"@type":"ListItem","position":1,"name":"Accueil","item":"https:\/\/strateg-it.fr\/"},{"@type":"ListItem","position":2,"name":"MyoData"}]},{"@type":"WebSite","@id":"https:\/\/strateg-it.fr\/#website","url":"https:\/\/strateg-it.fr\/","name":"Institut de Myologie","description":"","publisher":{"@id":"https:\/\/strateg-it.fr\/#organization"},"potentialAction":[{"@type":"SearchAction","target":{"@type":"EntryPoint","urlTemplate":"https:\/\/strateg-it.fr\/?s={search_term_string}"},"query-input":{"@type":"PropertyValueSpecification","valueRequired":true,"valueName":"search_term_string"}}],"inLanguage":"fr-FR"},{"@type":"Organization","@id":"https:\/\/strateg-it.fr\/#organization","name":"Institut de Myologie","url":"https:\/\/strateg-it.fr\/","logo":{"@type":"ImageObject","inLanguage":"fr-FR","@id":"https:\/\/strateg-it.fr\/#\/schema\/logo\/image\/","url":"https:\/\/strateg-it.fr\/wp-content\/uploads\/2025\/03\/cropped-cropped-logoAIM-3.png","contentUrl":"https:\/\/strateg-it.fr\/wp-content\/uploads\/2025\/03\/cropped-cropped-logoAIM-3.png","width":164,"height":45,"caption":"Institut de Myologie"},"image":{"@id":"https:\/\/strateg-it.fr\/#\/schema\/logo\/image\/"}}]}},"_links":{"self":[{"href":"https:\/\/strateg-it.fr\/index.php\/wp-json\/wp\/v2\/pages\/210","targetHints":{"allow":["GET"]}}],"collection":[{"href":"https:\/\/strateg-it.fr\/index.php\/wp-json\/wp\/v2\/pages"}],"about":[{"href":"https:\/\/strateg-it.fr\/index.php\/wp-json\/wp\/v2\/types\/page"}],"author":[{"embeddable":true,"href":"https:\/\/strateg-it.fr\/index.php\/wp-json\/wp\/v2\/users\/1"}],"replies":[{"embeddable":true,"href":"https:\/\/strateg-it.fr\/index.php\/wp-json\/wp\/v2\/comments?post=210"}],"version-history":[{"count":1,"href":"https:\/\/strateg-it.fr\/index.php\/wp-json\/wp\/v2\/pages\/210\/revisions"}],"predecessor-version":[{"id":212,"href":"https:\/\/strateg-it.fr\/index.php\/wp-json\/wp\/v2\/pages\/210\/revisions\/212"}],"wp:attachment":[{"href":"https:\/\/strateg-it.fr\/index.php\/wp-json\/wp\/v2\/media?parent=210"}],"curies":[{"name":"wp","href":"https:\/\/api.w.org\/{rel}","templated":true}]}}