{"id":205,"date":"2025-03-05T12:28:03","date_gmt":"2025-03-05T11:28:03","guid":{"rendered":"https:\/\/strateg-it.fr\/?page_id=205"},"modified":"2025-03-05T12:29:08","modified_gmt":"2025-03-05T11:29:08","slug":"centre-dexploration-et-devaluation-neuromusculaire","status":"publish","type":"page","link":"https:\/\/strateg-it.fr\/index.php\/centre-dexploration-et-devaluation-neuromusculaire\/","title":{"rendered":"Centre d\u2019Exploration et d\u2019\u00c9valuation Neuromusculaire"},"content":{"rendered":"<div class=\"wp-block-image\">\n<figure class=\"aligncenter size-full\"><img loading=\"lazy\" decoding=\"async\" width=\"670\" height=\"200\" src=\"https:\/\/strateg-it.fr\/wp-content\/uploads\/2025\/03\/CEEN-Institut-de-Myologie-2019.jpg\" alt=\"\" class=\"wp-image-208\" srcset=\"https:\/\/strateg-it.fr\/wp-content\/uploads\/2025\/03\/CEEN-Institut-de-Myologie-2019.jpg 670w, https:\/\/strateg-it.fr\/wp-content\/uploads\/2025\/03\/CEEN-Institut-de-Myologie-2019-300x90.jpg 300w\" sizes=\"auto, (max-width: 670px) 100vw, 670px\" \/><\/figure>\n<\/div>\n\n\n<p>Cr\u00e9\u00e9 en juin 2021, le Centre d\u2019Exploration et d\u2019\u00c9valuation Neuromusculaire, dirig\u00e9 par le&nbsp;<strong>Pr Fabrice Chr\u00e9tien<\/strong>, regroupe trois laboratoires et une banque de ressources biologiques, comprenant une trentaine de physiciens, m\u00e9decins, kin\u00e9sith\u00e9rapeutes, ing\u00e9nieurs, chercheurs et techniciens.<\/p>\n\n\n\n<p>Les laboratoires&nbsp;<a href=\"https:\/\/www.institut-myologie.org\/recherche\/laboratoire-de-physiologie-et-devaluation-neuromusculaire-dr-j-y-hogrel\/\">de physiologie et d\u2019\u00e9valuation neuromusculaire<\/a>,&nbsp;<a href=\"https:\/\/www.institut-myologie.org\/recherche\/laboratoire-rmn\/\">d\u2019imagerie et de spectroscopie par r\u00e9sonance magn\u00e9tique<\/a>,&nbsp;<a href=\"https:\/\/www.institut-myologie.org\/recherche\/centre-dexploration-et-devaluation-neuromusculaire\/laboratoire-dhistopathologie\/\">d\u2019histopathologie<\/a>&nbsp;et le centre de ressources biologiques&nbsp;<a href=\"https:\/\/www.institut-myologie.org\/recherche\/myobank\/\">Myobank-AFM<\/a>, forts de leur expertise en recherche sur le muscle, collaborent avec toutes les \u00e9quipes de l\u2019Institut et offrent services et conseils \u00e0 des partenaires industriels et acad\u00e9miques dans le cadre d\u2019essais cliniques ou de collaborations.<\/p>\n\n\n\n<p><a href=\"https:\/\/www.institut-myologie.org\/recherche\/laboratoire-de-physiologie-et-devaluation-neuromusculaire-dr-j-y-hogrel\/\">Laboratoire&nbsp;de physiologie et d\u2019\u00e9valuation neuromusculaire<\/a>, dirig\u00e9 par Jean-Yves Hogrel, PhD<\/p>\n\n\n\n<p><a href=\"https:\/\/www.institut-myologie.org\/recherche\/laboratoire-rmn\/\">Laboratoire d\u2019imagerie et de spectroscopie par r\u00e9sonance magn\u00e9tique<\/a>,&nbsp;dirig\u00e9 par Harmen Reyngoudt, PhD &amp; Benjamin Marty, PhD<\/p>\n\n\n\n<p><a href=\"https:\/\/www.institut-myologie.org\/recherche\/centre-dexploration-et-devaluation-neuromusculaire\/laboratoire-dhistopathologie\/\">Laboratoire d\u2019histopathologie<\/a>,&nbsp;dirig\u00e9 par Dr Teresinha Evangelista, MD<\/p>\n\n\n\n<p>Centre de ressources biologiques&nbsp;<a href=\"https:\/\/www.institut-myologie.org\/recherche\/myobank\/\">Myobank-AFM<\/a>, dirig\u00e9 par Pr Bertrand Fontaine, MD<\/p>\n","protected":false},"excerpt":{"rendered":"<p>Cr\u00e9\u00e9 en juin 2021, le Centre d\u2019Exploration et d\u2019\u00c9valuation Neuromusculaire, dirig\u00e9 par le&nbsp;Pr Fabrice Chr\u00e9tien, regroupe trois laboratoires et une banque de ressources biologiques, comprenant une trentaine de physiciens, m\u00e9decins, kin\u00e9sith\u00e9rapeutes, ing\u00e9nieurs, chercheurs et techniciens. Les laboratoires&nbsp;de physiologie et d\u2019\u00e9valuation neuromusculaire,&nbsp;d\u2019imagerie et de spectroscopie par r\u00e9sonance magn\u00e9tique,&nbsp;d\u2019histopathologie&nbsp;et le centre de ressources biologiques&nbsp;Myobank-AFM, forts de leur [&hellip;]<\/p>\n","protected":false},"author":1,"featured_media":0,"parent":0,"menu_order":0,"comment_status":"closed","ping_status":"closed","template":"","meta":{"ocean_post_layout":"","ocean_both_sidebars_style":"","ocean_both_sidebars_content_width":0,"ocean_both_sidebars_sidebars_width":0,"ocean_sidebar":"","ocean_second_sidebar":"","ocean_disable_margins":"enable","ocean_add_body_class":"","ocean_shortcode_before_top_bar":"","ocean_shortcode_after_top_bar":"","ocean_shortcode_before_header":"","ocean_shortcode_after_header":"","ocean_has_shortcode":"","ocean_shortcode_after_title":"","ocean_shortcode_before_footer_widgets":"","ocean_shortcode_after_footer_widgets":"","ocean_shortcode_before_footer_bottom":"","ocean_shortcode_after_footer_bottom":"","ocean_display_top_bar":"default","ocean_display_header":"default","ocean_header_style":"","ocean_center_header_left_menu":"","ocean_custom_header_template":"","ocean_custom_logo":0,"ocean_custom_retina_logo":0,"ocean_custom_logo_max_width":0,"ocean_custom_logo_tablet_max_width":0,"ocean_custom_logo_mobile_max_width":0,"ocean_custom_logo_max_height":0,"ocean_custom_logo_tablet_max_height":0,"ocean_custom_logo_mobile_max_height":0,"ocean_header_custom_menu":"","ocean_menu_typo_font_family":"","ocean_menu_typo_font_subset":"","ocean_menu_typo_font_size":0,"ocean_menu_typo_font_size_tablet":0,"ocean_menu_typo_font_size_mobile":0,"ocean_menu_typo_font_size_unit":"px","ocean_menu_typo_font_weight":"","ocean_menu_typo_font_weight_tablet":"","ocean_menu_typo_font_weight_mobile":"","ocean_menu_typo_transform":"","ocean_menu_typo_transform_tablet":"","ocean_menu_typo_transform_mobile":"","ocean_menu_typo_line_height":0,"ocean_menu_typo_line_height_tablet":0,"ocean_menu_typo_line_height_mobile":0,"ocean_menu_typo_line_height_unit":"","ocean_menu_typo_spacing":0,"ocean_menu_typo_spacing_tablet":0,"ocean_menu_typo_spacing_mobile":0,"ocean_menu_typo_spacing_unit":"","ocean_menu_link_color":"","ocean_menu_link_color_hover":"","ocean_menu_link_color_active":"","ocean_menu_link_background":"","ocean_menu_link_hover_background":"","ocean_menu_link_active_background":"","ocean_menu_social_links_bg":"","ocean_menu_social_hover_links_bg":"","ocean_menu_social_links_color":"","ocean_menu_social_hover_links_color":"","ocean_disable_title":"default","ocean_disable_heading":"default","ocean_post_title":"","ocean_post_subheading":"","ocean_post_title_style":"","ocean_post_title_background_color":"","ocean_post_title_background":0,"ocean_post_title_bg_image_position":"","ocean_post_title_bg_image_attachment":"","ocean_post_title_bg_image_repeat":"","ocean_post_title_bg_image_size":"","ocean_post_title_height":0,"ocean_post_title_bg_overlay":0.5,"ocean_post_title_bg_overlay_color":"","ocean_disable_breadcrumbs":"default","ocean_breadcrumbs_color":"","ocean_breadcrumbs_separator_color":"","ocean_breadcrumbs_links_color":"","ocean_breadcrumbs_links_hover_color":"","ocean_display_footer_widgets":"default","ocean_display_footer_bottom":"default","ocean_custom_footer_template":"","footnotes":""},"class_list":["post-205","page","type-page","status-publish","hentry","entry"],"yoast_head":"<!-- This site is optimized with the Yoast SEO plugin v26.9 - https:\/\/yoast.com\/product\/yoast-seo-wordpress\/ -->\n<title>Centre d\u2019Exploration et d\u2019\u00c9valuation Neuromusculaire - Institut de Myologie<\/title>\n<meta name=\"robots\" content=\"index, follow, max-snippet:-1, max-image-preview:large, max-video-preview:-1\" \/>\n<link rel=\"canonical\" href=\"https:\/\/strateg-it.fr\/index.php\/centre-dexploration-et-devaluation-neuromusculaire\/\" \/>\n<meta property=\"og:locale\" content=\"fr_FR\" \/>\n<meta property=\"og:type\" content=\"article\" \/>\n<meta property=\"og:title\" content=\"Centre d\u2019Exploration et d\u2019\u00c9valuation Neuromusculaire - Institut de Myologie\" \/>\n<meta property=\"og:description\" content=\"Cr\u00e9\u00e9 en juin 2021, le Centre d\u2019Exploration et d\u2019\u00c9valuation Neuromusculaire, dirig\u00e9 par le&nbsp;Pr Fabrice Chr\u00e9tien, regroupe trois laboratoires et une banque de ressources biologiques, comprenant une trentaine de physiciens, m\u00e9decins, kin\u00e9sith\u00e9rapeutes, ing\u00e9nieurs, chercheurs et techniciens. Les laboratoires&nbsp;de physiologie et d\u2019\u00e9valuation neuromusculaire,&nbsp;d\u2019imagerie et de spectroscopie par r\u00e9sonance magn\u00e9tique,&nbsp;d\u2019histopathologie&nbsp;et le centre de ressources biologiques&nbsp;Myobank-AFM, forts de leur [&hellip;]\" \/>\n<meta property=\"og:url\" content=\"https:\/\/strateg-it.fr\/index.php\/centre-dexploration-et-devaluation-neuromusculaire\/\" \/>\n<meta property=\"og:site_name\" content=\"Institut de Myologie\" \/>\n<meta property=\"article:modified_time\" content=\"2025-03-05T11:29:08+00:00\" \/>\n<meta property=\"og:image\" content=\"https:\/\/strateg-it.fr\/wp-content\/uploads\/2025\/03\/CEEN-Institut-de-Myologie-2019.jpg\" \/>\n<meta name=\"twitter:card\" content=\"summary_large_image\" \/>\n<meta name=\"twitter:label1\" content=\"Dur\u00e9e de lecture estim\u00e9e\" \/>\n\t<meta name=\"twitter:data1\" content=\"1 minute\" \/>\n<script type=\"application\/ld+json\" class=\"yoast-schema-graph\">{\"@context\":\"https:\/\/schema.org\",\"@graph\":[{\"@type\":\"WebPage\",\"@id\":\"https:\/\/strateg-it.fr\/index.php\/centre-dexploration-et-devaluation-neuromusculaire\/\",\"url\":\"https:\/\/strateg-it.fr\/index.php\/centre-dexploration-et-devaluation-neuromusculaire\/\",\"name\":\"Centre d\u2019Exploration et d\u2019\u00c9valuation Neuromusculaire - Institut de Myologie\",\"isPartOf\":{\"@id\":\"https:\/\/strateg-it.fr\/#website\"},\"primaryImageOfPage\":{\"@id\":\"https:\/\/strateg-it.fr\/index.php\/centre-dexploration-et-devaluation-neuromusculaire\/#primaryimage\"},\"image\":{\"@id\":\"https:\/\/strateg-it.fr\/index.php\/centre-dexploration-et-devaluation-neuromusculaire\/#primaryimage\"},\"thumbnailUrl\":\"https:\/\/strateg-it.fr\/wp-content\/uploads\/2025\/03\/CEEN-Institut-de-Myologie-2019.jpg\",\"datePublished\":\"2025-03-05T11:28:03+00:00\",\"dateModified\":\"2025-03-05T11:29:08+00:00\",\"breadcrumb\":{\"@id\":\"https:\/\/strateg-it.fr\/index.php\/centre-dexploration-et-devaluation-neuromusculaire\/#breadcrumb\"},\"inLanguage\":\"fr-FR\",\"potentialAction\":[{\"@type\":\"ReadAction\",\"target\":[\"https:\/\/strateg-it.fr\/index.php\/centre-dexploration-et-devaluation-neuromusculaire\/\"]}]},{\"@type\":\"ImageObject\",\"inLanguage\":\"fr-FR\",\"@id\":\"https:\/\/strateg-it.fr\/index.php\/centre-dexploration-et-devaluation-neuromusculaire\/#primaryimage\",\"url\":\"https:\/\/strateg-it.fr\/wp-content\/uploads\/2025\/03\/CEEN-Institut-de-Myologie-2019.jpg\",\"contentUrl\":\"https:\/\/strateg-it.fr\/wp-content\/uploads\/2025\/03\/CEEN-Institut-de-Myologie-2019.jpg\",\"width\":670,\"height\":200},{\"@type\":\"BreadcrumbList\",\"@id\":\"https:\/\/strateg-it.fr\/index.php\/centre-dexploration-et-devaluation-neuromusculaire\/#breadcrumb\",\"itemListElement\":[{\"@type\":\"ListItem\",\"position\":1,\"name\":\"Accueil\",\"item\":\"https:\/\/strateg-it.fr\/\"},{\"@type\":\"ListItem\",\"position\":2,\"name\":\"Centre d\u2019Exploration et d\u2019\u00c9valuation Neuromusculaire\"}]},{\"@type\":\"WebSite\",\"@id\":\"https:\/\/strateg-it.fr\/#website\",\"url\":\"https:\/\/strateg-it.fr\/\",\"name\":\"Institut de Myologie\",\"description\":\"\",\"publisher\":{\"@id\":\"https:\/\/strateg-it.fr\/#organization\"},\"potentialAction\":[{\"@type\":\"SearchAction\",\"target\":{\"@type\":\"EntryPoint\",\"urlTemplate\":\"https:\/\/strateg-it.fr\/?s={search_term_string}\"},\"query-input\":{\"@type\":\"PropertyValueSpecification\",\"valueRequired\":true,\"valueName\":\"search_term_string\"}}],\"inLanguage\":\"fr-FR\"},{\"@type\":\"Organization\",\"@id\":\"https:\/\/strateg-it.fr\/#organization\",\"name\":\"Institut de Myologie\",\"url\":\"https:\/\/strateg-it.fr\/\",\"logo\":{\"@type\":\"ImageObject\",\"inLanguage\":\"fr-FR\",\"@id\":\"https:\/\/strateg-it.fr\/#\/schema\/logo\/image\/\",\"url\":\"https:\/\/strateg-it.fr\/wp-content\/uploads\/2025\/03\/cropped-cropped-logoAIM-3.png\",\"contentUrl\":\"https:\/\/strateg-it.fr\/wp-content\/uploads\/2025\/03\/cropped-cropped-logoAIM-3.png\",\"width\":164,\"height\":45,\"caption\":\"Institut de Myologie\"},\"image\":{\"@id\":\"https:\/\/strateg-it.fr\/#\/schema\/logo\/image\/\"}}]}<\/script>\n<!-- \/ Yoast SEO plugin. -->","yoast_head_json":{"title":"Centre d\u2019Exploration et d\u2019\u00c9valuation Neuromusculaire - Institut de Myologie","robots":{"index":"index","follow":"follow","max-snippet":"max-snippet:-1","max-image-preview":"max-image-preview:large","max-video-preview":"max-video-preview:-1"},"canonical":"https:\/\/strateg-it.fr\/index.php\/centre-dexploration-et-devaluation-neuromusculaire\/","og_locale":"fr_FR","og_type":"article","og_title":"Centre d\u2019Exploration et d\u2019\u00c9valuation Neuromusculaire - Institut de Myologie","og_description":"Cr\u00e9\u00e9 en juin 2021, le Centre d\u2019Exploration et d\u2019\u00c9valuation Neuromusculaire, dirig\u00e9 par le&nbsp;Pr Fabrice Chr\u00e9tien, regroupe trois laboratoires et une banque de ressources biologiques, comprenant une trentaine de physiciens, m\u00e9decins, kin\u00e9sith\u00e9rapeutes, ing\u00e9nieurs, chercheurs et techniciens. Les laboratoires&nbsp;de physiologie et d\u2019\u00e9valuation neuromusculaire,&nbsp;d\u2019imagerie et de spectroscopie par r\u00e9sonance magn\u00e9tique,&nbsp;d\u2019histopathologie&nbsp;et le centre de ressources biologiques&nbsp;Myobank-AFM, forts de leur [&hellip;]","og_url":"https:\/\/strateg-it.fr\/index.php\/centre-dexploration-et-devaluation-neuromusculaire\/","og_site_name":"Institut de Myologie","article_modified_time":"2025-03-05T11:29:08+00:00","og_image":[{"url":"https:\/\/strateg-it.fr\/wp-content\/uploads\/2025\/03\/CEEN-Institut-de-Myologie-2019.jpg","type":"","width":"","height":""}],"twitter_card":"summary_large_image","twitter_misc":{"Dur\u00e9e de lecture estim\u00e9e":"1 minute"},"schema":{"@context":"https:\/\/schema.org","@graph":[{"@type":"WebPage","@id":"https:\/\/strateg-it.fr\/index.php\/centre-dexploration-et-devaluation-neuromusculaire\/","url":"https:\/\/strateg-it.fr\/index.php\/centre-dexploration-et-devaluation-neuromusculaire\/","name":"Centre d\u2019Exploration et d\u2019\u00c9valuation Neuromusculaire - Institut de Myologie","isPartOf":{"@id":"https:\/\/strateg-it.fr\/#website"},"primaryImageOfPage":{"@id":"https:\/\/strateg-it.fr\/index.php\/centre-dexploration-et-devaluation-neuromusculaire\/#primaryimage"},"image":{"@id":"https:\/\/strateg-it.fr\/index.php\/centre-dexploration-et-devaluation-neuromusculaire\/#primaryimage"},"thumbnailUrl":"https:\/\/strateg-it.fr\/wp-content\/uploads\/2025\/03\/CEEN-Institut-de-Myologie-2019.jpg","datePublished":"2025-03-05T11:28:03+00:00","dateModified":"2025-03-05T11:29:08+00:00","breadcrumb":{"@id":"https:\/\/strateg-it.fr\/index.php\/centre-dexploration-et-devaluation-neuromusculaire\/#breadcrumb"},"inLanguage":"fr-FR","potentialAction":[{"@type":"ReadAction","target":["https:\/\/strateg-it.fr\/index.php\/centre-dexploration-et-devaluation-neuromusculaire\/"]}]},{"@type":"ImageObject","inLanguage":"fr-FR","@id":"https:\/\/strateg-it.fr\/index.php\/centre-dexploration-et-devaluation-neuromusculaire\/#primaryimage","url":"https:\/\/strateg-it.fr\/wp-content\/uploads\/2025\/03\/CEEN-Institut-de-Myologie-2019.jpg","contentUrl":"https:\/\/strateg-it.fr\/wp-content\/uploads\/2025\/03\/CEEN-Institut-de-Myologie-2019.jpg","width":670,"height":200},{"@type":"BreadcrumbList","@id":"https:\/\/strateg-it.fr\/index.php\/centre-dexploration-et-devaluation-neuromusculaire\/#breadcrumb","itemListElement":[{"@type":"ListItem","position":1,"name":"Accueil","item":"https:\/\/strateg-it.fr\/"},{"@type":"ListItem","position":2,"name":"Centre d\u2019Exploration et d\u2019\u00c9valuation Neuromusculaire"}]},{"@type":"WebSite","@id":"https:\/\/strateg-it.fr\/#website","url":"https:\/\/strateg-it.fr\/","name":"Institut de Myologie","description":"","publisher":{"@id":"https:\/\/strateg-it.fr\/#organization"},"potentialAction":[{"@type":"SearchAction","target":{"@type":"EntryPoint","urlTemplate":"https:\/\/strateg-it.fr\/?s={search_term_string}"},"query-input":{"@type":"PropertyValueSpecification","valueRequired":true,"valueName":"search_term_string"}}],"inLanguage":"fr-FR"},{"@type":"Organization","@id":"https:\/\/strateg-it.fr\/#organization","name":"Institut de Myologie","url":"https:\/\/strateg-it.fr\/","logo":{"@type":"ImageObject","inLanguage":"fr-FR","@id":"https:\/\/strateg-it.fr\/#\/schema\/logo\/image\/","url":"https:\/\/strateg-it.fr\/wp-content\/uploads\/2025\/03\/cropped-cropped-logoAIM-3.png","contentUrl":"https:\/\/strateg-it.fr\/wp-content\/uploads\/2025\/03\/cropped-cropped-logoAIM-3.png","width":164,"height":45,"caption":"Institut de Myologie"},"image":{"@id":"https:\/\/strateg-it.fr\/#\/schema\/logo\/image\/"}}]}},"_links":{"self":[{"href":"https:\/\/strateg-it.fr\/index.php\/wp-json\/wp\/v2\/pages\/205","targetHints":{"allow":["GET"]}}],"collection":[{"href":"https:\/\/strateg-it.fr\/index.php\/wp-json\/wp\/v2\/pages"}],"about":[{"href":"https:\/\/strateg-it.fr\/index.php\/wp-json\/wp\/v2\/types\/page"}],"author":[{"embeddable":true,"href":"https:\/\/strateg-it.fr\/index.php\/wp-json\/wp\/v2\/users\/1"}],"replies":[{"embeddable":true,"href":"https:\/\/strateg-it.fr\/index.php\/wp-json\/wp\/v2\/comments?post=205"}],"version-history":[{"count":2,"href":"https:\/\/strateg-it.fr\/index.php\/wp-json\/wp\/v2\/pages\/205\/revisions"}],"predecessor-version":[{"id":209,"href":"https:\/\/strateg-it.fr\/index.php\/wp-json\/wp\/v2\/pages\/205\/revisions\/209"}],"wp:attachment":[{"href":"https:\/\/strateg-it.fr\/index.php\/wp-json\/wp\/v2\/media?parent=205"}],"curies":[{"name":"wp","href":"https:\/\/api.w.org\/{rel}","templated":true}]}}