{"id":194,"date":"2025-03-05T12:24:37","date_gmt":"2025-03-05T11:24:37","guid":{"rendered":"https:\/\/strateg-it.fr\/?page_id=194"},"modified":"2025-03-05T12:24:37","modified_gmt":"2025-03-05T11:24:37","slug":"notre-organisation","status":"publish","type":"page","link":"https:\/\/strateg-it.fr\/index.php\/notre-organisation\/","title":{"rendered":"Notre organisation"},"content":{"rendered":"\n<p>A la t\u00eate de l\u2019Association Institut de Myologie, un&nbsp;<a href=\"https:\/\/www.institut-myologie.org\/qui-sommes-nous\/gouvernance\/#ca\">conseil d\u2019administration<\/a>, un&nbsp;<a href=\"https:\/\/www.institut-myologie.org\/qui-sommes-nous\/gouvernance\/#cs\">conseil scientifique<\/a>&nbsp;et une&nbsp;<a href=\"https:\/\/www.institut-myologie.org\/qui-sommes-nous\/gouvernance\/#direction\">direction<\/a>&nbsp;op\u00e9rationnelle. En support, les expertises et savoirs faire des membres de la&nbsp;<a href=\"https:\/\/www.institut-myologie.org\/qui-sommes-nous\/gouvernance\/#coordinations\">coordination&nbsp;<\/a>contribuent aux succ\u00e8s des \u00e9quipes de recherche aux besoins sp\u00e9cifiques. En effet, l\u2019institut mobilise de nombreux sp\u00e9cialistes du soin et de la recherche clinique et fondamentale.<\/p>\n\n\n\n<h1 class=\"wp-block-heading\" id=\"ca\">Conseil d\u2019administration<\/h1>\n\n\n\n<figure class=\"wp-block-table\"><table class=\"has-fixed-layout\"><tbody><tr><td><img loading=\"lazy\" decoding=\"async\" src=\"https:\/\/www.institut-myologie.org\/wp-content\/uploads\/2022\/10\/Laurence-Tiennot-Herment-RA-2022-Institut-de-Myologie-e1721376704764.png\" alt=\"\" width=\"135\" height=\"135\"><\/td><td><img loading=\"lazy\" decoding=\"async\" src=\"https:\/\/www.institut-myologie.org\/wp-content\/uploads\/2023\/01\/jacques-salama.jpeg\" alt=\"\" width=\"135\" height=\"135\"><\/td><\/tr><tr><td><strong>Pr\u00e9sidente<br><em>Laurence Tiennot-Herment<br><\/em><\/strong><em>Pr\u00e9sidente de l\u2019AFM-T\u00e9l\u00e9thon<br>Comptable<\/em><\/td><td><strong>Tr\u00e9sorier<br><em>Jacques Salama<br><\/em><\/strong><em>Ancien ing\u00e9nieur de travaux publics<\/em><em><\/em><\/td><\/tr><\/tbody><\/table><\/figure>\n\n\n\n<p><strong>Autres administrateurs<\/strong><\/p>\n\n\n\n<figure class=\"wp-block-table\"><table class=\"has-fixed-layout\"><tbody><tr><td><img loading=\"lazy\" decoding=\"async\" src=\"https:\/\/www.institut-myologie.org\/wp-content\/uploads\/2024\/07\/Serge-Braun-2022.jpg\" alt=\"\" width=\"135\" height=\"136\" srcset=\"https:\/\/www.institut-myologie.org\/wp-content\/uploads\/2024\/07\/Serge-Braun-2022.jpg 448w, https:\/\/www.institut-myologie.org\/wp-content\/uploads\/2024\/07\/Serge-Braun-2022-420x424.jpg 420w, https:\/\/www.institut-myologie.org\/wp-content\/uploads\/2024\/07\/Serge-Braun-2022-325x328.jpg 325w\"><\/td><td><img loading=\"lazy\" decoding=\"async\" src=\"https:\/\/www.institut-myologie.org\/wp-content\/uploads\/2015\/01\/Serge-Bromberg-e1702892004869.png\" alt=\"\" width=\"136\" height=\"135\"><\/td><td><img loading=\"lazy\" decoding=\"async\" src=\"https:\/\/www.institut-myologie.org\/wp-content\/uploads\/2023\/12\/Christian-Cottet.jpg\" alt=\"\" width=\"134\" height=\"135\"><\/td><\/tr><tr><td><strong><em>Serge Braun<br><\/em><\/strong><em>Conseiller \u00e0 la Pr\u00e9sidence de l\u2019AFM-T\u00e9l\u00e9thon<\/em><strong><em><\/em><\/strong><\/td><td><em><strong>Serge Bromberg<br><\/strong>Fondateur de la soci\u00e9t\u00e9 de Production Lobster Films<\/em><\/td><td><strong><em>Christian Cottet<br><\/em><\/strong><em>Pr\u00e9sident du Centre d\u2019Etude des Cellules Souches (CECS) I-Stem<\/em><\/td><\/tr><\/tbody><\/table><\/figure>\n\n\n\n<figure class=\"wp-block-table\"><table class=\"has-fixed-layout\"><tbody><tr><td><img loading=\"lazy\" decoding=\"async\" src=\"https:\/\/www.institut-myologie.org\/wp-content\/uploads\/2015\/01\/Marina.-Roussel-e1702892127598.png\" alt=\"\" width=\"135\" height=\"135\" srcset=\"https:\/\/www.institut-myologie.org\/wp-content\/uploads\/2015\/01\/Marina.-Roussel-e1702892127598.png 339w, https:\/\/www.institut-myologie.org\/wp-content\/uploads\/2015\/01\/Marina.-Roussel-e1702892127598-325x325.png 325w\"><\/td><td><img loading=\"lazy\" decoding=\"async\" src=\"https:\/\/www.institut-myologie.org\/wp-content\/uploads\/2023\/06\/Alain-PELC.jpg\" alt=\"\" width=\"135\" height=\"135\"><\/td><\/tr><tr><td><strong><em>Marina Granjon<br><\/em><\/strong><em>Conseill\u00e8re en financement<\/em><\/td><td><em><strong>Alain Pelc<br><\/strong>Ancien Directeur du service Statistiques et Etudes d\u2019une Caisse de S\u00e9curit\u00e9 sociale<\/em><\/td><\/tr><\/tbody><\/table><\/figure>\n\n\n\n<h1 class=\"wp-block-heading\" id=\"cs\">Conseil scientifique<\/h1>\n\n\n\n<p><strong>Le conseil scientifique de l\u2019Institut de Myologie \u00e9met un avis consultatif aupr\u00e8s du Conseil d\u2019Administration qui prend les d\u00e9cisions relatives \u00e0 l\u2019orientation et l\u2019ex\u00e9cution des travaux scientifiques.&nbsp;<\/strong><\/p>\n\n\n\n<p>La mission, la composition de ce conseil ainsi que son mode de fonctionnement sont d\u00e9finis par le conseil d\u2019administration de l\u2019Association. Le Conseil Scientifique se r\u00e9unit tous les deux ans pour \u00e9valuer le travail scientifique et la valeur ajout\u00e9e de l\u2019Institut.<\/p>\n\n\n\n<h2 class=\"wp-block-heading\">Partenaires<\/h2>\n\n\n\n<p>Thierry GALLI (Inserm)<br>Martine DEFAIS (CNRS)<br>Olivier LYON-CAEN (AP-HP)<br>Anne&nbsp;FLURY-H\u00c9RARD (CEA)<br>Serge BRAUN (AFM-T\u00e9l\u00e9thon)<br>Annick CL\u00c9MENT (UPMC)<\/p>\n\n\n\n<h2 class=\"wp-block-heading\">Experts internationaux<\/h2>\n\n\n\n<p>Francesco MUNTONI (University College, London)<br>Shin\u2019ichi TAKEDA (National Center of Neurology an Psychiatry, Tokyo)<br>Alessandra FERLINI (University of Ferrara)<br>Peter VAN DEN BERGH (Cliniques universitaires St. Luc, Bruxelles)<br>Bjarne UDD (Universit\u00e9 de Tampere, Finlande)<\/p>\n\n\n\n<h2 class=\"wp-block-heading\">Experts fran\u00e7ais<\/h2>\n\n\n\n<p>Nathalie CARTIER-LACAVE (Inserm)<br>Gilles BOUVENOT (HAS Haute Autorit\u00e9 de Sant\u00e9)<br>Margaret BUCKINHAM (Institut Pasteur)<\/p>\n\n\n\n<h1 class=\"wp-block-heading\" id=\"direction\">Direction<\/h1>\n\n\n\n<figure class=\"wp-block-table\"><table class=\"has-fixed-layout\"><tbody><tr><td><img loading=\"lazy\" decoding=\"async\" src=\"https:\/\/www.institut-myologie.org\/wp-content\/uploads\/2022\/10\/Bertrand-Fontaine-Service-de-Neuro-Myologie-Institut-de-Myologie-2021-e1721376862678.jpg\" alt=\"\" width=\"136\" height=\"136\"><\/td><td><img loading=\"lazy\" decoding=\"async\" src=\"https:\/\/www.institut-myologie.org\/wp-content\/uploads\/2024\/07\/Vincent-Varlet-Institut-de-Myologie-2024-670x657.jpg\" alt=\"\" width=\"139\" height=\"136\" srcset=\"https:\/\/www.institut-myologie.org\/wp-content\/uploads\/2024\/07\/Vincent-Varlet-Institut-de-Myologie-2024-670x657.jpg 670w, https:\/\/www.institut-myologie.org\/wp-content\/uploads\/2024\/07\/Vincent-Varlet-Institut-de-Myologie-2024-420x412.jpg 420w, https:\/\/www.institut-myologie.org\/wp-content\/uploads\/2024\/07\/Vincent-Varlet-Institut-de-Myologie-2024-325x318.jpg 325w, https:\/\/www.institut-myologie.org\/wp-content\/uploads\/2024\/07\/Vincent-Varlet-Institut-de-Myologie-2024-768x753.jpg 768w, https:\/\/www.institut-myologie.org\/wp-content\/uploads\/2024\/07\/Vincent-Varlet-Institut-de-Myologie-2024-1536x1505.jpg 1536w, https:\/\/www.institut-myologie.org\/wp-content\/uploads\/2024\/07\/Vincent-Varlet-Institut-de-Myologie-2024-2048x2007.jpg 2048w\"><\/td><\/tr><tr><td><strong>Directeur M\u00e9dical et Scientifique<\/strong><br><em><strong>Bertrand Fontaine<\/strong><\/em><br><em>Chef du service de Neuro-Myologie<\/em><\/td><td><strong>Secr\u00e9taire G\u00e9n\u00e9ral<\/strong><br><em><strong>Vincent Varlet<\/strong><\/em><br><em>Coach et Mentor du programme europ\u00e9en EIT-Health, Pr\u00e9sident du Think-Tank \u00ab LeLabEsant\u00e9 \u00bb<\/em><\/td><\/tr><\/tbody><\/table><\/figure>\n\n\n\n<h1 class=\"wp-block-heading\" id=\"coordination\">P\u00f4le coordination<\/h1>\n\n\n\n<p>L\u2019\u00e9quipe de coordination offre en appui permanent aux \u00e9quipes. Les ressources humaines, le d\u00e9partement juridique et fiscal, la finance, les services g\u00e9n\u00e9raux, l\u2019informatique, la valorisation, l\u2019aide au montage de projets et le business d\u00e9veloppement&nbsp;sont les fonctions essentielles qui permettent aux collaborateurs de l\u2019Institut de travailler de mani\u00e8re efficace et coh\u00e9rente.<\/p>\n\n\n\n<p>Ces fonctions, pr\u00e9sentes au sein de l\u2019Association Institut de Myologie, contribuent \u00e0 cr\u00e9er de la valeur et participent indirectement \u00e0 l\u2019excellence de notre Institut.<\/p>\n","protected":false},"excerpt":{"rendered":"<p>A la t\u00eate de l\u2019Association Institut de Myologie, un&nbsp;conseil d\u2019administration, un&nbsp;conseil scientifique&nbsp;et une&nbsp;direction&nbsp;op\u00e9rationnelle. En support, les expertises et savoirs faire des membres de la&nbsp;coordination&nbsp;contribuent aux succ\u00e8s des \u00e9quipes de recherche aux besoins sp\u00e9cifiques. En effet, l\u2019institut mobilise de nombreux sp\u00e9cialistes du soin et de la recherche clinique et fondamentale. Conseil d\u2019administration Pr\u00e9sidenteLaurence Tiennot-HermentPr\u00e9sidente de l\u2019AFM-T\u00e9l\u00e9thonComptable [&hellip;]<\/p>\n","protected":false},"author":1,"featured_media":0,"parent":0,"menu_order":0,"comment_status":"closed","ping_status":"closed","template":"","meta":{"ocean_post_layout":"","ocean_both_sidebars_style":"","ocean_both_sidebars_content_width":0,"ocean_both_sidebars_sidebars_width":0,"ocean_sidebar":"","ocean_second_sidebar":"","ocean_disable_margins":"enable","ocean_add_body_class":"","ocean_shortcode_before_top_bar":"","ocean_shortcode_after_top_bar":"","ocean_shortcode_before_header":"","ocean_shortcode_after_header":"","ocean_has_shortcode":"","ocean_shortcode_after_title":"","ocean_shortcode_before_footer_widgets":"","ocean_shortcode_after_footer_widgets":"","ocean_shortcode_before_footer_bottom":"","ocean_shortcode_after_footer_bottom":"","ocean_display_top_bar":"default","ocean_display_header":"default","ocean_header_style":"","ocean_center_header_left_menu":"","ocean_custom_header_template":"","ocean_custom_logo":0,"ocean_custom_retina_logo":0,"ocean_custom_logo_max_width":0,"ocean_custom_logo_tablet_max_width":0,"ocean_custom_logo_mobile_max_width":0,"ocean_custom_logo_max_height":0,"ocean_custom_logo_tablet_max_height":0,"ocean_custom_logo_mobile_max_height":0,"ocean_header_custom_menu":"","ocean_menu_typo_font_family":"","ocean_menu_typo_font_subset":"","ocean_menu_typo_font_size":0,"ocean_menu_typo_font_size_tablet":0,"ocean_menu_typo_font_size_mobile":0,"ocean_menu_typo_font_size_unit":"px","ocean_menu_typo_font_weight":"","ocean_menu_typo_font_weight_tablet":"","ocean_menu_typo_font_weight_mobile":"","ocean_menu_typo_transform":"","ocean_menu_typo_transform_tablet":"","ocean_menu_typo_transform_mobile":"","ocean_menu_typo_line_height":0,"ocean_menu_typo_line_height_tablet":0,"ocean_menu_typo_line_height_mobile":0,"ocean_menu_typo_line_height_unit":"","ocean_menu_typo_spacing":0,"ocean_menu_typo_spacing_tablet":0,"ocean_menu_typo_spacing_mobile":0,"ocean_menu_typo_spacing_unit":"","ocean_menu_link_color":"","ocean_menu_link_color_hover":"","ocean_menu_link_color_active":"","ocean_menu_link_background":"","ocean_menu_link_hover_background":"","ocean_menu_link_active_background":"","ocean_menu_social_links_bg":"","ocean_menu_social_hover_links_bg":"","ocean_menu_social_links_color":"","ocean_menu_social_hover_links_color":"","ocean_disable_title":"default","ocean_disable_heading":"default","ocean_post_title":"","ocean_post_subheading":"","ocean_post_title_style":"","ocean_post_title_background_color":"","ocean_post_title_background":0,"ocean_post_title_bg_image_position":"","ocean_post_title_bg_image_attachment":"","ocean_post_title_bg_image_repeat":"","ocean_post_title_bg_image_size":"","ocean_post_title_height":0,"ocean_post_title_bg_overlay":0.5,"ocean_post_title_bg_overlay_color":"","ocean_disable_breadcrumbs":"default","ocean_breadcrumbs_color":"","ocean_breadcrumbs_separator_color":"","ocean_breadcrumbs_links_color":"","ocean_breadcrumbs_links_hover_color":"","ocean_display_footer_widgets":"default","ocean_display_footer_bottom":"default","ocean_custom_footer_template":"","footnotes":""},"class_list":["post-194","page","type-page","status-publish","hentry","entry"],"yoast_head":"<!-- This site is optimized with the Yoast SEO plugin v26.9 - https:\/\/yoast.com\/product\/yoast-seo-wordpress\/ -->\n<title>Notre organisation - Institut de Myologie<\/title>\n<meta name=\"robots\" content=\"index, follow, max-snippet:-1, max-image-preview:large, max-video-preview:-1\" \/>\n<link rel=\"canonical\" href=\"https:\/\/strateg-it.fr\/index.php\/notre-organisation\/\" \/>\n<meta property=\"og:locale\" content=\"fr_FR\" \/>\n<meta property=\"og:type\" content=\"article\" \/>\n<meta property=\"og:title\" content=\"Notre organisation - Institut de Myologie\" \/>\n<meta property=\"og:description\" content=\"A la t\u00eate de l\u2019Association Institut de Myologie, un&nbsp;conseil d\u2019administration, un&nbsp;conseil scientifique&nbsp;et une&nbsp;direction&nbsp;op\u00e9rationnelle. En support, les expertises et savoirs faire des membres de la&nbsp;coordination&nbsp;contribuent aux succ\u00e8s des \u00e9quipes de recherche aux besoins sp\u00e9cifiques. En effet, l\u2019institut mobilise de nombreux sp\u00e9cialistes du soin et de la recherche clinique et fondamentale. Conseil d\u2019administration Pr\u00e9sidenteLaurence Tiennot-HermentPr\u00e9sidente de l\u2019AFM-T\u00e9l\u00e9thonComptable [&hellip;]\" \/>\n<meta property=\"og:url\" content=\"https:\/\/strateg-it.fr\/index.php\/notre-organisation\/\" \/>\n<meta property=\"og:site_name\" content=\"Institut de Myologie\" \/>\n<meta property=\"og:image\" content=\"https:\/\/www.institut-myologie.org\/wp-content\/uploads\/2022\/10\/Laurence-Tiennot-Herment-RA-2022-Institut-de-Myologie-e1721376704764.png\" \/>\n<meta name=\"twitter:card\" content=\"summary_large_image\" \/>\n<meta name=\"twitter:label1\" content=\"Dur\u00e9e de lecture estim\u00e9e\" \/>\n\t<meta name=\"twitter:data1\" content=\"2 minutes\" \/>\n<script type=\"application\/ld+json\" class=\"yoast-schema-graph\">{\"@context\":\"https:\/\/schema.org\",\"@graph\":[{\"@type\":\"WebPage\",\"@id\":\"https:\/\/strateg-it.fr\/index.php\/notre-organisation\/\",\"url\":\"https:\/\/strateg-it.fr\/index.php\/notre-organisation\/\",\"name\":\"Notre organisation - Institut de Myologie\",\"isPartOf\":{\"@id\":\"https:\/\/strateg-it.fr\/#website\"},\"primaryImageOfPage\":{\"@id\":\"https:\/\/strateg-it.fr\/index.php\/notre-organisation\/#primaryimage\"},\"image\":{\"@id\":\"https:\/\/strateg-it.fr\/index.php\/notre-organisation\/#primaryimage\"},\"thumbnailUrl\":\"https:\/\/www.institut-myologie.org\/wp-content\/uploads\/2022\/10\/Laurence-Tiennot-Herment-RA-2022-Institut-de-Myologie-e1721376704764.png\",\"datePublished\":\"2025-03-05T11:24:37+00:00\",\"breadcrumb\":{\"@id\":\"https:\/\/strateg-it.fr\/index.php\/notre-organisation\/#breadcrumb\"},\"inLanguage\":\"fr-FR\",\"potentialAction\":[{\"@type\":\"ReadAction\",\"target\":[\"https:\/\/strateg-it.fr\/index.php\/notre-organisation\/\"]}]},{\"@type\":\"ImageObject\",\"inLanguage\":\"fr-FR\",\"@id\":\"https:\/\/strateg-it.fr\/index.php\/notre-organisation\/#primaryimage\",\"url\":\"https:\/\/www.institut-myologie.org\/wp-content\/uploads\/2022\/10\/Laurence-Tiennot-Herment-RA-2022-Institut-de-Myologie-e1721376704764.png\",\"contentUrl\":\"https:\/\/www.institut-myologie.org\/wp-content\/uploads\/2022\/10\/Laurence-Tiennot-Herment-RA-2022-Institut-de-Myologie-e1721376704764.png\"},{\"@type\":\"BreadcrumbList\",\"@id\":\"https:\/\/strateg-it.fr\/index.php\/notre-organisation\/#breadcrumb\",\"itemListElement\":[{\"@type\":\"ListItem\",\"position\":1,\"name\":\"Accueil\",\"item\":\"https:\/\/strateg-it.fr\/\"},{\"@type\":\"ListItem\",\"position\":2,\"name\":\"Notre organisation\"}]},{\"@type\":\"WebSite\",\"@id\":\"https:\/\/strateg-it.fr\/#website\",\"url\":\"https:\/\/strateg-it.fr\/\",\"name\":\"Institut de Myologie\",\"description\":\"\",\"publisher\":{\"@id\":\"https:\/\/strateg-it.fr\/#organization\"},\"potentialAction\":[{\"@type\":\"SearchAction\",\"target\":{\"@type\":\"EntryPoint\",\"urlTemplate\":\"https:\/\/strateg-it.fr\/?s={search_term_string}\"},\"query-input\":{\"@type\":\"PropertyValueSpecification\",\"valueRequired\":true,\"valueName\":\"search_term_string\"}}],\"inLanguage\":\"fr-FR\"},{\"@type\":\"Organization\",\"@id\":\"https:\/\/strateg-it.fr\/#organization\",\"name\":\"Institut de Myologie\",\"url\":\"https:\/\/strateg-it.fr\/\",\"logo\":{\"@type\":\"ImageObject\",\"inLanguage\":\"fr-FR\",\"@id\":\"https:\/\/strateg-it.fr\/#\/schema\/logo\/image\/\",\"url\":\"https:\/\/strateg-it.fr\/wp-content\/uploads\/2025\/03\/cropped-cropped-logoAIM-3.png\",\"contentUrl\":\"https:\/\/strateg-it.fr\/wp-content\/uploads\/2025\/03\/cropped-cropped-logoAIM-3.png\",\"width\":164,\"height\":45,\"caption\":\"Institut de Myologie\"},\"image\":{\"@id\":\"https:\/\/strateg-it.fr\/#\/schema\/logo\/image\/\"}}]}<\/script>\n<!-- \/ Yoast SEO plugin. -->","yoast_head_json":{"title":"Notre organisation - Institut de Myologie","robots":{"index":"index","follow":"follow","max-snippet":"max-snippet:-1","max-image-preview":"max-image-preview:large","max-video-preview":"max-video-preview:-1"},"canonical":"https:\/\/strateg-it.fr\/index.php\/notre-organisation\/","og_locale":"fr_FR","og_type":"article","og_title":"Notre organisation - Institut de Myologie","og_description":"A la t\u00eate de l\u2019Association Institut de Myologie, un&nbsp;conseil d\u2019administration, un&nbsp;conseil scientifique&nbsp;et une&nbsp;direction&nbsp;op\u00e9rationnelle. En support, les expertises et savoirs faire des membres de la&nbsp;coordination&nbsp;contribuent aux succ\u00e8s des \u00e9quipes de recherche aux besoins sp\u00e9cifiques. En effet, l\u2019institut mobilise de nombreux sp\u00e9cialistes du soin et de la recherche clinique et fondamentale. Conseil d\u2019administration Pr\u00e9sidenteLaurence Tiennot-HermentPr\u00e9sidente de l\u2019AFM-T\u00e9l\u00e9thonComptable [&hellip;]","og_url":"https:\/\/strateg-it.fr\/index.php\/notre-organisation\/","og_site_name":"Institut de Myologie","og_image":[{"url":"https:\/\/www.institut-myologie.org\/wp-content\/uploads\/2022\/10\/Laurence-Tiennot-Herment-RA-2022-Institut-de-Myologie-e1721376704764.png","type":"","width":"","height":""}],"twitter_card":"summary_large_image","twitter_misc":{"Dur\u00e9e de lecture estim\u00e9e":"2 minutes"},"schema":{"@context":"https:\/\/schema.org","@graph":[{"@type":"WebPage","@id":"https:\/\/strateg-it.fr\/index.php\/notre-organisation\/","url":"https:\/\/strateg-it.fr\/index.php\/notre-organisation\/","name":"Notre organisation - Institut de Myologie","isPartOf":{"@id":"https:\/\/strateg-it.fr\/#website"},"primaryImageOfPage":{"@id":"https:\/\/strateg-it.fr\/index.php\/notre-organisation\/#primaryimage"},"image":{"@id":"https:\/\/strateg-it.fr\/index.php\/notre-organisation\/#primaryimage"},"thumbnailUrl":"https:\/\/www.institut-myologie.org\/wp-content\/uploads\/2022\/10\/Laurence-Tiennot-Herment-RA-2022-Institut-de-Myologie-e1721376704764.png","datePublished":"2025-03-05T11:24:37+00:00","breadcrumb":{"@id":"https:\/\/strateg-it.fr\/index.php\/notre-organisation\/#breadcrumb"},"inLanguage":"fr-FR","potentialAction":[{"@type":"ReadAction","target":["https:\/\/strateg-it.fr\/index.php\/notre-organisation\/"]}]},{"@type":"ImageObject","inLanguage":"fr-FR","@id":"https:\/\/strateg-it.fr\/index.php\/notre-organisation\/#primaryimage","url":"https:\/\/www.institut-myologie.org\/wp-content\/uploads\/2022\/10\/Laurence-Tiennot-Herment-RA-2022-Institut-de-Myologie-e1721376704764.png","contentUrl":"https:\/\/www.institut-myologie.org\/wp-content\/uploads\/2022\/10\/Laurence-Tiennot-Herment-RA-2022-Institut-de-Myologie-e1721376704764.png"},{"@type":"BreadcrumbList","@id":"https:\/\/strateg-it.fr\/index.php\/notre-organisation\/#breadcrumb","itemListElement":[{"@type":"ListItem","position":1,"name":"Accueil","item":"https:\/\/strateg-it.fr\/"},{"@type":"ListItem","position":2,"name":"Notre organisation"}]},{"@type":"WebSite","@id":"https:\/\/strateg-it.fr\/#website","url":"https:\/\/strateg-it.fr\/","name":"Institut de Myologie","description":"","publisher":{"@id":"https:\/\/strateg-it.fr\/#organization"},"potentialAction":[{"@type":"SearchAction","target":{"@type":"EntryPoint","urlTemplate":"https:\/\/strateg-it.fr\/?s={search_term_string}"},"query-input":{"@type":"PropertyValueSpecification","valueRequired":true,"valueName":"search_term_string"}}],"inLanguage":"fr-FR"},{"@type":"Organization","@id":"https:\/\/strateg-it.fr\/#organization","name":"Institut de Myologie","url":"https:\/\/strateg-it.fr\/","logo":{"@type":"ImageObject","inLanguage":"fr-FR","@id":"https:\/\/strateg-it.fr\/#\/schema\/logo\/image\/","url":"https:\/\/strateg-it.fr\/wp-content\/uploads\/2025\/03\/cropped-cropped-logoAIM-3.png","contentUrl":"https:\/\/strateg-it.fr\/wp-content\/uploads\/2025\/03\/cropped-cropped-logoAIM-3.png","width":164,"height":45,"caption":"Institut de Myologie"},"image":{"@id":"https:\/\/strateg-it.fr\/#\/schema\/logo\/image\/"}}]}},"_links":{"self":[{"href":"https:\/\/strateg-it.fr\/index.php\/wp-json\/wp\/v2\/pages\/194","targetHints":{"allow":["GET"]}}],"collection":[{"href":"https:\/\/strateg-it.fr\/index.php\/wp-json\/wp\/v2\/pages"}],"about":[{"href":"https:\/\/strateg-it.fr\/index.php\/wp-json\/wp\/v2\/types\/page"}],"author":[{"embeddable":true,"href":"https:\/\/strateg-it.fr\/index.php\/wp-json\/wp\/v2\/users\/1"}],"replies":[{"embeddable":true,"href":"https:\/\/strateg-it.fr\/index.php\/wp-json\/wp\/v2\/comments?post=194"}],"version-history":[{"count":1,"href":"https:\/\/strateg-it.fr\/index.php\/wp-json\/wp\/v2\/pages\/194\/revisions"}],"predecessor-version":[{"id":196,"href":"https:\/\/strateg-it.fr\/index.php\/wp-json\/wp\/v2\/pages\/194\/revisions\/196"}],"wp:attachment":[{"href":"https:\/\/strateg-it.fr\/index.php\/wp-json\/wp\/v2\/media?parent=194"}],"curies":[{"name":"wp","href":"https:\/\/api.w.org\/{rel}","templated":true}]}}