{"id":170,"date":"2025-03-05T11:49:11","date_gmt":"2025-03-05T10:49:11","guid":{"rendered":"https:\/\/strateg-it.fr\/?page_id=170"},"modified":"2025-03-05T13:08:05","modified_gmt":"2025-03-05T12:08:05","slug":"accueil","status":"publish","type":"page","link":"https:\/\/strateg-it.fr\/","title":{"rendered":"Accueil"},"content":{"rendered":"\n<div class=\"alignnormal\"><div id=\"metaslider-id-140\" style=\"max-width: 700px; margin: 0 auto;\" class=\"ml-slider-3-105-0 metaslider metaslider-flex metaslider-140 ml-slider has-dots-nav ms-theme-default-base\" role=\"region\" aria-label=\"Nouveau diaporama\" data-height=\"300\" data-width=\"700\">\n    <div id=\"metaslider_container_140\">\n        <div id=\"metaslider_140\">\n            <ul class='slides'>\n                <li style=\"display: block; width: 100%;\" class=\"slide-143 ms-image \" aria-roledescription=\"slide\" data-date=\"2025-03-05 10:47:15\" data-filename=\"RDD-2025_banniere-home-600x300-1-600x257.png\" data-slide-type=\"image\"><a href=\"https:\/\/strateg-it.fr\/index.php\/2025\/02\/25\/journee-internationale-des-maladies-rares\/\" target=\"_self\" aria-label=\"Voir les d\u00e9tails de la diapositive\" class=\"metaslider_image_link\"><img loading=\"lazy\" decoding=\"async\" src=\"https:\/\/strateg-it.fr\/wp-content\/uploads\/2025\/03\/RDD-2025_banniere-home-600x300-1-600x257.png\" height=\"300\" width=\"700\" alt=\"\" class=\"slider-140 slide-143 msDefaultImage\" title=\"RDD-2025_banniere-home-600x300\" \/><\/a><\/li>\n                <li style=\"display: none; width: 100%;\" class=\"slide-146 ms-image \" aria-roledescription=\"slide\" data-date=\"2025-03-05 10:48:15\" data-filename=\"BANNIERE-AcadeMYO-600-x-300-px-FR-600x257.jpg\" data-slide-type=\"image\"><a href=\"https:\/\/strateg-it.fr\/index.php\/2025\/03\/05\/ecole-dete-academyo-2025\/\" target=\"_self\" aria-label=\"Voir les d\u00e9tails de la diapositive\" class=\"metaslider_image_link\"><img loading=\"lazy\" decoding=\"async\" src=\"https:\/\/strateg-it.fr\/wp-content\/uploads\/2025\/03\/BANNIERE-AcadeMYO-600-x-300-px-FR-600x257.jpg\" height=\"300\" width=\"700\" alt=\"\" class=\"slider-140 slide-146 msDefaultImage\" title=\"BANNIERE-AcadeMYO-600-x-300-px-FR\" \/><\/a><\/li>\n                <li style=\"display: none; width: 100%;\" class=\"slide-151 ms-image \" aria-roledescription=\"slide\" data-date=\"2025-03-05 10:54:02\" data-filename=\"Banniere-Fondation-de-Myologie-2025-3-600x257.jpg\" data-slide-type=\"image\"><a href=\"https:\/\/strateg-it.fr\/index.php\/vers-une-fondation-de-myologie\/\" target=\"_self\" aria-label=\"Voir les d\u00e9tails de la diapositive\" class=\"metaslider_image_link\"><img loading=\"lazy\" decoding=\"async\" src=\"https:\/\/strateg-it.fr\/wp-content\/uploads\/2025\/03\/Banniere-Fondation-de-Myologie-2025-3-600x257.jpg\" height=\"300\" width=\"700\" alt=\"\" class=\"slider-140 slide-151 msDefaultImage\" title=\"Banniere-Fondation-de-Myologie-2025-3\" \/><\/a><\/li>\n            <\/ul>\n        <\/div>\n        \n    <\/div>\n<\/div><\/div>\n\n\n\n<figure class=\"wp-block-embed is-type-video is-provider-youtube wp-block-embed-youtube wp-embed-aspect-16-9 wp-has-aspect-ratio\"><div class=\"wp-block-embed__wrapper\">\n<p class=\"responsive-video-wrap clr\"><iframe loading=\"lazy\" title=\"L&#039;Institut de myologie : un endroit unique pour soigner, rechercher et faire des essais\" width=\"1200\" height=\"675\" src=\"https:\/\/www.youtube.com\/embed\/SGjfxFyecZ0?feature=oembed\" frameborder=\"0\" allow=\"accelerometer; autoplay; clipboard-write; encrypted-media; gyroscope; picture-in-picture; web-share\" referrerpolicy=\"strict-origin-when-cross-origin\" allowfullscreen><\/iframe><\/p>\n<\/div><\/figure>\n\n\n\n<blockquote class=\"wp-block-quote is-layout-flow wp-block-quote-is-layout-flow\"><\/blockquote>\n\n\n\n<h2 class=\"wp-block-heading has-large-font-size\">L&rsquo;institut de Myologie c&rsquo;est :<\/h2>\n\n\n\n<ul class=\"wp-block-list\">\n<li class=\"has-medium-font-size\"><strong>300 experts du muscle et de ses pathologies<\/strong><\/li>\n\n\n\n<li class=\"has-medium-font-size\"><strong>36 060 dossiers<\/strong>&nbsp;de patients (depuis la cr\u00e9ation en 1996)<\/li>\n\n\n\n<li class=\"has-medium-font-size\"><strong>4 500 consultations neuromusculaires adultes<\/strong>,&nbsp;<strong>1 696 consultations de psychologie<\/strong>&nbsp;et&nbsp;<strong>339 consultations p\u00e9diatriques<\/strong><\/li>\n\n\n\n<li class=\"has-medium-font-size\"><strong>1400 hospitalisations de jour annuelles<\/strong><\/li>\n\n\n\n<li class=\"has-medium-font-size\"><strong>243 biopsies musculaires<\/strong>&nbsp;(dont 165 nouvelles, 41 r\u00e9-analys\u00e9es et 37 \u00e9tudi\u00e9es en microscopie \u00e9lectronique)<\/li>\n\n\n\n<li class=\"has-medium-font-size\"><strong>172 publications scientifiques internationales<\/strong><\/li>\n\n\n\n<li class=\"has-medium-font-size\"><strong>20&nbsp;<\/strong><strong>essais cliniques p\u00e9diatriques, 38 essais cliniques adultes et 9 registres et bases de donn\u00e9es<\/strong><\/li>\n\n\n\n<li class=\"has-medium-font-size\"><strong>32 700 \u00e9chantillons<\/strong>&nbsp;disponibles pour la recherche stock\u00e9s dans la banque de ressources biologiques&nbsp;<strong>Myobank AFM<\/strong><\/li>\n\n\n\n<li class=\"has-medium-font-size\"><strong>39 familles de brevets<\/strong>&nbsp;en portefeuille<\/li>\n<\/ul>\n\n\n\n<figure class=\"wp-block-image size-large\"><a href=\"https:\/\/strateg-it.fr\/index.php\/donations\/givewp-donation-form-2\/\"><img loading=\"lazy\" decoding=\"async\" width=\"1024\" height=\"174\" src=\"http:\/\/strateg-it.fr\/wp-content\/uploads\/2025\/03\/Banniere-Ambition-Fondation-Myologie-1024x174.jpg\" alt=\"\" class=\"wp-image-154\" srcset=\"https:\/\/strateg-it.fr\/wp-content\/uploads\/2025\/03\/Banniere-Ambition-Fondation-Myologie-1024x174.jpg 1024w, https:\/\/strateg-it.fr\/wp-content\/uploads\/2025\/03\/Banniere-Ambition-Fondation-Myologie-300x51.jpg 300w, https:\/\/strateg-it.fr\/wp-content\/uploads\/2025\/03\/Banniere-Ambition-Fondation-Myologie-768x131.jpg 768w, https:\/\/strateg-it.fr\/wp-content\/uploads\/2025\/03\/Banniere-Ambition-Fondation-Myologie.jpg 1141w\" sizes=\"auto, (max-width: 1024px) 100vw, 1024px\" \/><\/a><\/figure>\n\n\n\n<p><\/p>\n","protected":false},"excerpt":{"rendered":"<p>L&rsquo;institut de Myologie c&rsquo;est :<\/p>\n","protected":false},"author":1,"featured_media":0,"parent":0,"menu_order":0,"comment_status":"closed","ping_status":"closed","template":"","meta":{"ocean_post_layout":"full-width","ocean_both_sidebars_style":"","ocean_both_sidebars_content_width":0,"ocean_both_sidebars_sidebars_width":0,"ocean_sidebar":"","ocean_second_sidebar":"","ocean_disable_margins":"enable","ocean_add_body_class":"","ocean_shortcode_before_top_bar":"","ocean_shortcode_after_top_bar":"","ocean_shortcode_before_header":"","ocean_shortcode_after_header":"","ocean_has_shortcode":"","ocean_shortcode_after_title":"","ocean_shortcode_before_footer_widgets":"","ocean_shortcode_after_footer_widgets":"","ocean_shortcode_before_footer_bottom":"","ocean_shortcode_after_footer_bottom":"","ocean_display_top_bar":"default","ocean_display_header":"default","ocean_header_style":"","ocean_center_header_left_menu":"","ocean_custom_header_template":"","ocean_custom_logo":0,"ocean_custom_retina_logo":0,"ocean_custom_logo_max_width":0,"ocean_custom_logo_tablet_max_width":0,"ocean_custom_logo_mobile_max_width":0,"ocean_custom_logo_max_height":0,"ocean_custom_logo_tablet_max_height":0,"ocean_custom_logo_mobile_max_height":0,"ocean_header_custom_menu":"","ocean_menu_typo_font_family":"","ocean_menu_typo_font_subset":"","ocean_menu_typo_font_size":0,"ocean_menu_typo_font_size_tablet":0,"ocean_menu_typo_font_size_mobile":0,"ocean_menu_typo_font_size_unit":"px","ocean_menu_typo_font_weight":"","ocean_menu_typo_font_weight_tablet":"","ocean_menu_typo_font_weight_mobile":"","ocean_menu_typo_transform":"","ocean_menu_typo_transform_tablet":"","ocean_menu_typo_transform_mobile":"","ocean_menu_typo_line_height":0,"ocean_menu_typo_line_height_tablet":0,"ocean_menu_typo_line_height_mobile":0,"ocean_menu_typo_line_height_unit":"","ocean_menu_typo_spacing":0,"ocean_menu_typo_spacing_tablet":0,"ocean_menu_typo_spacing_mobile":0,"ocean_menu_typo_spacing_unit":"","ocean_menu_link_color":"","ocean_menu_link_color_hover":"","ocean_menu_link_color_active":"","ocean_menu_link_background":"","ocean_menu_link_hover_background":"","ocean_menu_link_active_background":"","ocean_menu_social_links_bg":"","ocean_menu_social_hover_links_bg":"","ocean_menu_social_links_color":"","ocean_menu_social_hover_links_color":"","ocean_disable_title":"default","ocean_disable_heading":"default","ocean_post_title":"","ocean_post_subheading":"","ocean_post_title_style":"","ocean_post_title_background_color":"","ocean_post_title_background":0,"ocean_post_title_bg_image_position":"","ocean_post_title_bg_image_attachment":"","ocean_post_title_bg_image_repeat":"","ocean_post_title_bg_image_size":"","ocean_post_title_height":0,"ocean_post_title_bg_overlay":0.5,"ocean_post_title_bg_overlay_color":"","ocean_disable_breadcrumbs":"default","ocean_breadcrumbs_color":"","ocean_breadcrumbs_separator_color":"","ocean_breadcrumbs_links_color":"","ocean_breadcrumbs_links_hover_color":"","ocean_display_footer_widgets":"default","ocean_display_footer_bottom":"default","ocean_custom_footer_template":"","footnotes":""},"class_list":["post-170","page","type-page","status-publish","hentry","entry"],"yoast_head":"<!-- This site is optimized with the Yoast SEO plugin v26.9 - https:\/\/yoast.com\/product\/yoast-seo-wordpress\/ -->\n<title>Accueil - Institut de Myologie<\/title>\n<meta name=\"robots\" content=\"index, follow, max-snippet:-1, max-image-preview:large, max-video-preview:-1\" \/>\n<link rel=\"canonical\" href=\"https:\/\/strateg-it.fr\/\" \/>\n<meta property=\"og:locale\" content=\"fr_FR\" \/>\n<meta property=\"og:type\" content=\"article\" \/>\n<meta property=\"og:title\" content=\"Accueil - Institut de Myologie\" \/>\n<meta property=\"og:description\" content=\"L&rsquo;institut de Myologie c&rsquo;est :\" \/>\n<meta property=\"og:url\" content=\"https:\/\/strateg-it.fr\/\" \/>\n<meta property=\"og:site_name\" content=\"Institut de Myologie\" \/>\n<meta property=\"article:modified_time\" content=\"2025-03-05T12:08:05+00:00\" \/>\n<meta property=\"og:image\" content=\"http:\/\/strateg-it.fr\/wp-content\/uploads\/2025\/03\/Banniere-Ambition-Fondation-Myologie-1024x174.jpg\" \/>\n<meta name=\"twitter:card\" content=\"summary_large_image\" \/>\n<meta name=\"twitter:label1\" content=\"Dur\u00e9e de lecture estim\u00e9e\" \/>\n\t<meta name=\"twitter:data1\" content=\"1 minute\" \/>\n<script type=\"application\/ld+json\" class=\"yoast-schema-graph\">{\"@context\":\"https:\/\/schema.org\",\"@graph\":[{\"@type\":\"WebPage\",\"@id\":\"https:\/\/strateg-it.fr\/\",\"url\":\"https:\/\/strateg-it.fr\/\",\"name\":\"Accueil - Institut de Myologie\",\"isPartOf\":{\"@id\":\"https:\/\/strateg-it.fr\/#website\"},\"primaryImageOfPage\":{\"@id\":\"https:\/\/strateg-it.fr\/#primaryimage\"},\"image\":{\"@id\":\"https:\/\/strateg-it.fr\/#primaryimage\"},\"thumbnailUrl\":\"http:\/\/strateg-it.fr\/wp-content\/uploads\/2025\/03\/Banniere-Ambition-Fondation-Myologie-1024x174.jpg\",\"datePublished\":\"2025-03-05T10:49:11+00:00\",\"dateModified\":\"2025-03-05T12:08:05+00:00\",\"breadcrumb\":{\"@id\":\"https:\/\/strateg-it.fr\/#breadcrumb\"},\"inLanguage\":\"fr-FR\",\"potentialAction\":[{\"@type\":\"ReadAction\",\"target\":[\"https:\/\/strateg-it.fr\/\"]}]},{\"@type\":\"ImageObject\",\"inLanguage\":\"fr-FR\",\"@id\":\"https:\/\/strateg-it.fr\/#primaryimage\",\"url\":\"https:\/\/strateg-it.fr\/wp-content\/uploads\/2025\/03\/Banniere-Ambition-Fondation-Myologie.jpg\",\"contentUrl\":\"https:\/\/strateg-it.fr\/wp-content\/uploads\/2025\/03\/Banniere-Ambition-Fondation-Myologie.jpg\",\"width\":1141,\"height\":194},{\"@type\":\"BreadcrumbList\",\"@id\":\"https:\/\/strateg-it.fr\/#breadcrumb\",\"itemListElement\":[{\"@type\":\"ListItem\",\"position\":1,\"name\":\"Accueil\",\"item\":\"https:\/\/strateg-it.fr\/\"},{\"@type\":\"ListItem\",\"position\":2,\"name\":\"Accueil\"}]},{\"@type\":\"WebSite\",\"@id\":\"https:\/\/strateg-it.fr\/#website\",\"url\":\"https:\/\/strateg-it.fr\/\",\"name\":\"Institut de Myologie\",\"description\":\"\",\"publisher\":{\"@id\":\"https:\/\/strateg-it.fr\/#organization\"},\"potentialAction\":[{\"@type\":\"SearchAction\",\"target\":{\"@type\":\"EntryPoint\",\"urlTemplate\":\"https:\/\/strateg-it.fr\/?s={search_term_string}\"},\"query-input\":{\"@type\":\"PropertyValueSpecification\",\"valueRequired\":true,\"valueName\":\"search_term_string\"}}],\"inLanguage\":\"fr-FR\"},{\"@type\":\"Organization\",\"@id\":\"https:\/\/strateg-it.fr\/#organization\",\"name\":\"Institut de Myologie\",\"url\":\"https:\/\/strateg-it.fr\/\",\"logo\":{\"@type\":\"ImageObject\",\"inLanguage\":\"fr-FR\",\"@id\":\"https:\/\/strateg-it.fr\/#\/schema\/logo\/image\/\",\"url\":\"https:\/\/strateg-it.fr\/wp-content\/uploads\/2025\/03\/cropped-cropped-logoAIM-3.png\",\"contentUrl\":\"https:\/\/strateg-it.fr\/wp-content\/uploads\/2025\/03\/cropped-cropped-logoAIM-3.png\",\"width\":164,\"height\":45,\"caption\":\"Institut de Myologie\"},\"image\":{\"@id\":\"https:\/\/strateg-it.fr\/#\/schema\/logo\/image\/\"}}]}<\/script>\n<!-- \/ Yoast SEO plugin. -->","yoast_head_json":{"title":"Accueil - Institut de Myologie","robots":{"index":"index","follow":"follow","max-snippet":"max-snippet:-1","max-image-preview":"max-image-preview:large","max-video-preview":"max-video-preview:-1"},"canonical":"https:\/\/strateg-it.fr\/","og_locale":"fr_FR","og_type":"article","og_title":"Accueil - Institut de Myologie","og_description":"L&rsquo;institut de Myologie c&rsquo;est :","og_url":"https:\/\/strateg-it.fr\/","og_site_name":"Institut de Myologie","article_modified_time":"2025-03-05T12:08:05+00:00","og_image":[{"url":"http:\/\/strateg-it.fr\/wp-content\/uploads\/2025\/03\/Banniere-Ambition-Fondation-Myologie-1024x174.jpg","type":"","width":"","height":""}],"twitter_card":"summary_large_image","twitter_misc":{"Dur\u00e9e de lecture estim\u00e9e":"1 minute"},"schema":{"@context":"https:\/\/schema.org","@graph":[{"@type":"WebPage","@id":"https:\/\/strateg-it.fr\/","url":"https:\/\/strateg-it.fr\/","name":"Accueil - Institut de Myologie","isPartOf":{"@id":"https:\/\/strateg-it.fr\/#website"},"primaryImageOfPage":{"@id":"https:\/\/strateg-it.fr\/#primaryimage"},"image":{"@id":"https:\/\/strateg-it.fr\/#primaryimage"},"thumbnailUrl":"http:\/\/strateg-it.fr\/wp-content\/uploads\/2025\/03\/Banniere-Ambition-Fondation-Myologie-1024x174.jpg","datePublished":"2025-03-05T10:49:11+00:00","dateModified":"2025-03-05T12:08:05+00:00","breadcrumb":{"@id":"https:\/\/strateg-it.fr\/#breadcrumb"},"inLanguage":"fr-FR","potentialAction":[{"@type":"ReadAction","target":["https:\/\/strateg-it.fr\/"]}]},{"@type":"ImageObject","inLanguage":"fr-FR","@id":"https:\/\/strateg-it.fr\/#primaryimage","url":"https:\/\/strateg-it.fr\/wp-content\/uploads\/2025\/03\/Banniere-Ambition-Fondation-Myologie.jpg","contentUrl":"https:\/\/strateg-it.fr\/wp-content\/uploads\/2025\/03\/Banniere-Ambition-Fondation-Myologie.jpg","width":1141,"height":194},{"@type":"BreadcrumbList","@id":"https:\/\/strateg-it.fr\/#breadcrumb","itemListElement":[{"@type":"ListItem","position":1,"name":"Accueil","item":"https:\/\/strateg-it.fr\/"},{"@type":"ListItem","position":2,"name":"Accueil"}]},{"@type":"WebSite","@id":"https:\/\/strateg-it.fr\/#website","url":"https:\/\/strateg-it.fr\/","name":"Institut de Myologie","description":"","publisher":{"@id":"https:\/\/strateg-it.fr\/#organization"},"potentialAction":[{"@type":"SearchAction","target":{"@type":"EntryPoint","urlTemplate":"https:\/\/strateg-it.fr\/?s={search_term_string}"},"query-input":{"@type":"PropertyValueSpecification","valueRequired":true,"valueName":"search_term_string"}}],"inLanguage":"fr-FR"},{"@type":"Organization","@id":"https:\/\/strateg-it.fr\/#organization","name":"Institut de Myologie","url":"https:\/\/strateg-it.fr\/","logo":{"@type":"ImageObject","inLanguage":"fr-FR","@id":"https:\/\/strateg-it.fr\/#\/schema\/logo\/image\/","url":"https:\/\/strateg-it.fr\/wp-content\/uploads\/2025\/03\/cropped-cropped-logoAIM-3.png","contentUrl":"https:\/\/strateg-it.fr\/wp-content\/uploads\/2025\/03\/cropped-cropped-logoAIM-3.png","width":164,"height":45,"caption":"Institut de Myologie"},"image":{"@id":"https:\/\/strateg-it.fr\/#\/schema\/logo\/image\/"}}]}},"_links":{"self":[{"href":"https:\/\/strateg-it.fr\/index.php\/wp-json\/wp\/v2\/pages\/170","targetHints":{"allow":["GET"]}}],"collection":[{"href":"https:\/\/strateg-it.fr\/index.php\/wp-json\/wp\/v2\/pages"}],"about":[{"href":"https:\/\/strateg-it.fr\/index.php\/wp-json\/wp\/v2\/types\/page"}],"author":[{"embeddable":true,"href":"https:\/\/strateg-it.fr\/index.php\/wp-json\/wp\/v2\/users\/1"}],"replies":[{"embeddable":true,"href":"https:\/\/strateg-it.fr\/index.php\/wp-json\/wp\/v2\/comments?post=170"}],"version-history":[{"count":11,"href":"https:\/\/strateg-it.fr\/index.php\/wp-json\/wp\/v2\/pages\/170\/revisions"}],"predecessor-version":[{"id":228,"href":"https:\/\/strateg-it.fr\/index.php\/wp-json\/wp\/v2\/pages\/170\/revisions\/228"}],"wp:attachment":[{"href":"https:\/\/strateg-it.fr\/index.php\/wp-json\/wp\/v2\/media?parent=170"}],"curies":[{"name":"wp","href":"https:\/\/api.w.org\/{rel}","templated":true}]}}