{"id":152,"date":"2025-03-05T10:55:08","date_gmt":"2025-03-05T09:55:08","guid":{"rendered":"https:\/\/strateg-it.fr\/?page_id=152"},"modified":"2025-03-05T11:00:06","modified_gmt":"2025-03-05T10:00:06","slug":"vers-une-fondation-de-myologie","status":"publish","type":"page","link":"https:\/\/strateg-it.fr\/index.php\/vers-une-fondation-de-myologie\/","title":{"rendered":"Vers une Fondation de Myologie"},"content":{"rendered":"\n<figure class=\"wp-block-image size-large\"><a href=\"https:\/\/strateg-it.fr\/index.php\/faire-un-don\/\"><img loading=\"lazy\" decoding=\"async\" width=\"1024\" height=\"174\" src=\"http:\/\/strateg-it.fr\/wp-content\/uploads\/2025\/03\/Banniere-Ambition-Fondation-Myologie-1024x174.jpg\" alt=\"\" class=\"wp-image-154\" srcset=\"https:\/\/strateg-it.fr\/wp-content\/uploads\/2025\/03\/Banniere-Ambition-Fondation-Myologie-1024x174.jpg 1024w, https:\/\/strateg-it.fr\/wp-content\/uploads\/2025\/03\/Banniere-Ambition-Fondation-Myologie-300x51.jpg 300w, https:\/\/strateg-it.fr\/wp-content\/uploads\/2025\/03\/Banniere-Ambition-Fondation-Myologie-768x131.jpg 768w, https:\/\/strateg-it.fr\/wp-content\/uploads\/2025\/03\/Banniere-Ambition-Fondation-Myologie.jpg 1141w\" sizes=\"auto, (max-width: 1024px) 100vw, 1024px\" \/><\/a><\/figure>\n\n\n\n<h2 class=\"wp-block-heading\">Une future Fondation au service d\u2019une discipline majeure : la Myologie<\/h2>\n\n\n\n<p>En moins de 30 ans, la Myologie est pass\u00e9e d\u2019une science balbutiante \u00e0 une&nbsp;<strong>discipline<\/strong>&nbsp;foisonnante. La multiplication des pistes de recherche&nbsp;et des avanc\u00e9es a propuls\u00e9 le muscle au rang de mod\u00e8le d\u2019innovation pour la recherche scientifique et m\u00e9dicale.<\/p>\n\n\n\n<p>L\u2019\u00e9tude du muscle<strong>&nbsp;profite au plus grand&nbsp;nombre&nbsp;<\/strong>afin de faire progresser les connaissances non seulement sur le muscle malade mais aussi sur le muscle sain, le muscle accident\u00e9, le muscle sportif et le muscle vieillissant.<\/p>\n\n\n\n<p>D\u00e9sormais reconnue comme une&nbsp;<strong>discipline<\/strong>&nbsp;\u00e0 part enti\u00e8re au sein de la recherche scientifique internationale, gr\u00e2ce notamment \u00e0 l\u2019expertise de l\u2019Institut de Myologie, la Myologie doit aujourd\u2019hui se doter de moyens suppl\u00e9mentaires indispensables \u00e0 la poursuite de son d\u00e9veloppement.<\/p>\n\n\n<div class=\"wp-block-image\">\n<figure class=\"alignright\"><img decoding=\"async\" src=\"https:\/\/www.institut-myologie.org\/wp-content\/uploads\/2023\/02\/Banniere-futur-batiment-Institut-de-Myologie-2.jpg\" alt=\"\" class=\"wp-image-37722\"\/><\/figure>\n<\/div>\n\n\n<p>Dans cette dynamique, et pour&nbsp;<strong>r\u00e9pondre \u00e0 l\u2019enjeu de sant\u00e9 publique majeur qu\u2019est le muscle<\/strong>, l\u2019Association Institut de Myologie et l\u2019AFM-T\u00e9l\u00e9thon ont d\u00e9cid\u00e9 de porter un grand projet de&nbsp;<strong>Fondation de Myologie<\/strong>&nbsp;dont l\u2019objectif est d\u2019\u00e9tudier, diagnostiquer, \u00e9valuer et soigner le muscle dans son ensemble.<\/p>\n\n\n\n<p>La future Fondation du Muscle se fixe pour&nbsp;<strong>mission<\/strong>&nbsp;d\u2019accompagner cette nouvelle phase d\u00e9cisive jusqu\u2019\u00e0 son plus haut niveau tout en offrant \u00e0 la France une<strong>&nbsp;nouvelle opportunit\u00e9<\/strong>&nbsp;de consolider son leadership dans le domaine porteur des bioth\u00e9rapies innovantes.<\/p>\n\n\n\n<p>Implant\u00e9e \u00e0 Paris, aux portes de l\u2019h\u00f4pital de la Piti\u00e9 Salp\u00eatri\u00e8re, la Fondation de Myologie sera un lieu de rayonnement international qui accueillera les meilleures \u00e9quipes travaillant sur le muscle.<\/p>\n\n\n\n<p>Les ambitions de la future Fondation de Myologie :<\/p>\n\n\n\n<ul class=\"wp-block-list\">\n<li>Un socle fort : L\u2019Institut de Myologie alliant diff\u00e9rentes expertises autour du muscle malade<\/li>\n\n\n\n<li>Un p\u00e9rim\u00e8tre \u00e9largi : le muscle dans tous ses \u00e9tats<\/li>\n\n\n\n<li>Une Fondation \u00e0 dimension nationale : un atout pour les forces myologiques pr\u00e9sentes sur tout le territoire<\/li>\n\n\n\n<li>Une ambition internationale avec une expertise scientifique renforc\u00e9e<\/li>\n\n\n\n<li>Une attractivit\u00e9 renouvel\u00e9e autour de l\u2019innovation et de nouveaux partenariats (plateformes technologiques, start-up\u2026)<\/li>\n\n\n\n<li>Le muscle, organe mod\u00e8le, source d\u2019innovations th\u00e9rapeutiques<\/li>\n\n\n\n<li>Un objectif : faire reconnaitre la Myologie comme discipline transversale<\/li>\n<\/ul>\n\n\n\n<p><strong>Le b\u00e2timent qui accueillera la future Fondation&nbsp;<\/strong><\/p>\n\n\n\n<p>Situ\u00e9e sur la zone d\u2019activit\u00e9 concert\u00e9e Paris Rive Gauche am\u00e9nag\u00e9e par la SEMAPA, \u00e0 l\u2019interface entre le site hospitalier de la Piti\u00e9-Salp\u00eatri\u00e8re et le nouveau quartier d\u2019Austerlitz, la future Fondation de Myologie se d\u00e9ploiera, en 2027, sur pr\u00e8s de 10 000 m\u00b2.<\/p>\n\n\n\n<p>Imagin\u00e9e par le groupement compos\u00e9 des architectes Brunet Saunier &amp; Associ\u00e9s et Belval &amp; Parquet Architectes, des bureaux d\u2019\u00e9tudes CET Ing\u00e9nierie et GAYA D\u00e9veloppement Durable, et avec l\u2019expertise de CAREIT Projet Management, le b\u00e2timent est con\u00e7u dans un souci de qualit\u00e9 environnementale et visera notamment la certification HQE B\u00e2timent Durable niveau excellent.<\/p>\n\n\n\n<blockquote class=\"wp-block-quote is-layout-flow wp-block-quote-is-layout-flow\">\n<p>Pour plus d\u2019informations sur le projet de future Fondation du Muscle, vous pouvez contacter :<\/p>\n\n\n\n<p>M\u00e9lin\u00e9e Frenkian, Directrice de Projets Strat\u00e9giques<\/p>\n\n\n\n<p><a href=\"mailto:m.frenkian@institut-myologie.org\" target=\"_blank\" rel=\"noreferrer noopener\">m.frenkian@institut-myologie.org<\/a><\/p>\n<\/blockquote>\n\n\n\n<p><strong>FAIRE UN DON<\/strong>&nbsp;<strong>POUR SOUTENIR LE PROJET FONDATION DE MYOLOGIE<\/strong><\/p>\n\n\n\n<blockquote class=\"wp-block-quote is-layout-flow wp-block-quote-is-layout-flow\"><div class=\"wp-block-image\">\n<figure class=\"alignleft\"><a href=\"http:\/\/don.institut-myologie.org\/\" target=\"_blank\" rel=\"noreferrer noopener\"><img decoding=\"async\" src=\"https:\/\/www.institut-myologie.org\/wp-content\/uploads\/2020\/09\/Picto-Don-80.png\" alt=\"\" class=\"wp-image-26389\"\/><\/a><\/figure>\n<\/div>\n\n\n<p><br>Pour soutenir le d\u00e9veloppement de l\u2019Association Institut de Myologie et son projet de Fondation, vous pouvez faire un don sur :&nbsp;<a href=\"https:\/\/ambitionfondationdemyologie.org\/don\" target=\"_blank\" rel=\"noreferrer noopener\">don.institut-myologie.org<\/a><\/p>\n<\/blockquote>\n","protected":false},"excerpt":{"rendered":"<p>Une future Fondation au service d\u2019une discipline majeure : la Myologie En moins de 30 ans, la Myologie est pass\u00e9e d\u2019une science balbutiante \u00e0 une&nbsp;discipline&nbsp;foisonnante. La multiplication des pistes de recherche&nbsp;et des avanc\u00e9es a propuls\u00e9 le muscle au rang de mod\u00e8le d\u2019innovation pour la recherche scientifique et m\u00e9dicale. L\u2019\u00e9tude du muscle&nbsp;profite au plus grand&nbsp;nombre&nbsp;afin de [&hellip;]<\/p>\n","protected":false},"author":1,"featured_media":0,"parent":0,"menu_order":0,"comment_status":"closed","ping_status":"closed","template":"","meta":{"ocean_post_layout":"","ocean_both_sidebars_style":"","ocean_both_sidebars_content_width":0,"ocean_both_sidebars_sidebars_width":0,"ocean_sidebar":"","ocean_second_sidebar":"","ocean_disable_margins":"enable","ocean_add_body_class":"","ocean_shortcode_before_top_bar":"","ocean_shortcode_after_top_bar":"","ocean_shortcode_before_header":"","ocean_shortcode_after_header":"","ocean_has_shortcode":"","ocean_shortcode_after_title":"","ocean_shortcode_before_footer_widgets":"","ocean_shortcode_after_footer_widgets":"","ocean_shortcode_before_footer_bottom":"","ocean_shortcode_after_footer_bottom":"","ocean_display_top_bar":"default","ocean_display_header":"default","ocean_header_style":"","ocean_center_header_left_menu":"","ocean_custom_header_template":"","ocean_custom_logo":0,"ocean_custom_retina_logo":0,"ocean_custom_logo_max_width":0,"ocean_custom_logo_tablet_max_width":0,"ocean_custom_logo_mobile_max_width":0,"ocean_custom_logo_max_height":0,"ocean_custom_logo_tablet_max_height":0,"ocean_custom_logo_mobile_max_height":0,"ocean_header_custom_menu":"","ocean_menu_typo_font_family":"","ocean_menu_typo_font_subset":"","ocean_menu_typo_font_size":0,"ocean_menu_typo_font_size_tablet":0,"ocean_menu_typo_font_size_mobile":0,"ocean_menu_typo_font_size_unit":"px","ocean_menu_typo_font_weight":"","ocean_menu_typo_font_weight_tablet":"","ocean_menu_typo_font_weight_mobile":"","ocean_menu_typo_transform":"","ocean_menu_typo_transform_tablet":"","ocean_menu_typo_transform_mobile":"","ocean_menu_typo_line_height":0,"ocean_menu_typo_line_height_tablet":0,"ocean_menu_typo_line_height_mobile":0,"ocean_menu_typo_line_height_unit":"","ocean_menu_typo_spacing":0,"ocean_menu_typo_spacing_tablet":0,"ocean_menu_typo_spacing_mobile":0,"ocean_menu_typo_spacing_unit":"","ocean_menu_link_color":"","ocean_menu_link_color_hover":"","ocean_menu_link_color_active":"","ocean_menu_link_background":"","ocean_menu_link_hover_background":"","ocean_menu_link_active_background":"","ocean_menu_social_links_bg":"","ocean_menu_social_hover_links_bg":"","ocean_menu_social_links_color":"","ocean_menu_social_hover_links_color":"","ocean_disable_title":"default","ocean_disable_heading":"default","ocean_post_title":"","ocean_post_subheading":"","ocean_post_title_style":"","ocean_post_title_background_color":"","ocean_post_title_background":0,"ocean_post_title_bg_image_position":"","ocean_post_title_bg_image_attachment":"","ocean_post_title_bg_image_repeat":"","ocean_post_title_bg_image_size":"","ocean_post_title_height":0,"ocean_post_title_bg_overlay":0.5,"ocean_post_title_bg_overlay_color":"","ocean_disable_breadcrumbs":"default","ocean_breadcrumbs_color":"","ocean_breadcrumbs_separator_color":"","ocean_breadcrumbs_links_color":"","ocean_breadcrumbs_links_hover_color":"","ocean_display_footer_widgets":"default","ocean_display_footer_bottom":"default","ocean_custom_footer_template":"","footnotes":""},"class_list":["post-152","page","type-page","status-publish","hentry","entry"],"yoast_head":"<!-- This site is optimized with the Yoast SEO plugin v26.9 - https:\/\/yoast.com\/product\/yoast-seo-wordpress\/ -->\n<title>Vers une Fondation de Myologie - Institut de Myologie<\/title>\n<meta name=\"robots\" content=\"index, follow, max-snippet:-1, max-image-preview:large, max-video-preview:-1\" \/>\n<link rel=\"canonical\" href=\"https:\/\/strateg-it.fr\/index.php\/vers-une-fondation-de-myologie\/\" \/>\n<meta property=\"og:locale\" content=\"fr_FR\" \/>\n<meta property=\"og:type\" content=\"article\" \/>\n<meta property=\"og:title\" content=\"Vers une Fondation de Myologie - Institut de Myologie\" \/>\n<meta property=\"og:description\" content=\"Une future Fondation au service d\u2019une discipline majeure : la Myologie En moins de 30 ans, la Myologie est pass\u00e9e d\u2019une science balbutiante \u00e0 une&nbsp;discipline&nbsp;foisonnante. La multiplication des pistes de recherche&nbsp;et des avanc\u00e9es a propuls\u00e9 le muscle au rang de mod\u00e8le d\u2019innovation pour la recherche scientifique et m\u00e9dicale. L\u2019\u00e9tude du muscle&nbsp;profite au plus grand&nbsp;nombre&nbsp;afin de [&hellip;]\" \/>\n<meta property=\"og:url\" content=\"https:\/\/strateg-it.fr\/index.php\/vers-une-fondation-de-myologie\/\" \/>\n<meta property=\"og:site_name\" content=\"Institut de Myologie\" \/>\n<meta property=\"article:modified_time\" content=\"2025-03-05T10:00:06+00:00\" \/>\n<meta property=\"og:image\" content=\"http:\/\/strateg-it.fr\/wp-content\/uploads\/2025\/03\/Banniere-Ambition-Fondation-Myologie-1024x174.jpg\" \/>\n<meta name=\"twitter:card\" content=\"summary_large_image\" \/>\n<meta name=\"twitter:label1\" content=\"Dur\u00e9e de lecture estim\u00e9e\" \/>\n\t<meta name=\"twitter:data1\" content=\"3 minutes\" \/>\n<script type=\"application\/ld+json\" class=\"yoast-schema-graph\">{\"@context\":\"https:\/\/schema.org\",\"@graph\":[{\"@type\":\"WebPage\",\"@id\":\"https:\/\/strateg-it.fr\/index.php\/vers-une-fondation-de-myologie\/\",\"url\":\"https:\/\/strateg-it.fr\/index.php\/vers-une-fondation-de-myologie\/\",\"name\":\"Vers une Fondation de Myologie - Institut de Myologie\",\"isPartOf\":{\"@id\":\"https:\/\/strateg-it.fr\/#website\"},\"primaryImageOfPage\":{\"@id\":\"https:\/\/strateg-it.fr\/index.php\/vers-une-fondation-de-myologie\/#primaryimage\"},\"image\":{\"@id\":\"https:\/\/strateg-it.fr\/index.php\/vers-une-fondation-de-myologie\/#primaryimage\"},\"thumbnailUrl\":\"http:\/\/strateg-it.fr\/wp-content\/uploads\/2025\/03\/Banniere-Ambition-Fondation-Myologie-1024x174.jpg\",\"datePublished\":\"2025-03-05T09:55:08+00:00\",\"dateModified\":\"2025-03-05T10:00:06+00:00\",\"breadcrumb\":{\"@id\":\"https:\/\/strateg-it.fr\/index.php\/vers-une-fondation-de-myologie\/#breadcrumb\"},\"inLanguage\":\"fr-FR\",\"potentialAction\":[{\"@type\":\"ReadAction\",\"target\":[\"https:\/\/strateg-it.fr\/index.php\/vers-une-fondation-de-myologie\/\"]}]},{\"@type\":\"ImageObject\",\"inLanguage\":\"fr-FR\",\"@id\":\"https:\/\/strateg-it.fr\/index.php\/vers-une-fondation-de-myologie\/#primaryimage\",\"url\":\"https:\/\/strateg-it.fr\/wp-content\/uploads\/2025\/03\/Banniere-Ambition-Fondation-Myologie.jpg\",\"contentUrl\":\"https:\/\/strateg-it.fr\/wp-content\/uploads\/2025\/03\/Banniere-Ambition-Fondation-Myologie.jpg\",\"width\":1141,\"height\":194},{\"@type\":\"BreadcrumbList\",\"@id\":\"https:\/\/strateg-it.fr\/index.php\/vers-une-fondation-de-myologie\/#breadcrumb\",\"itemListElement\":[{\"@type\":\"ListItem\",\"position\":1,\"name\":\"Accueil\",\"item\":\"https:\/\/strateg-it.fr\/\"},{\"@type\":\"ListItem\",\"position\":2,\"name\":\"Vers une Fondation de Myologie\"}]},{\"@type\":\"WebSite\",\"@id\":\"https:\/\/strateg-it.fr\/#website\",\"url\":\"https:\/\/strateg-it.fr\/\",\"name\":\"Institut de Myologie\",\"description\":\"\",\"publisher\":{\"@id\":\"https:\/\/strateg-it.fr\/#organization\"},\"potentialAction\":[{\"@type\":\"SearchAction\",\"target\":{\"@type\":\"EntryPoint\",\"urlTemplate\":\"https:\/\/strateg-it.fr\/?s={search_term_string}\"},\"query-input\":{\"@type\":\"PropertyValueSpecification\",\"valueRequired\":true,\"valueName\":\"search_term_string\"}}],\"inLanguage\":\"fr-FR\"},{\"@type\":\"Organization\",\"@id\":\"https:\/\/strateg-it.fr\/#organization\",\"name\":\"Institut de Myologie\",\"url\":\"https:\/\/strateg-it.fr\/\",\"logo\":{\"@type\":\"ImageObject\",\"inLanguage\":\"fr-FR\",\"@id\":\"https:\/\/strateg-it.fr\/#\/schema\/logo\/image\/\",\"url\":\"https:\/\/strateg-it.fr\/wp-content\/uploads\/2025\/03\/cropped-cropped-logoAIM-3.png\",\"contentUrl\":\"https:\/\/strateg-it.fr\/wp-content\/uploads\/2025\/03\/cropped-cropped-logoAIM-3.png\",\"width\":164,\"height\":45,\"caption\":\"Institut de Myologie\"},\"image\":{\"@id\":\"https:\/\/strateg-it.fr\/#\/schema\/logo\/image\/\"}}]}<\/script>\n<!-- \/ Yoast SEO plugin. -->","yoast_head_json":{"title":"Vers une Fondation de Myologie - Institut de Myologie","robots":{"index":"index","follow":"follow","max-snippet":"max-snippet:-1","max-image-preview":"max-image-preview:large","max-video-preview":"max-video-preview:-1"},"canonical":"https:\/\/strateg-it.fr\/index.php\/vers-une-fondation-de-myologie\/","og_locale":"fr_FR","og_type":"article","og_title":"Vers une Fondation de Myologie - Institut de Myologie","og_description":"Une future Fondation au service d\u2019une discipline majeure : la Myologie En moins de 30 ans, la Myologie est pass\u00e9e d\u2019une science balbutiante \u00e0 une&nbsp;discipline&nbsp;foisonnante. La multiplication des pistes de recherche&nbsp;et des avanc\u00e9es a propuls\u00e9 le muscle au rang de mod\u00e8le d\u2019innovation pour la recherche scientifique et m\u00e9dicale. L\u2019\u00e9tude du muscle&nbsp;profite au plus grand&nbsp;nombre&nbsp;afin de [&hellip;]","og_url":"https:\/\/strateg-it.fr\/index.php\/vers-une-fondation-de-myologie\/","og_site_name":"Institut de Myologie","article_modified_time":"2025-03-05T10:00:06+00:00","og_image":[{"url":"http:\/\/strateg-it.fr\/wp-content\/uploads\/2025\/03\/Banniere-Ambition-Fondation-Myologie-1024x174.jpg","type":"","width":"","height":""}],"twitter_card":"summary_large_image","twitter_misc":{"Dur\u00e9e de lecture estim\u00e9e":"3 minutes"},"schema":{"@context":"https:\/\/schema.org","@graph":[{"@type":"WebPage","@id":"https:\/\/strateg-it.fr\/index.php\/vers-une-fondation-de-myologie\/","url":"https:\/\/strateg-it.fr\/index.php\/vers-une-fondation-de-myologie\/","name":"Vers une Fondation de Myologie - Institut de Myologie","isPartOf":{"@id":"https:\/\/strateg-it.fr\/#website"},"primaryImageOfPage":{"@id":"https:\/\/strateg-it.fr\/index.php\/vers-une-fondation-de-myologie\/#primaryimage"},"image":{"@id":"https:\/\/strateg-it.fr\/index.php\/vers-une-fondation-de-myologie\/#primaryimage"},"thumbnailUrl":"http:\/\/strateg-it.fr\/wp-content\/uploads\/2025\/03\/Banniere-Ambition-Fondation-Myologie-1024x174.jpg","datePublished":"2025-03-05T09:55:08+00:00","dateModified":"2025-03-05T10:00:06+00:00","breadcrumb":{"@id":"https:\/\/strateg-it.fr\/index.php\/vers-une-fondation-de-myologie\/#breadcrumb"},"inLanguage":"fr-FR","potentialAction":[{"@type":"ReadAction","target":["https:\/\/strateg-it.fr\/index.php\/vers-une-fondation-de-myologie\/"]}]},{"@type":"ImageObject","inLanguage":"fr-FR","@id":"https:\/\/strateg-it.fr\/index.php\/vers-une-fondation-de-myologie\/#primaryimage","url":"https:\/\/strateg-it.fr\/wp-content\/uploads\/2025\/03\/Banniere-Ambition-Fondation-Myologie.jpg","contentUrl":"https:\/\/strateg-it.fr\/wp-content\/uploads\/2025\/03\/Banniere-Ambition-Fondation-Myologie.jpg","width":1141,"height":194},{"@type":"BreadcrumbList","@id":"https:\/\/strateg-it.fr\/index.php\/vers-une-fondation-de-myologie\/#breadcrumb","itemListElement":[{"@type":"ListItem","position":1,"name":"Accueil","item":"https:\/\/strateg-it.fr\/"},{"@type":"ListItem","position":2,"name":"Vers une Fondation de Myologie"}]},{"@type":"WebSite","@id":"https:\/\/strateg-it.fr\/#website","url":"https:\/\/strateg-it.fr\/","name":"Institut de Myologie","description":"","publisher":{"@id":"https:\/\/strateg-it.fr\/#organization"},"potentialAction":[{"@type":"SearchAction","target":{"@type":"EntryPoint","urlTemplate":"https:\/\/strateg-it.fr\/?s={search_term_string}"},"query-input":{"@type":"PropertyValueSpecification","valueRequired":true,"valueName":"search_term_string"}}],"inLanguage":"fr-FR"},{"@type":"Organization","@id":"https:\/\/strateg-it.fr\/#organization","name":"Institut de Myologie","url":"https:\/\/strateg-it.fr\/","logo":{"@type":"ImageObject","inLanguage":"fr-FR","@id":"https:\/\/strateg-it.fr\/#\/schema\/logo\/image\/","url":"https:\/\/strateg-it.fr\/wp-content\/uploads\/2025\/03\/cropped-cropped-logoAIM-3.png","contentUrl":"https:\/\/strateg-it.fr\/wp-content\/uploads\/2025\/03\/cropped-cropped-logoAIM-3.png","width":164,"height":45,"caption":"Institut de Myologie"},"image":{"@id":"https:\/\/strateg-it.fr\/#\/schema\/logo\/image\/"}}]}},"_links":{"self":[{"href":"https:\/\/strateg-it.fr\/index.php\/wp-json\/wp\/v2\/pages\/152","targetHints":{"allow":["GET"]}}],"collection":[{"href":"https:\/\/strateg-it.fr\/index.php\/wp-json\/wp\/v2\/pages"}],"about":[{"href":"https:\/\/strateg-it.fr\/index.php\/wp-json\/wp\/v2\/types\/page"}],"author":[{"embeddable":true,"href":"https:\/\/strateg-it.fr\/index.php\/wp-json\/wp\/v2\/users\/1"}],"replies":[{"embeddable":true,"href":"https:\/\/strateg-it.fr\/index.php\/wp-json\/wp\/v2\/comments?post=152"}],"version-history":[{"count":3,"href":"https:\/\/strateg-it.fr\/index.php\/wp-json\/wp\/v2\/pages\/152\/revisions"}],"predecessor-version":[{"id":162,"href":"https:\/\/strateg-it.fr\/index.php\/wp-json\/wp\/v2\/pages\/152\/revisions\/162"}],"wp:attachment":[{"href":"https:\/\/strateg-it.fr\/index.php\/wp-json\/wp\/v2\/media?parent=152"}],"curies":[{"name":"wp","href":"https:\/\/api.w.org\/{rel}","templated":true}]}}