{"id":126,"date":"2025-03-05T10:29:02","date_gmt":"2025-03-05T09:29:02","guid":{"rendered":"https:\/\/strateg-it.fr\/?page_id=126"},"modified":"2025-03-05T10:29:02","modified_gmt":"2025-03-05T09:29:02","slug":"myobank","status":"publish","type":"page","link":"https:\/\/strateg-it.fr\/index.php\/myobank\/","title":{"rendered":"MyoBank"},"content":{"rendered":"\n<p>Pour aider les chercheurs et faire progresser les connaissances, l\u2019AFM-T\u00e9l\u00e9thon a cr\u00e9\u00e9 une&nbsp;<strong>banque de tissus \u00e0 vis\u00e9e de recherche \u2013 Myobank-AFM de l\u2019Institut de Myologie<\/strong>. Ce centre de ressources biologiques&nbsp;(centre d\u2019expertise m\u00e9dico-scientifique consacr\u00e9 au muscle) est destin\u00e9 \u00e0 l\u2019usage exclusif de la recherche et ce, dans le respect des droits fondamentaux de la personne humaine.<\/p>\n\n\n\n<p>Myobank-AFM a pour&nbsp;<strong>vocation<\/strong>&nbsp;de faciliter les recherches dans le domaine des maladies neuromusculaires, gr\u00e2ce \u00e0 sa mission de collecte, pr\u00e9paration, stockage et mise \u00e0 disposition d\u2019\u00e9chantillons de fluides et de tissus de patients (r\u00e9sidus chirurgicaux) atteints par ces maladies. Son fonctionnement et ses objectifs correspondent \u00e0 la d\u00e9finition des Centres de Ressources Biologiques et est en conformit\u00e9 avec la l\u00e9gislation en vigueur.<\/p>\n\n\n\n<p>Myobank est labellis\u00e9e&nbsp;<a href=\"https:\/\/www.ibisa.net\/annuaire-crb\/myobank-afm-39.html\" target=\"_blank\" rel=\"noreferrer noopener\">IBiSA<\/a>,&nbsp;un organisme qui certifie et soutient les plateformes d\u2019int\u00e9r\u00eat r\u00e9gional ou national dans les domaines de la biologie, de la sant\u00e9 et de l\u2019agronomie. Le label IBiSA garantit la qualit\u00e9 des activit\u00e9s des structures labellis\u00e9es ainsi que leur capacit\u00e9 \u00e0 s\u2019ouvrir \u00e0 la communaut\u00e9 scientifique.<\/p>\n\n\n\n<p>Myobank-AFM est install\u00e9e au sein de la Plateforme Commune de Ressources Biologiques localis\u00e9e sur le site de l\u2019<strong>H\u00f4pital de la Piti\u00e9-Salp\u00eatri\u00e8re, dans le cadre d\u2019un partenariat entre des associations de malades et l\u2019Assistance publique \u2013 H\u00f4pitaux de Paris.<\/strong><\/p>\n\n\n\n<p>Les ressources biologiques de fluides et de tissus humains proviennent principalement de personnes atteintes de maladies neuromusculaires ou rares mais aussi de sujets sains afin de pouvoir fournir un lot de mat\u00e9riel \u00ab t\u00e9moin \u00bb. Ce mat\u00e9riel biologique est destin\u00e9 aux \u00e9tudes \u00ab in vitro \u00bb qui viennent compl\u00e9ter les connaissances acquises avant une exploration clinique \u00ab in vivo&nbsp;\u00bb.<br>Le service est accessible \u00e0 toutes les \u00e9quipes de recherche, qu\u2019elles soient fran\u00e7aises ou internationales, sur simple demande.<\/p>\n\n\n\n<figure class=\"wp-block-embed is-type-video is-provider-youtube wp-block-embed-youtube wp-embed-aspect-16-9 wp-has-aspect-ratio\"><div class=\"wp-block-embed__wrapper\">\n<p class=\"responsive-video-wrap clr\"><iframe loading=\"lazy\" title=\"Maya et Martin visitent la Myobank \u00e0 l&#039;Institut de Myologie | #T\u00e9l\u00e9thon2022\" width=\"1200\" height=\"675\" src=\"https:\/\/www.youtube.com\/embed\/zjTMKFcmbYY?feature=oembed\" frameborder=\"0\" allow=\"accelerometer; autoplay; clipboard-write; encrypted-media; gyroscope; picture-in-picture; web-share\" referrerpolicy=\"strict-origin-when-cross-origin\" allowfullscreen><\/iframe><\/p>\n<\/div><\/figure>\n\n\n\n<h2 class=\"wp-block-heading\">Composition de l\u2019\u00e9quipe<\/h2>\n\n\n\n<p>Pr Bertrand Fontaine, PU-PH, Sorbonne Universit\u00e9, AP-HP, Responsable scientifique de Myobank<br>St\u00e9phane Vasseur, Responsable Op\u00e9rationnel &amp; Responsable qualit\u00e9<br>Maud Chapart-Leclert, Assistante de Recherche<br>Maya Ould Said,&nbsp;&nbsp;Ing\u00e9nieure Qualit\u00e9<\/p>\n\n\n\n<h3 class=\"wp-block-heading\">Conseil scientifique<\/h3>\n\n\n\n<p>Le conseil scientifique de Myobank \u00e9value les projets de recherche et fournit des conseils et des orientations sur les questions scientifiques et techniques. Il est compos\u00e9 de :<\/p>\n\n\n\n<p>Serge Braun :&nbsp;&nbsp;Directeur Scientifique de l\u2019AFM-T\u00e9l\u00e9thon<br>Bertrand Fontaine : Directeur M\u00e9dical &amp; Scientifique de l\u2019Institut de Myologie<br>Anthony B\u00e9hin : Neurologue au Service de Neuro-Myologie de l\u2019Institut de Myologie<\/p>\n\n\n\n<h2 class=\"wp-block-heading\">Contact Myobank-AFM<\/h2>\n\n\n\n<p>Une suggestion, une r\u00e9clamation ou une question ? Veuillez remplir&nbsp;<a href=\"https:\/\/forms.office.com\/e\/PRTce0XD4x\" target=\"_blank\" rel=\"noreferrer noopener\">ce formulaire<\/a>&nbsp;afin que nous puissions traiter votre demande. Si vous avez besoin d\u2019assistance pour remplir ce formulaire, n\u2019h\u00e9sitez pas \u00e0 nous contacter \u00e0 l\u2019adresse&nbsp;<a href=\"mailto:myobank-afm@institut-myologie.org\">myobank-afm@institut-myologie.org<\/a>.<\/p>\n","protected":false},"excerpt":{"rendered":"<p>Pour aider les chercheurs et faire progresser les connaissances, l\u2019AFM-T\u00e9l\u00e9thon a cr\u00e9\u00e9 une&nbsp;banque de tissus \u00e0 vis\u00e9e de recherche \u2013 Myobank-AFM de l\u2019Institut de Myologie. Ce centre de ressources biologiques&nbsp;(centre d\u2019expertise m\u00e9dico-scientifique consacr\u00e9 au muscle) est destin\u00e9 \u00e0 l\u2019usage exclusif de la recherche et ce, dans le respect des droits fondamentaux de la personne humaine. [&hellip;]<\/p>\n","protected":false},"author":1,"featured_media":0,"parent":0,"menu_order":0,"comment_status":"closed","ping_status":"closed","template":"","meta":{"ocean_post_layout":"","ocean_both_sidebars_style":"","ocean_both_sidebars_content_width":0,"ocean_both_sidebars_sidebars_width":0,"ocean_sidebar":"","ocean_second_sidebar":"","ocean_disable_margins":"enable","ocean_add_body_class":"","ocean_shortcode_before_top_bar":"","ocean_shortcode_after_top_bar":"","ocean_shortcode_before_header":"","ocean_shortcode_after_header":"","ocean_has_shortcode":"","ocean_shortcode_after_title":"","ocean_shortcode_before_footer_widgets":"","ocean_shortcode_after_footer_widgets":"","ocean_shortcode_before_footer_bottom":"","ocean_shortcode_after_footer_bottom":"","ocean_display_top_bar":"default","ocean_display_header":"default","ocean_header_style":"","ocean_center_header_left_menu":"","ocean_custom_header_template":"","ocean_custom_logo":0,"ocean_custom_retina_logo":0,"ocean_custom_logo_max_width":0,"ocean_custom_logo_tablet_max_width":0,"ocean_custom_logo_mobile_max_width":0,"ocean_custom_logo_max_height":0,"ocean_custom_logo_tablet_max_height":0,"ocean_custom_logo_mobile_max_height":0,"ocean_header_custom_menu":"","ocean_menu_typo_font_family":"","ocean_menu_typo_font_subset":"","ocean_menu_typo_font_size":0,"ocean_menu_typo_font_size_tablet":0,"ocean_menu_typo_font_size_mobile":0,"ocean_menu_typo_font_size_unit":"px","ocean_menu_typo_font_weight":"","ocean_menu_typo_font_weight_tablet":"","ocean_menu_typo_font_weight_mobile":"","ocean_menu_typo_transform":"","ocean_menu_typo_transform_tablet":"","ocean_menu_typo_transform_mobile":"","ocean_menu_typo_line_height":0,"ocean_menu_typo_line_height_tablet":0,"ocean_menu_typo_line_height_mobile":0,"ocean_menu_typo_line_height_unit":"","ocean_menu_typo_spacing":0,"ocean_menu_typo_spacing_tablet":0,"ocean_menu_typo_spacing_mobile":0,"ocean_menu_typo_spacing_unit":"","ocean_menu_link_color":"","ocean_menu_link_color_hover":"","ocean_menu_link_color_active":"","ocean_menu_link_background":"","ocean_menu_link_hover_background":"","ocean_menu_link_active_background":"","ocean_menu_social_links_bg":"","ocean_menu_social_hover_links_bg":"","ocean_menu_social_links_color":"","ocean_menu_social_hover_links_color":"","ocean_disable_title":"default","ocean_disable_heading":"default","ocean_post_title":"","ocean_post_subheading":"","ocean_post_title_style":"","ocean_post_title_background_color":"","ocean_post_title_background":0,"ocean_post_title_bg_image_position":"","ocean_post_title_bg_image_attachment":"","ocean_post_title_bg_image_repeat":"","ocean_post_title_bg_image_size":"","ocean_post_title_height":0,"ocean_post_title_bg_overlay":0.5,"ocean_post_title_bg_overlay_color":"","ocean_disable_breadcrumbs":"default","ocean_breadcrumbs_color":"","ocean_breadcrumbs_separator_color":"","ocean_breadcrumbs_links_color":"","ocean_breadcrumbs_links_hover_color":"","ocean_display_footer_widgets":"default","ocean_display_footer_bottom":"default","ocean_custom_footer_template":"","footnotes":""},"class_list":["post-126","page","type-page","status-publish","hentry","entry"],"yoast_head":"<!-- This site is optimized with the Yoast SEO plugin v26.9 - https:\/\/yoast.com\/product\/yoast-seo-wordpress\/ -->\n<title>MyoBank - Institut de Myologie<\/title>\n<meta name=\"robots\" content=\"index, follow, max-snippet:-1, max-image-preview:large, max-video-preview:-1\" \/>\n<link rel=\"canonical\" href=\"https:\/\/strateg-it.fr\/index.php\/myobank\/\" \/>\n<meta property=\"og:locale\" content=\"fr_FR\" \/>\n<meta property=\"og:type\" content=\"article\" \/>\n<meta property=\"og:title\" content=\"MyoBank - Institut de Myologie\" \/>\n<meta property=\"og:description\" content=\"Pour aider les chercheurs et faire progresser les connaissances, l\u2019AFM-T\u00e9l\u00e9thon a cr\u00e9\u00e9 une&nbsp;banque de tissus \u00e0 vis\u00e9e de recherche \u2013 Myobank-AFM de l\u2019Institut de Myologie. Ce centre de ressources biologiques&nbsp;(centre d\u2019expertise m\u00e9dico-scientifique consacr\u00e9 au muscle) est destin\u00e9 \u00e0 l\u2019usage exclusif de la recherche et ce, dans le respect des droits fondamentaux de la personne humaine. [&hellip;]\" \/>\n<meta property=\"og:url\" content=\"https:\/\/strateg-it.fr\/index.php\/myobank\/\" \/>\n<meta property=\"og:site_name\" content=\"Institut de Myologie\" \/>\n<meta name=\"twitter:card\" content=\"summary_large_image\" \/>\n<meta name=\"twitter:label1\" content=\"Dur\u00e9e de lecture estim\u00e9e\" \/>\n\t<meta name=\"twitter:data1\" content=\"2 minutes\" \/>\n<script type=\"application\/ld+json\" class=\"yoast-schema-graph\">{\"@context\":\"https:\/\/schema.org\",\"@graph\":[{\"@type\":\"WebPage\",\"@id\":\"https:\/\/strateg-it.fr\/index.php\/myobank\/\",\"url\":\"https:\/\/strateg-it.fr\/index.php\/myobank\/\",\"name\":\"MyoBank - Institut de Myologie\",\"isPartOf\":{\"@id\":\"https:\/\/strateg-it.fr\/#website\"},\"datePublished\":\"2025-03-05T09:29:02+00:00\",\"breadcrumb\":{\"@id\":\"https:\/\/strateg-it.fr\/index.php\/myobank\/#breadcrumb\"},\"inLanguage\":\"fr-FR\",\"potentialAction\":[{\"@type\":\"ReadAction\",\"target\":[\"https:\/\/strateg-it.fr\/index.php\/myobank\/\"]}]},{\"@type\":\"BreadcrumbList\",\"@id\":\"https:\/\/strateg-it.fr\/index.php\/myobank\/#breadcrumb\",\"itemListElement\":[{\"@type\":\"ListItem\",\"position\":1,\"name\":\"Accueil\",\"item\":\"https:\/\/strateg-it.fr\/\"},{\"@type\":\"ListItem\",\"position\":2,\"name\":\"MyoBank\"}]},{\"@type\":\"WebSite\",\"@id\":\"https:\/\/strateg-it.fr\/#website\",\"url\":\"https:\/\/strateg-it.fr\/\",\"name\":\"Institut de Myologie\",\"description\":\"\",\"publisher\":{\"@id\":\"https:\/\/strateg-it.fr\/#organization\"},\"potentialAction\":[{\"@type\":\"SearchAction\",\"target\":{\"@type\":\"EntryPoint\",\"urlTemplate\":\"https:\/\/strateg-it.fr\/?s={search_term_string}\"},\"query-input\":{\"@type\":\"PropertyValueSpecification\",\"valueRequired\":true,\"valueName\":\"search_term_string\"}}],\"inLanguage\":\"fr-FR\"},{\"@type\":\"Organization\",\"@id\":\"https:\/\/strateg-it.fr\/#organization\",\"name\":\"Institut de Myologie\",\"url\":\"https:\/\/strateg-it.fr\/\",\"logo\":{\"@type\":\"ImageObject\",\"inLanguage\":\"fr-FR\",\"@id\":\"https:\/\/strateg-it.fr\/#\/schema\/logo\/image\/\",\"url\":\"https:\/\/strateg-it.fr\/wp-content\/uploads\/2025\/03\/cropped-cropped-logoAIM-3.png\",\"contentUrl\":\"https:\/\/strateg-it.fr\/wp-content\/uploads\/2025\/03\/cropped-cropped-logoAIM-3.png\",\"width\":164,\"height\":45,\"caption\":\"Institut de Myologie\"},\"image\":{\"@id\":\"https:\/\/strateg-it.fr\/#\/schema\/logo\/image\/\"}}]}<\/script>\n<!-- \/ Yoast SEO plugin. -->","yoast_head_json":{"title":"MyoBank - Institut de Myologie","robots":{"index":"index","follow":"follow","max-snippet":"max-snippet:-1","max-image-preview":"max-image-preview:large","max-video-preview":"max-video-preview:-1"},"canonical":"https:\/\/strateg-it.fr\/index.php\/myobank\/","og_locale":"fr_FR","og_type":"article","og_title":"MyoBank - Institut de Myologie","og_description":"Pour aider les chercheurs et faire progresser les connaissances, l\u2019AFM-T\u00e9l\u00e9thon a cr\u00e9\u00e9 une&nbsp;banque de tissus \u00e0 vis\u00e9e de recherche \u2013 Myobank-AFM de l\u2019Institut de Myologie. Ce centre de ressources biologiques&nbsp;(centre d\u2019expertise m\u00e9dico-scientifique consacr\u00e9 au muscle) est destin\u00e9 \u00e0 l\u2019usage exclusif de la recherche et ce, dans le respect des droits fondamentaux de la personne humaine. [&hellip;]","og_url":"https:\/\/strateg-it.fr\/index.php\/myobank\/","og_site_name":"Institut de Myologie","twitter_card":"summary_large_image","twitter_misc":{"Dur\u00e9e de lecture estim\u00e9e":"2 minutes"},"schema":{"@context":"https:\/\/schema.org","@graph":[{"@type":"WebPage","@id":"https:\/\/strateg-it.fr\/index.php\/myobank\/","url":"https:\/\/strateg-it.fr\/index.php\/myobank\/","name":"MyoBank - Institut de Myologie","isPartOf":{"@id":"https:\/\/strateg-it.fr\/#website"},"datePublished":"2025-03-05T09:29:02+00:00","breadcrumb":{"@id":"https:\/\/strateg-it.fr\/index.php\/myobank\/#breadcrumb"},"inLanguage":"fr-FR","potentialAction":[{"@type":"ReadAction","target":["https:\/\/strateg-it.fr\/index.php\/myobank\/"]}]},{"@type":"BreadcrumbList","@id":"https:\/\/strateg-it.fr\/index.php\/myobank\/#breadcrumb","itemListElement":[{"@type":"ListItem","position":1,"name":"Accueil","item":"https:\/\/strateg-it.fr\/"},{"@type":"ListItem","position":2,"name":"MyoBank"}]},{"@type":"WebSite","@id":"https:\/\/strateg-it.fr\/#website","url":"https:\/\/strateg-it.fr\/","name":"Institut de Myologie","description":"","publisher":{"@id":"https:\/\/strateg-it.fr\/#organization"},"potentialAction":[{"@type":"SearchAction","target":{"@type":"EntryPoint","urlTemplate":"https:\/\/strateg-it.fr\/?s={search_term_string}"},"query-input":{"@type":"PropertyValueSpecification","valueRequired":true,"valueName":"search_term_string"}}],"inLanguage":"fr-FR"},{"@type":"Organization","@id":"https:\/\/strateg-it.fr\/#organization","name":"Institut de Myologie","url":"https:\/\/strateg-it.fr\/","logo":{"@type":"ImageObject","inLanguage":"fr-FR","@id":"https:\/\/strateg-it.fr\/#\/schema\/logo\/image\/","url":"https:\/\/strateg-it.fr\/wp-content\/uploads\/2025\/03\/cropped-cropped-logoAIM-3.png","contentUrl":"https:\/\/strateg-it.fr\/wp-content\/uploads\/2025\/03\/cropped-cropped-logoAIM-3.png","width":164,"height":45,"caption":"Institut de Myologie"},"image":{"@id":"https:\/\/strateg-it.fr\/#\/schema\/logo\/image\/"}}]}},"_links":{"self":[{"href":"https:\/\/strateg-it.fr\/index.php\/wp-json\/wp\/v2\/pages\/126","targetHints":{"allow":["GET"]}}],"collection":[{"href":"https:\/\/strateg-it.fr\/index.php\/wp-json\/wp\/v2\/pages"}],"about":[{"href":"https:\/\/strateg-it.fr\/index.php\/wp-json\/wp\/v2\/types\/page"}],"author":[{"embeddable":true,"href":"https:\/\/strateg-it.fr\/index.php\/wp-json\/wp\/v2\/users\/1"}],"replies":[{"embeddable":true,"href":"https:\/\/strateg-it.fr\/index.php\/wp-json\/wp\/v2\/comments?post=126"}],"version-history":[{"count":1,"href":"https:\/\/strateg-it.fr\/index.php\/wp-json\/wp\/v2\/pages\/126\/revisions"}],"predecessor-version":[{"id":130,"href":"https:\/\/strateg-it.fr\/index.php\/wp-json\/wp\/v2\/pages\/126\/revisions\/130"}],"wp:attachment":[{"href":"https:\/\/strateg-it.fr\/index.php\/wp-json\/wp\/v2\/media?parent=126"}],"curies":[{"name":"wp","href":"https:\/\/api.w.org\/{rel}","templated":true}]}}