{"id":11,"date":"2025-03-05T08:57:14","date_gmt":"2025-03-05T07:57:14","guid":{"rendered":"https:\/\/strateg-it.fr\/?page_id=11"},"modified":"2025-03-05T08:57:14","modified_gmt":"2025-03-05T07:57:14","slug":"linstitut","status":"publish","type":"page","link":"https:\/\/strateg-it.fr\/index.php\/linstitut\/","title":{"rendered":"L&rsquo;institut"},"content":{"rendered":"<div class=\"wp-block-image\">\n<figure class=\"aligncenter size-full\"><img loading=\"lazy\" decoding=\"async\" width=\"670\" height=\"200\" src=\"https:\/\/strateg-it.fr\/wp-content\/uploads\/2025\/03\/Qui-sommes-nous-2021-670x200-1.jpg\" alt=\"\" class=\"wp-image-12\" srcset=\"https:\/\/strateg-it.fr\/wp-content\/uploads\/2025\/03\/Qui-sommes-nous-2021-670x200-1.jpg 670w, https:\/\/strateg-it.fr\/wp-content\/uploads\/2025\/03\/Qui-sommes-nous-2021-670x200-1-300x90.jpg 300w\" sizes=\"auto, (max-width: 670px) 100vw, 670px\" \/><\/figure>\n<\/div>\n\n\n<h1 class=\"wp-block-heading\">Qui sommes-nous ?<\/h1>\n\n\n\n<p><strong>Situ\u00e9 \u00e0 Paris au c\u0153ur du plus grand centre hospitalier europ\u00e9en, la Piti\u00e9-Salp\u00eatri\u00e8re, l\u2019Institut de Myologie est n\u00e9 en 1996 sous l\u2019impulsion d\u2019une association de malades et parents de malades, l\u2019AFM-T\u00e9l\u00e9thon.<\/strong><\/p>\n\n\n\n<p>Son objectif : favoriser l\u2019existence, la reconnaissance et l\u2019essor de la myologie, en tant que discipline \u00e0 part enti\u00e8re. Qu\u2019il soit malade, sain, accident\u00e9, sportif, vieillissant \u2026 le muscle, dont d\u00e9pend notre activit\u00e9 et nos fonctions vitales, est devenu un v\u00e9ritable mod\u00e8le d\u2019innovation pour la recherche scientifique et m\u00e9dicale.<\/p>\n\n\n\n<p>L\u2019Institut de Myologie coordonne, autour du malade, la prise en charge m\u00e9dicale, la recherche fondamentale, la recherche appliqu\u00e9e, la recherche clinique et l\u2019enseignement. C\u2019est un centre de r\u00e9f\u00e9rence international qui participe \u00e0 de nombreux essais et \u00e9tudes cliniques concernant principalement les maladies neuromusculaires mais \u00e9galement les l\u00e9sions musculaires li\u00e9es au sport de haut niveau ou au vieillissement.<\/p>\n\n\n\n<p>En 2005, l\u2019Association Institut de Myologie, r\u00e9gie par la loi du 1er juillet 1901 dont les membres fondateurs sont l\u2019AFM-T\u00e9l\u00e9thon et G\u00e9n\u00e9thon a \u00e9t\u00e9 cr\u00e9\u00e9e. Elle a pour mission de faciliter la coordination des activit\u00e9s du site, en partenariat avec cinq partenaires publiques : AP-HP, CEA, Inserm, Sorbonne Universit\u00e9 (ex-Universit\u00e9 Pierre et Marie Curie), CNRS.<\/p>\n\n\n\n<p><a href=\"https:\/\/www.institut-myologie.org\/qui-sommes-nous\/pole-dactivites-et-chiffres-cles\/\">Aujourd\u2019hui, l\u2019Institut de Myologie, c\u2019est plus de 300 experts du muscle et de ses maladies, 36 000 dossiers de patients depuis l\u2019origine, plus de 4.500 consultations annuelles, un centre de recherche en myologie\u2026&nbsp;<\/a><\/p>\n","protected":false},"excerpt":{"rendered":"<p>Qui sommes-nous ? Situ\u00e9 \u00e0 Paris au c\u0153ur du plus grand centre hospitalier europ\u00e9en, la Piti\u00e9-Salp\u00eatri\u00e8re, l\u2019Institut de Myologie est n\u00e9 en 1996 sous l\u2019impulsion d\u2019une association de malades et parents de malades, l\u2019AFM-T\u00e9l\u00e9thon. Son objectif : favoriser l\u2019existence, la reconnaissance et l\u2019essor de la myologie, en tant que discipline \u00e0 part enti\u00e8re. Qu\u2019il soit [&hellip;]<\/p>\n","protected":false},"author":1,"featured_media":0,"parent":0,"menu_order":0,"comment_status":"closed","ping_status":"closed","template":"","meta":{"ocean_post_layout":"","ocean_both_sidebars_style":"","ocean_both_sidebars_content_width":0,"ocean_both_sidebars_sidebars_width":0,"ocean_sidebar":"","ocean_second_sidebar":"","ocean_disable_margins":"enable","ocean_add_body_class":"","ocean_shortcode_before_top_bar":"","ocean_shortcode_after_top_bar":"","ocean_shortcode_before_header":"","ocean_shortcode_after_header":"","ocean_has_shortcode":"","ocean_shortcode_after_title":"","ocean_shortcode_before_footer_widgets":"","ocean_shortcode_after_footer_widgets":"","ocean_shortcode_before_footer_bottom":"","ocean_shortcode_after_footer_bottom":"","ocean_display_top_bar":"default","ocean_display_header":"default","ocean_header_style":"","ocean_center_header_left_menu":"","ocean_custom_header_template":"","ocean_custom_logo":0,"ocean_custom_retina_logo":0,"ocean_custom_logo_max_width":0,"ocean_custom_logo_tablet_max_width":0,"ocean_custom_logo_mobile_max_width":0,"ocean_custom_logo_max_height":0,"ocean_custom_logo_tablet_max_height":0,"ocean_custom_logo_mobile_max_height":0,"ocean_header_custom_menu":"","ocean_menu_typo_font_family":"","ocean_menu_typo_font_subset":"","ocean_menu_typo_font_size":0,"ocean_menu_typo_font_size_tablet":0,"ocean_menu_typo_font_size_mobile":0,"ocean_menu_typo_font_size_unit":"px","ocean_menu_typo_font_weight":"","ocean_menu_typo_font_weight_tablet":"","ocean_menu_typo_font_weight_mobile":"","ocean_menu_typo_transform":"","ocean_menu_typo_transform_tablet":"","ocean_menu_typo_transform_mobile":"","ocean_menu_typo_line_height":0,"ocean_menu_typo_line_height_tablet":0,"ocean_menu_typo_line_height_mobile":0,"ocean_menu_typo_line_height_unit":"","ocean_menu_typo_spacing":0,"ocean_menu_typo_spacing_tablet":0,"ocean_menu_typo_spacing_mobile":0,"ocean_menu_typo_spacing_unit":"","ocean_menu_link_color":"","ocean_menu_link_color_hover":"","ocean_menu_link_color_active":"","ocean_menu_link_background":"","ocean_menu_link_hover_background":"","ocean_menu_link_active_background":"","ocean_menu_social_links_bg":"","ocean_menu_social_hover_links_bg":"","ocean_menu_social_links_color":"","ocean_menu_social_hover_links_color":"","ocean_disable_title":"default","ocean_disable_heading":"default","ocean_post_title":"","ocean_post_subheading":"","ocean_post_title_style":"","ocean_post_title_background_color":"","ocean_post_title_background":0,"ocean_post_title_bg_image_position":"","ocean_post_title_bg_image_attachment":"","ocean_post_title_bg_image_repeat":"","ocean_post_title_bg_image_size":"","ocean_post_title_height":0,"ocean_post_title_bg_overlay":0.5,"ocean_post_title_bg_overlay_color":"","ocean_disable_breadcrumbs":"default","ocean_breadcrumbs_color":"","ocean_breadcrumbs_separator_color":"","ocean_breadcrumbs_links_color":"","ocean_breadcrumbs_links_hover_color":"","ocean_display_footer_widgets":"default","ocean_display_footer_bottom":"default","ocean_custom_footer_template":"","footnotes":""},"class_list":["post-11","page","type-page","status-publish","hentry","entry"],"yoast_head":"<!-- This site is optimized with the Yoast SEO plugin v26.9 - https:\/\/yoast.com\/product\/yoast-seo-wordpress\/ -->\n<title>L&#039;institut - Institut de Myologie<\/title>\n<meta name=\"robots\" content=\"index, follow, max-snippet:-1, max-image-preview:large, max-video-preview:-1\" \/>\n<link rel=\"canonical\" href=\"https:\/\/strateg-it.fr\/index.php\/linstitut\/\" \/>\n<meta property=\"og:locale\" content=\"fr_FR\" \/>\n<meta property=\"og:type\" content=\"article\" \/>\n<meta property=\"og:title\" content=\"L&#039;institut - Institut de Myologie\" \/>\n<meta property=\"og:description\" content=\"Qui sommes-nous ? Situ\u00e9 \u00e0 Paris au c\u0153ur du plus grand centre hospitalier europ\u00e9en, la Piti\u00e9-Salp\u00eatri\u00e8re, l\u2019Institut de Myologie est n\u00e9 en 1996 sous l\u2019impulsion d\u2019une association de malades et parents de malades, l\u2019AFM-T\u00e9l\u00e9thon. Son objectif : favoriser l\u2019existence, la reconnaissance et l\u2019essor de la myologie, en tant que discipline \u00e0 part enti\u00e8re. Qu\u2019il soit [&hellip;]\" \/>\n<meta property=\"og:url\" content=\"https:\/\/strateg-it.fr\/index.php\/linstitut\/\" \/>\n<meta property=\"og:site_name\" content=\"Institut de Myologie\" \/>\n<meta property=\"og:image\" content=\"https:\/\/strateg-it.fr\/wp-content\/uploads\/2025\/03\/Qui-sommes-nous-2021-670x200-1.jpg\" \/>\n<meta name=\"twitter:card\" content=\"summary_large_image\" \/>\n<meta name=\"twitter:label1\" content=\"Dur\u00e9e de lecture estim\u00e9e\" \/>\n\t<meta name=\"twitter:data1\" content=\"1 minute\" \/>\n<script type=\"application\/ld+json\" class=\"yoast-schema-graph\">{\"@context\":\"https:\/\/schema.org\",\"@graph\":[{\"@type\":\"WebPage\",\"@id\":\"https:\/\/strateg-it.fr\/index.php\/linstitut\/\",\"url\":\"https:\/\/strateg-it.fr\/index.php\/linstitut\/\",\"name\":\"L'institut - Institut de Myologie\",\"isPartOf\":{\"@id\":\"https:\/\/strateg-it.fr\/#website\"},\"primaryImageOfPage\":{\"@id\":\"https:\/\/strateg-it.fr\/index.php\/linstitut\/#primaryimage\"},\"image\":{\"@id\":\"https:\/\/strateg-it.fr\/index.php\/linstitut\/#primaryimage\"},\"thumbnailUrl\":\"https:\/\/strateg-it.fr\/wp-content\/uploads\/2025\/03\/Qui-sommes-nous-2021-670x200-1.jpg\",\"datePublished\":\"2025-03-05T07:57:14+00:00\",\"breadcrumb\":{\"@id\":\"https:\/\/strateg-it.fr\/index.php\/linstitut\/#breadcrumb\"},\"inLanguage\":\"fr-FR\",\"potentialAction\":[{\"@type\":\"ReadAction\",\"target\":[\"https:\/\/strateg-it.fr\/index.php\/linstitut\/\"]}]},{\"@type\":\"ImageObject\",\"inLanguage\":\"fr-FR\",\"@id\":\"https:\/\/strateg-it.fr\/index.php\/linstitut\/#primaryimage\",\"url\":\"https:\/\/strateg-it.fr\/wp-content\/uploads\/2025\/03\/Qui-sommes-nous-2021-670x200-1.jpg\",\"contentUrl\":\"https:\/\/strateg-it.fr\/wp-content\/uploads\/2025\/03\/Qui-sommes-nous-2021-670x200-1.jpg\",\"width\":670,\"height\":200},{\"@type\":\"BreadcrumbList\",\"@id\":\"https:\/\/strateg-it.fr\/index.php\/linstitut\/#breadcrumb\",\"itemListElement\":[{\"@type\":\"ListItem\",\"position\":1,\"name\":\"Accueil\",\"item\":\"https:\/\/strateg-it.fr\/\"},{\"@type\":\"ListItem\",\"position\":2,\"name\":\"L&rsquo;institut\"}]},{\"@type\":\"WebSite\",\"@id\":\"https:\/\/strateg-it.fr\/#website\",\"url\":\"https:\/\/strateg-it.fr\/\",\"name\":\"Institut de Myologie\",\"description\":\"\",\"publisher\":{\"@id\":\"https:\/\/strateg-it.fr\/#organization\"},\"potentialAction\":[{\"@type\":\"SearchAction\",\"target\":{\"@type\":\"EntryPoint\",\"urlTemplate\":\"https:\/\/strateg-it.fr\/?s={search_term_string}\"},\"query-input\":{\"@type\":\"PropertyValueSpecification\",\"valueRequired\":true,\"valueName\":\"search_term_string\"}}],\"inLanguage\":\"fr-FR\"},{\"@type\":\"Organization\",\"@id\":\"https:\/\/strateg-it.fr\/#organization\",\"name\":\"Institut de Myologie\",\"url\":\"https:\/\/strateg-it.fr\/\",\"logo\":{\"@type\":\"ImageObject\",\"inLanguage\":\"fr-FR\",\"@id\":\"https:\/\/strateg-it.fr\/#\/schema\/logo\/image\/\",\"url\":\"https:\/\/strateg-it.fr\/wp-content\/uploads\/2025\/03\/cropped-cropped-logoAIM-3.png\",\"contentUrl\":\"https:\/\/strateg-it.fr\/wp-content\/uploads\/2025\/03\/cropped-cropped-logoAIM-3.png\",\"width\":164,\"height\":45,\"caption\":\"Institut de Myologie\"},\"image\":{\"@id\":\"https:\/\/strateg-it.fr\/#\/schema\/logo\/image\/\"}}]}<\/script>\n<!-- \/ Yoast SEO plugin. -->","yoast_head_json":{"title":"L'institut - Institut de Myologie","robots":{"index":"index","follow":"follow","max-snippet":"max-snippet:-1","max-image-preview":"max-image-preview:large","max-video-preview":"max-video-preview:-1"},"canonical":"https:\/\/strateg-it.fr\/index.php\/linstitut\/","og_locale":"fr_FR","og_type":"article","og_title":"L'institut - Institut de Myologie","og_description":"Qui sommes-nous ? Situ\u00e9 \u00e0 Paris au c\u0153ur du plus grand centre hospitalier europ\u00e9en, la Piti\u00e9-Salp\u00eatri\u00e8re, l\u2019Institut de Myologie est n\u00e9 en 1996 sous l\u2019impulsion d\u2019une association de malades et parents de malades, l\u2019AFM-T\u00e9l\u00e9thon. Son objectif : favoriser l\u2019existence, la reconnaissance et l\u2019essor de la myologie, en tant que discipline \u00e0 part enti\u00e8re. Qu\u2019il soit [&hellip;]","og_url":"https:\/\/strateg-it.fr\/index.php\/linstitut\/","og_site_name":"Institut de Myologie","og_image":[{"url":"https:\/\/strateg-it.fr\/wp-content\/uploads\/2025\/03\/Qui-sommes-nous-2021-670x200-1.jpg","type":"","width":"","height":""}],"twitter_card":"summary_large_image","twitter_misc":{"Dur\u00e9e de lecture estim\u00e9e":"1 minute"},"schema":{"@context":"https:\/\/schema.org","@graph":[{"@type":"WebPage","@id":"https:\/\/strateg-it.fr\/index.php\/linstitut\/","url":"https:\/\/strateg-it.fr\/index.php\/linstitut\/","name":"L'institut - Institut de Myologie","isPartOf":{"@id":"https:\/\/strateg-it.fr\/#website"},"primaryImageOfPage":{"@id":"https:\/\/strateg-it.fr\/index.php\/linstitut\/#primaryimage"},"image":{"@id":"https:\/\/strateg-it.fr\/index.php\/linstitut\/#primaryimage"},"thumbnailUrl":"https:\/\/strateg-it.fr\/wp-content\/uploads\/2025\/03\/Qui-sommes-nous-2021-670x200-1.jpg","datePublished":"2025-03-05T07:57:14+00:00","breadcrumb":{"@id":"https:\/\/strateg-it.fr\/index.php\/linstitut\/#breadcrumb"},"inLanguage":"fr-FR","potentialAction":[{"@type":"ReadAction","target":["https:\/\/strateg-it.fr\/index.php\/linstitut\/"]}]},{"@type":"ImageObject","inLanguage":"fr-FR","@id":"https:\/\/strateg-it.fr\/index.php\/linstitut\/#primaryimage","url":"https:\/\/strateg-it.fr\/wp-content\/uploads\/2025\/03\/Qui-sommes-nous-2021-670x200-1.jpg","contentUrl":"https:\/\/strateg-it.fr\/wp-content\/uploads\/2025\/03\/Qui-sommes-nous-2021-670x200-1.jpg","width":670,"height":200},{"@type":"BreadcrumbList","@id":"https:\/\/strateg-it.fr\/index.php\/linstitut\/#breadcrumb","itemListElement":[{"@type":"ListItem","position":1,"name":"Accueil","item":"https:\/\/strateg-it.fr\/"},{"@type":"ListItem","position":2,"name":"L&rsquo;institut"}]},{"@type":"WebSite","@id":"https:\/\/strateg-it.fr\/#website","url":"https:\/\/strateg-it.fr\/","name":"Institut de Myologie","description":"","publisher":{"@id":"https:\/\/strateg-it.fr\/#organization"},"potentialAction":[{"@type":"SearchAction","target":{"@type":"EntryPoint","urlTemplate":"https:\/\/strateg-it.fr\/?s={search_term_string}"},"query-input":{"@type":"PropertyValueSpecification","valueRequired":true,"valueName":"search_term_string"}}],"inLanguage":"fr-FR"},{"@type":"Organization","@id":"https:\/\/strateg-it.fr\/#organization","name":"Institut de Myologie","url":"https:\/\/strateg-it.fr\/","logo":{"@type":"ImageObject","inLanguage":"fr-FR","@id":"https:\/\/strateg-it.fr\/#\/schema\/logo\/image\/","url":"https:\/\/strateg-it.fr\/wp-content\/uploads\/2025\/03\/cropped-cropped-logoAIM-3.png","contentUrl":"https:\/\/strateg-it.fr\/wp-content\/uploads\/2025\/03\/cropped-cropped-logoAIM-3.png","width":164,"height":45,"caption":"Institut de Myologie"},"image":{"@id":"https:\/\/strateg-it.fr\/#\/schema\/logo\/image\/"}}]}},"_links":{"self":[{"href":"https:\/\/strateg-it.fr\/index.php\/wp-json\/wp\/v2\/pages\/11","targetHints":{"allow":["GET"]}}],"collection":[{"href":"https:\/\/strateg-it.fr\/index.php\/wp-json\/wp\/v2\/pages"}],"about":[{"href":"https:\/\/strateg-it.fr\/index.php\/wp-json\/wp\/v2\/types\/page"}],"author":[{"embeddable":true,"href":"https:\/\/strateg-it.fr\/index.php\/wp-json\/wp\/v2\/users\/1"}],"replies":[{"embeddable":true,"href":"https:\/\/strateg-it.fr\/index.php\/wp-json\/wp\/v2\/comments?post=11"}],"version-history":[{"count":1,"href":"https:\/\/strateg-it.fr\/index.php\/wp-json\/wp\/v2\/pages\/11\/revisions"}],"predecessor-version":[{"id":13,"href":"https:\/\/strateg-it.fr\/index.php\/wp-json\/wp\/v2\/pages\/11\/revisions\/13"}],"wp:attachment":[{"href":"https:\/\/strateg-it.fr\/index.php\/wp-json\/wp\/v2\/media?parent=11"}],"curies":[{"name":"wp","href":"https:\/\/api.w.org\/{rel}","templated":true}]}}